{"id":6710,"date":"2024-06-17T14:51:34","date_gmt":"2024-06-17T17:51:34","guid":{"rendered":"https:\/\/jundiai.sp.gov.br\/financas\/?page_id=6710"},"modified":"2024-06-17T14:51:34","modified_gmt":"2024-06-17T17:51:34","slug":"taxas","status":"publish","type":"page","link":"https:\/\/jundiai.sp.gov.br\/financas\/taxas\/","title":{"rendered":"TAXAS"},"content":{"rendered":"\n<p>As taxas ser\u00e3o cobradas de acordo com a Legisla\u00e7\u00e3o Municipal: <\/p>\n\n\n\n<p><a href=\"https:\/\/jundiai.sp.gov.br\/financas\/wp-content\/uploads\/sites\/12\/2020\/01\/anexo-iii-1.pdf\" target=\"_blank\" rel=\"noreferrer noopener\"><strong>Anexo III \u2013 Taxa de Fiscaliza\u00e7\u00e3o da Licen\u00e7a para o Exerc\u00edcio de Atividade do Com\u00e9rcio Ambulante e Eventual;<\/strong><\/a><\/p>\n","protected":false},"excerpt":{"rendered":"<p>As taxas ser\u00e3o cobradas de acordo com a Legisla\u00e7\u00e3o Municipal: Anexo III \u2013 Taxa de Fiscaliza\u00e7\u00e3o da Licen\u00e7a para o Exerc\u00edcio de Atividade do Com\u00e9rcio Ambulante e Eventual;<\/p>\n","protected":false},"author":69,"featured_media":0,"parent":0,"menu_order":0,"comment_status":"closed","ping_status":"closed","template":"","meta":{"footnotes":""},"class_list":["post-6710","page","type-page","status-publish","hentry"],"_links":{"self":[{"href":"https:\/\/jundiai.sp.gov.br\/financas\/wp-json\/wp\/v2\/pages\/6710","targetHints":{"allow":["GET"]}}],"collection":[{"href":"https:\/\/jundiai.sp.gov.br\/financas\/wp-json\/wp\/v2\/pages"}],"about":[{"href":"https:\/\/jundiai.sp.gov.br\/financas\/wp-json\/wp\/v2\/types\/page"}],"author":[{"embeddable":true,"href":"https:\/\/jundiai.sp.gov.br\/financas\/wp-json\/wp\/v2\/users\/69"}],"replies":[{"embeddable":true,"href":"https:\/\/jundiai.sp.gov.br\/financas\/wp-json\/wp\/v2\/comments?post=6710"}],"version-history":[{"count":1,"href":"https:\/\/jundiai.sp.gov.br\/financas\/wp-json\/wp\/v2\/pages\/6710\/revisions"}],"predecessor-version":[{"id":6711,"href":"https:\/\/jundiai.sp.gov.br\/financas\/wp-json\/wp\/v2\/pages\/6710\/revisions\/6711"}],"wp:attachment":[{"href":"https:\/\/jundiai.sp.gov.br\/financas\/wp-json\/wp\/v2\/media?parent=6710"}],"curies":[{"name":"wp","href":"https:\/\/api.w.org\/{rel}","templated":true}]}}