{"id":6714,"date":"2024-06-17T14:54:07","date_gmt":"2024-06-17T17:54:07","guid":{"rendered":"https:\/\/jundiai.sp.gov.br\/financas\/?page_id=6714"},"modified":"2024-06-26T17:12:31","modified_gmt":"2024-06-26T20:12:31","slug":"legislacao-3","status":"publish","type":"page","link":"https:\/\/jundiai.sp.gov.br\/financas\/legislacao-3\/","title":{"rendered":"LEGISLA\u00c7\u00c3O"},"content":{"rendered":"\n<p><a href=\"https:\/\/jundiai.sp.gov.br\/financas\/wp-content\/uploads\/sites\/12\/2014\/09\/Instru%C3%A7%C3%A3o-Normativa-n%C2%BA-02.2014.pdf\" target=\"_blank\" rel=\"noreferrer noopener\"><strong>Instru\u00e7\u00e3o Normativa n\u00ba 02\/2014<\/strong><\/a>&nbsp;\u2013 Disciplina os procedimentos e os documentos necess\u00e1rios \u00e0 an\u00e1lise de pedido de autoriza\u00e7\u00e3o para realiza\u00e7\u00e3o de eventos em \u00e1reas particulares.<\/p>\n\n\n\n<p><a href=\"https:\/\/jundiai.sp.gov.br\/financas\/wp-content\/uploads\/sites\/12\/2024\/04\/lei_complementar-460-2008_consolidacao.pdf\" target=\"_blank\" rel=\"noreferrer noopener\"><strong>Lei Complementar n\u00ba 460\/2008<\/strong><\/a>&nbsp;\u2013 Instituiu o novo C\u00f3digo Tribut\u00e1rio do Munic\u00edpio de Jundia\u00ed e d\u00e1 outras provid\u00eancias \u2013 atualizado at\u00e9 a Lei&nbsp;Complementar n\u00b0 628, de 7 de dezembro de 2023.&nbsp;<strong>Artigos 219 a 223.<\/strong><\/p>\n\n\n\n<p><a href=\"https:\/\/jundiai.sp.gov.br\/financas\/wp-content\/uploads\/sites\/12\/2018\/02\/decreto-27-251-2017.pdf\" target=\"_blank\" rel=\"noreferrer noopener\"><strong>Decreto n\u00ba 27.251, de 28 de Dezembro de 2017<\/strong><\/a>&nbsp; &#8211; Artigo 36 ao 40.<\/p>\n\n\n\n<p><a href=\"https:\/\/jundiai.sp.gov.br\/financas\/wp-content\/uploads\/sites\/12\/2020\/01\/anexo-iii-1.pdf\" target=\"_blank\" rel=\"noreferrer noopener\"><strong>Anexo III \u2013 Taxa de Fiscaliza\u00e7\u00e3o da Licen\u00e7a para o Exerc\u00edcio de Atividade do Com\u00e9rcio Ambulante e Eventual;<\/strong><\/a><\/p>\n\n\n\n<p><strong><a href=\"https:\/\/jundiai.sp.gov.br\/financas\/wp-content\/uploads\/sites\/12\/2024\/06\/lei-8521-2015_evento-particular-1-1.pdf\">Lei n\u00ba 8.521, de 04 de Novembro de 2015<\/a> <\/strong>&#8211; Regula a realiza\u00e7\u00e3o de feiras e eventos comerciais tempor\u00e1rios (\u00e1rea particular)<\/p>\n\n\n\n<p><a href=\"https:\/\/jundiai.sp.gov.br\/financas\/wp-content\/uploads\/sites\/12\/2024\/06\/decreto-26-437-de-16-de-maio-de-2016-1-1.pdf\"><strong>Decreto n\u00ba 26.437, de 16 de maio de 2016<\/strong><\/a> &#8211; Estabelece o procedimento para obten\u00e7\u00e3o de autoriza\u00e7\u00e3o de uso para a realiza\u00e7\u00e3o de eventos e atividades, de car\u00e1ter provis\u00f3rio, em locais p\u00fablicos no Munic\u00edpio de Jundia\u00ed, e d\u00e1 outras provid\u00eancias <\/p>\n","protected":false},"excerpt":{"rendered":"<p>Instru\u00e7\u00e3o Normativa n\u00ba 02\/2014&nbsp;\u2013 Disciplina os procedimentos e os documentos necess\u00e1rios \u00e0 an\u00e1lise de pedido de autoriza\u00e7\u00e3o para realiza\u00e7\u00e3o de eventos em \u00e1reas particulares. Lei Complementar n\u00ba 460\/2008&nbsp;\u2013 Instituiu o novo C\u00f3digo Tribut\u00e1rio do Munic\u00edpio de Jundia\u00ed e d\u00e1 outras provid\u00eancias \u2013 atualizado at\u00e9 a Lei&nbsp;Complementar n\u00b0 628, de 7 de dezembro de 2023.&nbsp;Artigos 219 [&hellip;]<\/p>\n","protected":false},"author":69,"featured_media":0,"parent":0,"menu_order":0,"comment_status":"closed","ping_status":"closed","template":"","meta":{"footnotes":""},"class_list":["post-6714","page","type-page","status-publish","hentry"],"_links":{"self":[{"href":"https:\/\/jundiai.sp.gov.br\/financas\/wp-json\/wp\/v2\/pages\/6714","targetHints":{"allow":["GET"]}}],"collection":[{"href":"https:\/\/jundiai.sp.gov.br\/financas\/wp-json\/wp\/v2\/pages"}],"about":[{"href":"https:\/\/jundiai.sp.gov.br\/financas\/wp-json\/wp\/v2\/types\/page"}],"author":[{"embeddable":true,"href":"https:\/\/jundiai.sp.gov.br\/financas\/wp-json\/wp\/v2\/users\/69"}],"replies":[{"embeddable":true,"href":"https:\/\/jundiai.sp.gov.br\/financas\/wp-json\/wp\/v2\/comments?post=6714"}],"version-history":[{"count":8,"href":"https:\/\/jundiai.sp.gov.br\/financas\/wp-json\/wp\/v2\/pages\/6714\/revisions"}],"predecessor-version":[{"id":6760,"href":"https:\/\/jundiai.sp.gov.br\/financas\/wp-json\/wp\/v2\/pages\/6714\/revisions\/6760"}],"wp:attachment":[{"href":"https:\/\/jundiai.sp.gov.br\/financas\/wp-json\/wp\/v2\/media?parent=6714"}],"curies":[{"name":"wp","href":"https:\/\/api.w.org\/{rel}","templated":true}]}}