{"id":6729,"date":"2024-06-26T12:06:06","date_gmt":"2024-06-26T15:06:06","guid":{"rendered":"https:\/\/jundiai.sp.gov.br\/financas\/?page_id=6729"},"modified":"2024-06-28T14:03:30","modified_gmt":"2024-06-28T17:03:30","slug":"taxa-de-publicidade","status":"publish","type":"page","link":"https:\/\/jundiai.sp.gov.br\/financas\/taxa-de-publicidade\/","title":{"rendered":"Taxa de Publicidade"},"content":{"rendered":"\n<p>Taxa de Fiscaliza\u00e7\u00e3o da Licen\u00e7a de Publicidade<br>(Reda\u00e7\u00e3o dada pela <a href=\"https:\/\/sapl.jundiai.sp.leg.br\/sapl_documentos\/norma_juridica\/17606_texto_integral.pdf\">Lei Complementar N\u00ba 587<\/a>, de 21 de dezembro de 2018) &#8211; <a href=\"https:\/\/jundiai.sp.gov.br\/financas\/wp-content\/uploads\/sites\/12\/2024\/06\/anexo-vi_lei_complementar-460-2008_consolidacao-1.pdf\">Anexo V<\/a><br><\/p>\n\n\n\n<p><strong>Valores expressos em UFM (Unidade Fiscal do Munic\u00edpio)<\/strong> &#8211; <strong>Valor da UFM R$220,93<\/strong><\/p>\n","protected":false},"excerpt":{"rendered":"<p>Taxa de Fiscaliza\u00e7\u00e3o da Licen\u00e7a de Publicidade(Reda\u00e7\u00e3o dada pela Lei Complementar N\u00ba 587, de 21 de dezembro de 2018) &#8211; Anexo V Valores expressos em UFM (Unidade Fiscal do Munic\u00edpio) &#8211; Valor da UFM R$220,93<\/p>\n","protected":false},"author":69,"featured_media":0,"parent":0,"menu_order":0,"comment_status":"closed","ping_status":"closed","template":"interna-issqn-faq\/interna-issqn-faq.php","meta":{"footnotes":""},"class_list":["post-6729","page","type-page","status-publish","hentry"],"_links":{"self":[{"href":"https:\/\/jundiai.sp.gov.br\/financas\/wp-json\/wp\/v2\/pages\/6729","targetHints":{"allow":["GET"]}}],"collection":[{"href":"https:\/\/jundiai.sp.gov.br\/financas\/wp-json\/wp\/v2\/pages"}],"about":[{"href":"https:\/\/jundiai.sp.gov.br\/financas\/wp-json\/wp\/v2\/types\/page"}],"author":[{"embeddable":true,"href":"https:\/\/jundiai.sp.gov.br\/financas\/wp-json\/wp\/v2\/users\/69"}],"replies":[{"embeddable":true,"href":"https:\/\/jundiai.sp.gov.br\/financas\/wp-json\/wp\/v2\/comments?post=6729"}],"version-history":[{"count":13,"href":"https:\/\/jundiai.sp.gov.br\/financas\/wp-json\/wp\/v2\/pages\/6729\/revisions"}],"predecessor-version":[{"id":6826,"href":"https:\/\/jundiai.sp.gov.br\/financas\/wp-json\/wp\/v2\/pages\/6729\/revisions\/6826"}],"wp:attachment":[{"href":"https:\/\/jundiai.sp.gov.br\/financas\/wp-json\/wp\/v2\/media?parent=6729"}],"curies":[{"name":"wp","href":"https:\/\/api.w.org\/{rel}","templated":true}]}}