{"id":6743,"date":"2024-06-26T17:43:28","date_gmt":"2024-06-26T20:43:28","guid":{"rendered":"https:\/\/jundiai.sp.gov.br\/financas\/?page_id=6743"},"modified":"2024-07-03T13:30:45","modified_gmt":"2024-07-03T16:30:45","slug":"taxa-de-funcionamento","status":"publish","type":"page","link":"https:\/\/jundiai.sp.gov.br\/financas\/taxa-de-funcionamento\/","title":{"rendered":"Taxa de Funcionamento em hor\u00e1rio normal e especial"},"content":{"rendered":"\n<p>Taxa de Fiscaliza\u00e7\u00e3o de licen\u00e7a para Localiza\u00e7\u00e3o e Funcionamento em hor\u00e1rio Normal e Especial<br>Reda\u00e7\u00e3o dada pela <a href=\"https:\/\/sapl.jundiai.sp.leg.br\/sapl_documentos\/norma_juridica\/8513_texto_integral.pdf\">Lei Complementar N\u00ba 467<\/a>, de 19 de dezembro de 2008 &#8211; <a href=\"https:\/\/jundiai.sp.gov.br\/financas\/wp-content\/uploads\/sites\/12\/2024\/06\/anexo-ii_lei_complementar-460-2008_consolidacao-1-1.pdf\">Anexo II<\/a>  (Acrescidas pela <a href=\"https:\/\/sapl.jundiai.sp.leg.br\/pysc\/download_norma_pysc?cod_norma=19870&amp;texto_original=1\">Lei Complementar n\u00ba. 628,<\/a> de 7 de dezembro de 2023)<\/p>\n\n\n\n<p><strong>Valores expressos em UFM (Unidade Fiscal do Munic\u00edpio)<\/strong>\u00a0\u2013\u00a0<strong>Valor da UFM R$220,93<\/strong> <\/p>\n","protected":false},"excerpt":{"rendered":"<p>Taxa de Fiscaliza\u00e7\u00e3o de licen\u00e7a para Localiza\u00e7\u00e3o e Funcionamento em hor\u00e1rio Normal e EspecialReda\u00e7\u00e3o dada pela Lei Complementar N\u00ba 467, de 19 de dezembro de 2008 &#8211; Anexo II (Acrescidas pela Lei Complementar n\u00ba. 628, de 7 de dezembro de 2023) Valores expressos em UFM (Unidade Fiscal do Munic\u00edpio)\u00a0\u2013\u00a0Valor da UFM R$220,93<\/p>\n","protected":false},"author":69,"featured_media":0,"parent":0,"menu_order":0,"comment_status":"closed","ping_status":"closed","template":"interna-issqn-faq\/interna-issqn-faq.php","meta":{"footnotes":""},"class_list":["post-6743","page","type-page","status-publish","hentry"],"_links":{"self":[{"href":"https:\/\/jundiai.sp.gov.br\/financas\/wp-json\/wp\/v2\/pages\/6743","targetHints":{"allow":["GET"]}}],"collection":[{"href":"https:\/\/jundiai.sp.gov.br\/financas\/wp-json\/wp\/v2\/pages"}],"about":[{"href":"https:\/\/jundiai.sp.gov.br\/financas\/wp-json\/wp\/v2\/types\/page"}],"author":[{"embeddable":true,"href":"https:\/\/jundiai.sp.gov.br\/financas\/wp-json\/wp\/v2\/users\/69"}],"replies":[{"embeddable":true,"href":"https:\/\/jundiai.sp.gov.br\/financas\/wp-json\/wp\/v2\/comments?post=6743"}],"version-history":[{"count":9,"href":"https:\/\/jundiai.sp.gov.br\/financas\/wp-json\/wp\/v2\/pages\/6743\/revisions"}],"predecessor-version":[{"id":7007,"href":"https:\/\/jundiai.sp.gov.br\/financas\/wp-json\/wp\/v2\/pages\/6743\/revisions\/7007"}],"wp:attachment":[{"href":"https:\/\/jundiai.sp.gov.br\/financas\/wp-json\/wp\/v2\/media?parent=6743"}],"curies":[{"name":"wp","href":"https:\/\/api.w.org\/{rel}","templated":true}]}}