{"id":6768,"date":"2024-06-26T17:54:19","date_gmt":"2024-06-26T20:54:19","guid":{"rendered":"https:\/\/jundiai.sp.gov.br\/financas\/?page_id=6768"},"modified":"2024-06-28T14:38:47","modified_gmt":"2024-06-28T17:38:47","slug":"taxa-de-ambulantes","status":"publish","type":"page","link":"https:\/\/jundiai.sp.gov.br\/financas\/taxa-de-ambulantes\/","title":{"rendered":"Taxa de Ambulantes"},"content":{"rendered":"\n<p>Taxa de Fiscaliza\u00e7\u00e3o da Licen\u00e7a para o exerc\u00edcio da Atividade do Com\u00e9rcio Ambulante e Eventual e Eventos <br>Reda\u00e7\u00e3o dada pela <a href=\"https:\/\/sapl.jundiai.sp.leg.br\/sapl_documentos\/norma_juridica\/18098_texto_integral.pdf\">Lei Complementar n\u00ba 594<\/a>, de 06 de dezembro de 2019) &#8211; <a href=\"https:\/\/jundiai.sp.gov.br\/financas\/wp-content\/uploads\/sites\/12\/2024\/06\/anexo-iii-1-2.pdf\">Anexo III<\/a><\/p>\n\n\n\n<p><strong>Valores expressos em UFM (Unidade Fiscal do Munic\u00edpio)<\/strong>&nbsp;\u2013&nbsp;<strong>Valor da UFM R$220,93<\/strong><\/p>\n","protected":false},"excerpt":{"rendered":"<p>Taxa de Fiscaliza\u00e7\u00e3o da Licen\u00e7a para o exerc\u00edcio da Atividade do Com\u00e9rcio Ambulante e Eventual e Eventos Reda\u00e7\u00e3o dada pela Lei Complementar n\u00ba 594, de 06 de dezembro de 2019) &#8211; Anexo III Valores expressos em UFM (Unidade Fiscal do Munic\u00edpio)&nbsp;\u2013&nbsp;Valor da UFM R$220,93<\/p>\n","protected":false},"author":69,"featured_media":0,"parent":0,"menu_order":0,"comment_status":"closed","ping_status":"closed","template":"interna-issqn-faq\/interna-issqn-faq.php","meta":{"footnotes":""},"class_list":["post-6768","page","type-page","status-publish","hentry"],"_links":{"self":[{"href":"https:\/\/jundiai.sp.gov.br\/financas\/wp-json\/wp\/v2\/pages\/6768","targetHints":{"allow":["GET"]}}],"collection":[{"href":"https:\/\/jundiai.sp.gov.br\/financas\/wp-json\/wp\/v2\/pages"}],"about":[{"href":"https:\/\/jundiai.sp.gov.br\/financas\/wp-json\/wp\/v2\/types\/page"}],"author":[{"embeddable":true,"href":"https:\/\/jundiai.sp.gov.br\/financas\/wp-json\/wp\/v2\/users\/69"}],"replies":[{"embeddable":true,"href":"https:\/\/jundiai.sp.gov.br\/financas\/wp-json\/wp\/v2\/comments?post=6768"}],"version-history":[{"count":9,"href":"https:\/\/jundiai.sp.gov.br\/financas\/wp-json\/wp\/v2\/pages\/6768\/revisions"}],"predecessor-version":[{"id":6844,"href":"https:\/\/jundiai.sp.gov.br\/financas\/wp-json\/wp\/v2\/pages\/6768\/revisions\/6844"}],"wp:attachment":[{"href":"https:\/\/jundiai.sp.gov.br\/financas\/wp-json\/wp\/v2\/media?parent=6768"}],"curies":[{"name":"wp","href":"https:\/\/api.w.org\/{rel}","templated":true}]}}