{"id":6816,"date":"2024-06-28T13:58:06","date_gmt":"2024-06-28T16:58:06","guid":{"rendered":"https:\/\/jundiai.sp.gov.br\/financas\/?page_id=6816"},"modified":"2024-06-28T13:59:46","modified_gmt":"2024-06-28T16:59:46","slug":"1-04-anuncio-impresso-por-milheiro-ate-30-dias","status":"publish","type":"page","link":"https:\/\/jundiai.sp.gov.br\/financas\/taxa-de-publicidade\/anuncio-indicativo\/1-04-anuncio-impresso-por-milheiro-ate-30-dias\/","title":{"rendered":"4 &#8211; An\u00fancio Impresso por milheiro at\u00e9 30 dias"},"content":{"rendered":"\n<figure class=\"wp-block-table\"><table><thead><tr><th><strong>An\u00fancio Impresso por milheiro at\u00e9 30 dias<\/strong><\/th><th class=\"has-text-align-center\" data-align=\"center\"><strong>Valor em UFM<\/strong><\/th><\/tr><\/thead><tbody><tr><td>Panfletos at\u00e9 21 x 15 cm<\/td><td class=\"has-text-align-center\" data-align=\"center\">0,05<\/td><\/tr><tr><td>Panfletos acima de 21 x 15 cm<\/td><td class=\"has-text-align-center\" data-align=\"center\">0,10<\/td><\/tr><tr><td>Peri\u00f3dico publicit\u00e1rio tipo revista ou tabl\u00f3ide promocional tipo jornal<\/td><td class=\"has-text-align-center\" data-align=\"center\">0,25<\/td><\/tr><tr><td>Cartazes para afixa\u00e7\u00e3o<\/td><td class=\"has-text-align-center\" data-align=\"center\">1,50<\/td><\/tr><\/tbody><\/table><\/figure>\n","protected":false},"excerpt":{"rendered":"<p>An\u00fancio Impresso por milheiro at\u00e9 30 dias Valor em UFM Panfletos at\u00e9 21 x 15 cm 0,05 Panfletos acima de 21 x 15 cm 0,10 Peri\u00f3dico publicit\u00e1rio tipo revista ou tabl\u00f3ide promocional tipo jornal 0,25 Cartazes para afixa\u00e7\u00e3o 1,50<\/p>\n","protected":false},"author":69,"featured_media":0,"parent":6801,"menu_order":4,"comment_status":"closed","ping_status":"closed","template":"","meta":{"footnotes":""},"class_list":["post-6816","page","type-page","status-publish","hentry"],"_links":{"self":[{"href":"https:\/\/jundiai.sp.gov.br\/financas\/wp-json\/wp\/v2\/pages\/6816","targetHints":{"allow":["GET"]}}],"collection":[{"href":"https:\/\/jundiai.sp.gov.br\/financas\/wp-json\/wp\/v2\/pages"}],"about":[{"href":"https:\/\/jundiai.sp.gov.br\/financas\/wp-json\/wp\/v2\/types\/page"}],"author":[{"embeddable":true,"href":"https:\/\/jundiai.sp.gov.br\/financas\/wp-json\/wp\/v2\/users\/69"}],"replies":[{"embeddable":true,"href":"https:\/\/jundiai.sp.gov.br\/financas\/wp-json\/wp\/v2\/comments?post=6816"}],"version-history":[{"count":2,"href":"https:\/\/jundiai.sp.gov.br\/financas\/wp-json\/wp\/v2\/pages\/6816\/revisions"}],"predecessor-version":[{"id":6822,"href":"https:\/\/jundiai.sp.gov.br\/financas\/wp-json\/wp\/v2\/pages\/6816\/revisions\/6822"}],"up":[{"embeddable":true,"href":"https:\/\/jundiai.sp.gov.br\/financas\/wp-json\/wp\/v2\/pages\/6801"}],"wp:attachment":[{"href":"https:\/\/jundiai.sp.gov.br\/financas\/wp-json\/wp\/v2\/media?parent=6816"}],"curies":[{"name":"wp","href":"https:\/\/api.w.org\/{rel}","templated":true}]}}