{"id":6951,"date":"2024-07-02T10:52:43","date_gmt":"2024-07-02T13:52:43","guid":{"rendered":"https:\/\/jundiai.sp.gov.br\/financas\/?page_id=6951"},"modified":"2025-08-22T11:20:17","modified_gmt":"2025-08-22T14:20:17","slug":"como-solicitar-autorizacao-2","status":"publish","type":"page","link":"https:\/\/jundiai.sp.gov.br\/financas\/eventos-em-areas-publicas\/como-solicitar-autorizacao-2\/","title":{"rendered":"COMO SOLICITAR AUTORIZA\u00c7\u00c3O"},"content":{"rendered":"\n<p><strong><a href=\"https:\/\/jundiai.sp.gov.br\/financas\/wp-content\/uploads\/sites\/12\/2024\/06\/requerimento-timbrado-2020-1-1.pdf\">Formul\u00e1rio de autoriza\u00e7\u00e3o para realiza\u00e7\u00e3o de eventos em \u00e1rea p\u00fablica <\/a><\/strong><\/p>\n\n\n\n<p>Este formul\u00e1rio \u00e9 utilizado para pedidos de autoriza\u00e7\u00e3o para shows, festas, cultos religiosos, exposi\u00e7\u00f5es, apresenta\u00e7\u00f5es e similares, em terrenos \u00e1reas p\u00fablicas.<\/p>\n\n\n\n<p>O contribuinte dever\u00e1 preench\u00ea-lo com anteced\u00eancia m\u00ednima de 60 dias do evento e envi\u00e1-lo juntamente com os documentos solicitados para o endere\u00e7o eletr\u00f4nico:\u00a0<a href=\"mailto:gestaodocumental@jundiai.sp.gov.br\" target=\"_blank\" rel=\"noreferrer noopener\">gestaodocumental@jundiai.sp.gov.br<\/a><\/p>\n","protected":false},"excerpt":{"rendered":"<p>Formul\u00e1rio de autoriza\u00e7\u00e3o para realiza\u00e7\u00e3o de eventos em \u00e1rea p\u00fablica Este formul\u00e1rio \u00e9 utilizado para pedidos de autoriza\u00e7\u00e3o para shows, festas, cultos religiosos, exposi\u00e7\u00f5es, apresenta\u00e7\u00f5es e similares, em terrenos \u00e1reas p\u00fablicas. O contribuinte dever\u00e1 preench\u00ea-lo com anteced\u00eancia m\u00ednima de 60 dias do evento e envi\u00e1-lo juntamente com os documentos solicitados para o endere\u00e7o eletr\u00f4nico:\u00a0gestaodocumental@jundiai.sp.gov.br<\/p>\n","protected":false},"author":69,"featured_media":0,"parent":6755,"menu_order":0,"comment_status":"closed","ping_status":"closed","template":"","meta":{"footnotes":""},"class_list":["post-6951","page","type-page","status-publish","hentry"],"_links":{"self":[{"href":"https:\/\/jundiai.sp.gov.br\/financas\/wp-json\/wp\/v2\/pages\/6951","targetHints":{"allow":["GET"]}}],"collection":[{"href":"https:\/\/jundiai.sp.gov.br\/financas\/wp-json\/wp\/v2\/pages"}],"about":[{"href":"https:\/\/jundiai.sp.gov.br\/financas\/wp-json\/wp\/v2\/types\/page"}],"author":[{"embeddable":true,"href":"https:\/\/jundiai.sp.gov.br\/financas\/wp-json\/wp\/v2\/users\/69"}],"replies":[{"embeddable":true,"href":"https:\/\/jundiai.sp.gov.br\/financas\/wp-json\/wp\/v2\/comments?post=6951"}],"version-history":[{"count":3,"href":"https:\/\/jundiai.sp.gov.br\/financas\/wp-json\/wp\/v2\/pages\/6951\/revisions"}],"predecessor-version":[{"id":7198,"href":"https:\/\/jundiai.sp.gov.br\/financas\/wp-json\/wp\/v2\/pages\/6951\/revisions\/7198"}],"up":[{"embeddable":true,"href":"https:\/\/jundiai.sp.gov.br\/financas\/wp-json\/wp\/v2\/pages\/6755"}],"wp:attachment":[{"href":"https:\/\/jundiai.sp.gov.br\/financas\/wp-json\/wp\/v2\/media?parent=6951"}],"curies":[{"name":"wp","href":"https:\/\/api.w.org\/{rel}","templated":true}]}}