{"id":6954,"date":"2024-07-02T10:55:20","date_gmt":"2024-07-02T13:55:20","guid":{"rendered":"https:\/\/jundiai.sp.gov.br\/financas\/?page_id=6954"},"modified":"2024-07-02T10:55:20","modified_gmt":"2024-07-02T13:55:20","slug":"legislacao","status":"publish","type":"page","link":"https:\/\/jundiai.sp.gov.br\/financas\/eventos-em-areas-publicas\/legislacao\/","title":{"rendered":"Legisla\u00e7\u00e3o"},"content":{"rendered":"\n<p><a href=\"https:\/\/jundiai.sp.gov.br\/financas\/wp-content\/uploads\/sites\/12\/2024\/06\/decreto-26-437-de-16-de-maio-de-2016-1-1.pdf\"><strong>Decreto n\u00ba 26.437, de 16 de maio de 2016<\/strong><\/a> &#8211; Estabelece o procedimento para obten\u00e7\u00e3o de autoriza\u00e7\u00e3o de uso para a realiza\u00e7\u00e3o de eventos e atividades, de car\u00e1ter provis\u00f3rio, em locais p\u00fablicos no Munic\u00edpio de Jundia\u00ed, e d\u00e1 outras provid\u00eancias<\/p>\n","protected":false},"excerpt":{"rendered":"<p>Decreto n\u00ba 26.437, de 16 de maio de 2016 &#8211; Estabelece o procedimento para obten\u00e7\u00e3o de autoriza\u00e7\u00e3o de uso para a realiza\u00e7\u00e3o de eventos e atividades, de car\u00e1ter provis\u00f3rio, em locais p\u00fablicos no Munic\u00edpio de Jundia\u00ed, e d\u00e1 outras provid\u00eancias<\/p>\n","protected":false},"author":69,"featured_media":0,"parent":6755,"menu_order":0,"comment_status":"closed","ping_status":"closed","template":"","meta":{"footnotes":""},"class_list":["post-6954","page","type-page","status-publish","hentry"],"_links":{"self":[{"href":"https:\/\/jundiai.sp.gov.br\/financas\/wp-json\/wp\/v2\/pages\/6954","targetHints":{"allow":["GET"]}}],"collection":[{"href":"https:\/\/jundiai.sp.gov.br\/financas\/wp-json\/wp\/v2\/pages"}],"about":[{"href":"https:\/\/jundiai.sp.gov.br\/financas\/wp-json\/wp\/v2\/types\/page"}],"author":[{"embeddable":true,"href":"https:\/\/jundiai.sp.gov.br\/financas\/wp-json\/wp\/v2\/users\/69"}],"replies":[{"embeddable":true,"href":"https:\/\/jundiai.sp.gov.br\/financas\/wp-json\/wp\/v2\/comments?post=6954"}],"version-history":[{"count":1,"href":"https:\/\/jundiai.sp.gov.br\/financas\/wp-json\/wp\/v2\/pages\/6954\/revisions"}],"predecessor-version":[{"id":6955,"href":"https:\/\/jundiai.sp.gov.br\/financas\/wp-json\/wp\/v2\/pages\/6954\/revisions\/6955"}],"up":[{"embeddable":true,"href":"https:\/\/jundiai.sp.gov.br\/financas\/wp-json\/wp\/v2\/pages\/6755"}],"wp:attachment":[{"href":"https:\/\/jundiai.sp.gov.br\/financas\/wp-json\/wp\/v2\/media?parent=6954"}],"curies":[{"name":"wp","href":"https:\/\/api.w.org\/{rel}","templated":true}]}}