{"id":706,"date":"2014-09-23T15:39:22","date_gmt":"2014-09-23T18:39:22","guid":{"rendered":"https:\/\/jundiai.sp.gov.br\/financas\/?page_id=706"},"modified":"2018-04-03T10:42:46","modified_gmt":"2018-04-03T13:42:46","slug":"como-e-calculado","status":"publish","type":"page","link":"https:\/\/jundiai.sp.gov.br\/financas\/issqn\/como-e-calculado\/","title":{"rendered":"Como \u00e9 Calculado"},"content":{"rendered":"<p><strong>O valor do ISS \u00e9 calculado de acordo com o tipo de enquadramento das atividades do contribuinte:<\/strong><\/p>\n<ul>\n<li><strong>Tribut\u00e1vel sobre o pre\u00e7o do servi\u00e7o<\/strong><\/li>\n<\/ul>\n<p>Recolhido pelo pre\u00e7o do servi\u00e7o, com base nas al\u00edquotas previstas no\u00a0<a href=\"https:\/\/jundiai.sp.gov.br\/financas\/wp-content\/uploads\/sites\/12\/2017\/10\/anexo-i-1.pdf\" target=\"_blank\" rel=\"noopener\"><strong>Anexo I<\/strong><\/a>;<\/p>\n<ul>\n<li><strong>Tribut\u00e1vel por import\u00e2ncia fixa<\/strong><\/li>\n<\/ul>\n<p>Recolhido semestralmente, com base nos valores constantes do\u00a0<a href=\"https:\/\/jundiai.sp.gov.br\/financas\/wp-content\/uploads\/sites\/12\/2017\/10\/anexo-i-a-1.pdf\" target=\"_blank\" rel=\"noopener\"><strong>Anexo I &#8211; A<\/strong><\/a>;<\/p>\n","protected":false},"excerpt":{"rendered":"<p>O valor do ISS \u00e9 calculado de acordo com o tipo de enquadramento das atividades do contribuinte: Tribut\u00e1vel sobre o pre\u00e7o do servi\u00e7o Recolhido pelo pre\u00e7o do servi\u00e7o, com base nas al\u00edquotas previstas no\u00a0Anexo I; Tribut\u00e1vel por import\u00e2ncia fixa Recolhido semestralmente, com base nos valores constantes do\u00a0Anexo I &#8211; A;<\/p>\n","protected":false},"author":5,"featured_media":0,"parent":41,"menu_order":0,"comment_status":"closed","ping_status":"closed","template":"page-subpaginas.php","meta":{"footnotes":""},"class_list":["post-706","page","type-page","status-publish","hentry"],"_links":{"self":[{"href":"https:\/\/jundiai.sp.gov.br\/financas\/wp-json\/wp\/v2\/pages\/706","targetHints":{"allow":["GET"]}}],"collection":[{"href":"https:\/\/jundiai.sp.gov.br\/financas\/wp-json\/wp\/v2\/pages"}],"about":[{"href":"https:\/\/jundiai.sp.gov.br\/financas\/wp-json\/wp\/v2\/types\/page"}],"author":[{"embeddable":true,"href":"https:\/\/jundiai.sp.gov.br\/financas\/wp-json\/wp\/v2\/users\/5"}],"replies":[{"embeddable":true,"href":"https:\/\/jundiai.sp.gov.br\/financas\/wp-json\/wp\/v2\/comments?post=706"}],"version-history":[{"count":7,"href":"https:\/\/jundiai.sp.gov.br\/financas\/wp-json\/wp\/v2\/pages\/706\/revisions"}],"predecessor-version":[{"id":3723,"href":"https:\/\/jundiai.sp.gov.br\/financas\/wp-json\/wp\/v2\/pages\/706\/revisions\/3723"}],"up":[{"embeddable":true,"href":"https:\/\/jundiai.sp.gov.br\/financas\/wp-json\/wp\/v2\/pages\/41"}],"wp:attachment":[{"href":"https:\/\/jundiai.sp.gov.br\/financas\/wp-json\/wp\/v2\/media?parent=706"}],"curies":[{"name":"wp","href":"https:\/\/api.w.org\/{rel}","templated":true}]}}