{"id":708,"date":"2014-09-23T15:40:30","date_gmt":"2014-09-23T18:40:30","guid":{"rendered":"https:\/\/jundiai.sp.gov.br\/financas\/?page_id=708"},"modified":"2024-04-04T14:03:01","modified_gmt":"2024-04-04T17:03:01","slug":"quando-pagar","status":"publish","type":"page","link":"https:\/\/jundiai.sp.gov.br\/financas\/issqn\/quando-pagar\/","title":{"rendered":"Quando Pagar"},"content":{"rendered":"\n<h3 class=\"wp-block-heading\"><strong>Tribut\u00e1vel sobre o pre\u00e7o do servi\u00e7o:<\/strong><\/h3>\n\n\n\n<p>&#8211; At\u00e9 o dia 25 do m\u00eas subsequente \u00e0 presta\u00e7\u00e3o dos servi\u00e7os;<\/p>\n\n\n\n<h3 class=\"wp-block-heading\"><strong>Tribut\u00e1vel por import\u00e2ncia fixa:<\/strong><\/h3>\n\n\n\n<p>1\u00b0 Semestre: recolher o imposto at\u00e9 o dia 06\/03\/2018;<br>2\u00b0 Semestre: recolher o imposto at\u00e9 o dia 06\/07\/2018.<\/p>\n\n\n\n<h3 class=\"wp-block-heading\"><strong>Pagamentos Atrasados<\/strong><\/h3>\n\n\n\n<p>A Lei Complementar n\u00ba 460\/2008 e altera\u00e7\u00f5es posteriores, em seu artigo 9\u00b0, define os acr\u00e9scimos por atraso no pagamento dos tributos, conforme condi\u00e7\u00f5es abaixo:<\/p>\n\n\n\n<p>&#8211; \u00c0 multa di\u00e1ria de 0,33% (trinta e tr\u00eas cent\u00e9simos por cento) sobre o valor do d\u00e9bito atualizado monetariamente, at\u00e9 o percentual m\u00e1ximo de 20% (vinte por cento);<\/p>\n\n\n\n<p>&#8211; \u00c0 cobran\u00e7a de juros morat\u00f3rios \u00e0 raz\u00e3o 0,0333 % (trezentos e trinta e tr\u00eas d\u00e9cimos de mil\u00e9simos por cento) ao dia, incidentes sobre o valor do d\u00e9bito atualizado monetariamente, a partir do dia seguinte ao do vencimento;<\/p>\n\n\n\n<p>&#8211; Atualiza\u00e7\u00e3o monet\u00e1ria, de acordo com a varia\u00e7\u00e3o anual do INPC (\u00cdndice Nacional de Pre\u00e7os ao Consumidor) do Instituto Brasileiro de Geografia e Estat\u00edstica (IBGE) ou outro que venha suced\u00ea-lo.<\/p>\n","protected":false},"excerpt":{"rendered":"<p>Tribut\u00e1vel sobre o pre\u00e7o do servi\u00e7o: &#8211; At\u00e9 o dia 25 do m\u00eas subsequente \u00e0 presta\u00e7\u00e3o dos servi\u00e7os; Tribut\u00e1vel por import\u00e2ncia fixa: 1\u00b0 Semestre: recolher o imposto at\u00e9 o dia 06\/03\/2018;2\u00b0 Semestre: recolher o imposto at\u00e9 o dia 06\/07\/2018. Pagamentos Atrasados A Lei Complementar n\u00ba 460\/2008 e altera\u00e7\u00f5es posteriores, em seu artigo 9\u00b0, define os [&hellip;]<\/p>\n","protected":false},"author":5,"featured_media":0,"parent":41,"menu_order":0,"comment_status":"closed","ping_status":"closed","template":"page-subpaginas.php","meta":{"footnotes":""},"class_list":["post-708","page","type-page","status-publish","hentry"],"_links":{"self":[{"href":"https:\/\/jundiai.sp.gov.br\/financas\/wp-json\/wp\/v2\/pages\/708","targetHints":{"allow":["GET"]}}],"collection":[{"href":"https:\/\/jundiai.sp.gov.br\/financas\/wp-json\/wp\/v2\/pages"}],"about":[{"href":"https:\/\/jundiai.sp.gov.br\/financas\/wp-json\/wp\/v2\/types\/page"}],"author":[{"embeddable":true,"href":"https:\/\/jundiai.sp.gov.br\/financas\/wp-json\/wp\/v2\/users\/5"}],"replies":[{"embeddable":true,"href":"https:\/\/jundiai.sp.gov.br\/financas\/wp-json\/wp\/v2\/comments?post=708"}],"version-history":[{"count":5,"href":"https:\/\/jundiai.sp.gov.br\/financas\/wp-json\/wp\/v2\/pages\/708\/revisions"}],"predecessor-version":[{"id":6457,"href":"https:\/\/jundiai.sp.gov.br\/financas\/wp-json\/wp\/v2\/pages\/708\/revisions\/6457"}],"up":[{"embeddable":true,"href":"https:\/\/jundiai.sp.gov.br\/financas\/wp-json\/wp\/v2\/pages\/41"}],"wp:attachment":[{"href":"https:\/\/jundiai.sp.gov.br\/financas\/wp-json\/wp\/v2\/media?parent=708"}],"curies":[{"name":"wp","href":"https:\/\/api.w.org\/{rel}","templated":true}]}}