{"id":71,"date":"2014-09-10T12:21:15","date_gmt":"2014-09-10T15:21:15","guid":{"rendered":"https:\/\/jundiai.sp.gov.br\/financas\/?page_id=71"},"modified":"2014-09-29T15:01:25","modified_gmt":"2014-09-29T18:01:25","slug":"o-que-e-proibido","status":"publish","type":"page","link":"https:\/\/jundiai.sp.gov.br\/financas\/comercio-ambulante\/o-que-e-proibido\/","title":{"rendered":"O que \u00e9 Proibido"},"content":{"rendered":"<h2>\u00c9 proibido comercializar:<\/h2>\n<ul>\n<li>t\u00f3xicos<\/li>\n<li>farmac\u00eauticos<\/li>\n<li>fitas cassetes<\/li>\n<li>cigarros<\/li>\n<li>inflam\u00e1veis ou explosivos<\/li>\n<li>fogos de artif\u00edcios<\/li>\n<li>bebidas alc\u00f3olicas<\/li>\n<li>animais vivos ou embalsamados<\/li>\n<li>alimentos em desacordo com as normas higi\u00eanicas-sanit\u00e1rias<\/li>\n<li>produtos importados e demais a crit\u00e9rio da comiss\u00e3o<\/li>\n<li>mercadorias ou prestar servi\u00e7os em desacordo com o seu licenciamento.<\/li>\n<\/ul>\n","protected":false},"excerpt":{"rendered":"<p>\u00c9 proibido comercializar: t\u00f3xicos farmac\u00eauticos fitas cassetes cigarros inflam\u00e1veis ou explosivos fogos de artif\u00edcios bebidas alc\u00f3olicas animais vivos ou embalsamados alimentos em desacordo com as normas higi\u00eanicas-sanit\u00e1rias produtos importados e demais a crit\u00e9rio da comiss\u00e3o mercadorias ou prestar servi\u00e7os em desacordo com o seu licenciamento.<\/p>\n","protected":false},"author":5,"featured_media":0,"parent":27,"menu_order":0,"comment_status":"closed","ping_status":"closed","template":"","meta":{"footnotes":""},"class_list":["post-71","page","type-page","status-publish","hentry"],"_links":{"self":[{"href":"https:\/\/jundiai.sp.gov.br\/financas\/wp-json\/wp\/v2\/pages\/71","targetHints":{"allow":["GET"]}}],"collection":[{"href":"https:\/\/jundiai.sp.gov.br\/financas\/wp-json\/wp\/v2\/pages"}],"about":[{"href":"https:\/\/jundiai.sp.gov.br\/financas\/wp-json\/wp\/v2\/types\/page"}],"author":[{"embeddable":true,"href":"https:\/\/jundiai.sp.gov.br\/financas\/wp-json\/wp\/v2\/users\/5"}],"replies":[{"embeddable":true,"href":"https:\/\/jundiai.sp.gov.br\/financas\/wp-json\/wp\/v2\/comments?post=71"}],"version-history":[{"count":7,"href":"https:\/\/jundiai.sp.gov.br\/financas\/wp-json\/wp\/v2\/pages\/71\/revisions"}],"predecessor-version":[{"id":1111,"href":"https:\/\/jundiai.sp.gov.br\/financas\/wp-json\/wp\/v2\/pages\/71\/revisions\/1111"}],"up":[{"embeddable":true,"href":"https:\/\/jundiai.sp.gov.br\/financas\/wp-json\/wp\/v2\/pages\/27"}],"wp:attachment":[{"href":"https:\/\/jundiai.sp.gov.br\/financas\/wp-json\/wp\/v2\/media?parent=71"}],"curies":[{"name":"wp","href":"https:\/\/api.w.org\/{rel}","templated":true}]}}