{"id":710,"date":"2014-09-23T15:42:08","date_gmt":"2014-09-23T18:42:08","guid":{"rendered":"https:\/\/jundiai.sp.gov.br\/financas\/?page_id=710"},"modified":"2018-03-20T16:34:33","modified_gmt":"2018-03-20T19:34:33","slug":"local-de-recolhimento","status":"publish","type":"page","link":"https:\/\/jundiai.sp.gov.br\/financas\/issqn\/local-de-recolhimento\/","title":{"rendered":"Local de Recolhimento"},"content":{"rendered":"<p><strong>Local onde o ISSQN deve ser recolhido<\/strong><br \/>\nO imposto \u00e9 devido no local do estabelecimento prestador ou, na falta do estabelecimento, no local do domic\u00edlio<br \/>\ndo prestador, exceto nas hip\u00f3teses dos servi\u00e7os previstos no item 12, exceto no subitem 12.13 e nos subitens<br \/>\n3.05, 4.22, 4.23, 5.09, 7.02, 7.04, 7.05, 7.09, 7.10, 7.11, 7.12, 7.16, 7.17, 7.18, 10.04, 11.01, 11.02, 11.04, 15.01,<br \/>\n15.09, 16.01, 16.02, 17.05, 17.10 e item 20, quando o imposto ser\u00e1 devido no local da presta\u00e7\u00e3o.<\/p>\n<p>Conforme Artigo 157 da <a href=\"https:\/\/jundiai.sp.gov.br\/financas\/wp-content\/uploads\/sites\/12\/2017\/10\/codigo-tributario-em-pdf-atualizado-ate-lc-580-2017.pdf\">Lei Complementar n\u00ba 460\/2008<\/a><\/p>\n","protected":false},"excerpt":{"rendered":"<p>Local onde o ISSQN deve ser recolhido O imposto \u00e9 devido no local do estabelecimento prestador ou, na falta do estabelecimento, no local do domic\u00edlio do prestador, exceto nas hip\u00f3teses dos servi\u00e7os previstos no item 12, exceto no subitem 12.13 e nos subitens 3.05, 4.22, 4.23, 5.09, 7.02, 7.04, 7.05, 7.09, 7.10, 7.11, 7.12, 7.16, [&hellip;]<\/p>\n","protected":false},"author":5,"featured_media":0,"parent":41,"menu_order":0,"comment_status":"closed","ping_status":"closed","template":"page-subpaginas.php","meta":{"footnotes":""},"class_list":["post-710","page","type-page","status-publish","hentry"],"_links":{"self":[{"href":"https:\/\/jundiai.sp.gov.br\/financas\/wp-json\/wp\/v2\/pages\/710","targetHints":{"allow":["GET"]}}],"collection":[{"href":"https:\/\/jundiai.sp.gov.br\/financas\/wp-json\/wp\/v2\/pages"}],"about":[{"href":"https:\/\/jundiai.sp.gov.br\/financas\/wp-json\/wp\/v2\/types\/page"}],"author":[{"embeddable":true,"href":"https:\/\/jundiai.sp.gov.br\/financas\/wp-json\/wp\/v2\/users\/5"}],"replies":[{"embeddable":true,"href":"https:\/\/jundiai.sp.gov.br\/financas\/wp-json\/wp\/v2\/comments?post=710"}],"version-history":[{"count":7,"href":"https:\/\/jundiai.sp.gov.br\/financas\/wp-json\/wp\/v2\/pages\/710\/revisions"}],"predecessor-version":[{"id":3660,"href":"https:\/\/jundiai.sp.gov.br\/financas\/wp-json\/wp\/v2\/pages\/710\/revisions\/3660"}],"up":[{"embeddable":true,"href":"https:\/\/jundiai.sp.gov.br\/financas\/wp-json\/wp\/v2\/pages\/41"}],"wp:attachment":[{"href":"https:\/\/jundiai.sp.gov.br\/financas\/wp-json\/wp\/v2\/media?parent=710"}],"curies":[{"name":"wp","href":"https:\/\/api.w.org\/{rel}","templated":true}]}}