{"id":712,"date":"2014-09-23T15:42:44","date_gmt":"2014-09-23T18:42:44","guid":{"rendered":"https:\/\/jundiai.sp.gov.br\/financas\/?page_id=712"},"modified":"2018-04-09T10:09:58","modified_gmt":"2018-04-09T13:09:58","slug":"retencao-na-fonte","status":"publish","type":"page","link":"https:\/\/jundiai.sp.gov.br\/financas\/issqn\/retencao-na-fonte\/","title":{"rendered":"Reten\u00e7\u00e3o, Solidariedade e Substitui\u00e7\u00e3o Tribut\u00e1ria"},"content":{"rendered":"<p><strong>Reten\u00e7\u00e3o \u00e9 a situa\u00e7\u00e3o quando o tomador dos servi\u00e7os (o cliente) \u00e9 obrigado a recolher o imposto no lugar do prestador dos servi\u00e7os.<\/strong><\/p>\n","protected":false},"excerpt":{"rendered":"<p>Reten\u00e7\u00e3o \u00e9 a situa\u00e7\u00e3o quando o tomador dos servi\u00e7os (o cliente) \u00e9 obrigado a recolher o imposto no lugar do prestador dos servi\u00e7os.<\/p>\n","protected":false},"author":5,"featured_media":0,"parent":41,"menu_order":0,"comment_status":"closed","ping_status":"closed","template":"page-subpaginas.php","meta":{"footnotes":""},"class_list":["post-712","page","type-page","status-publish","hentry"],"_links":{"self":[{"href":"https:\/\/jundiai.sp.gov.br\/financas\/wp-json\/wp\/v2\/pages\/712","targetHints":{"allow":["GET"]}}],"collection":[{"href":"https:\/\/jundiai.sp.gov.br\/financas\/wp-json\/wp\/v2\/pages"}],"about":[{"href":"https:\/\/jundiai.sp.gov.br\/financas\/wp-json\/wp\/v2\/types\/page"}],"author":[{"embeddable":true,"href":"https:\/\/jundiai.sp.gov.br\/financas\/wp-json\/wp\/v2\/users\/5"}],"replies":[{"embeddable":true,"href":"https:\/\/jundiai.sp.gov.br\/financas\/wp-json\/wp\/v2\/comments?post=712"}],"version-history":[{"count":10,"href":"https:\/\/jundiai.sp.gov.br\/financas\/wp-json\/wp\/v2\/pages\/712\/revisions"}],"predecessor-version":[{"id":3750,"href":"https:\/\/jundiai.sp.gov.br\/financas\/wp-json\/wp\/v2\/pages\/712\/revisions\/3750"}],"up":[{"embeddable":true,"href":"https:\/\/jundiai.sp.gov.br\/financas\/wp-json\/wp\/v2\/pages\/41"}],"wp:attachment":[{"href":"https:\/\/jundiai.sp.gov.br\/financas\/wp-json\/wp\/v2\/media?parent=712"}],"curies":[{"name":"wp","href":"https:\/\/api.w.org\/{rel}","templated":true}]}}