{"id":714,"date":"2014-09-23T15:57:47","date_gmt":"2014-09-23T18:57:47","guid":{"rendered":"https:\/\/jundiai.sp.gov.br\/financas\/?page_id=714"},"modified":"2024-04-04T14:01:46","modified_gmt":"2024-04-04T17:01:46","slug":"onde-paga","status":"publish","type":"page","link":"https:\/\/jundiai.sp.gov.br\/financas\/issqn\/onde-paga\/","title":{"rendered":"Onde Pagar"},"content":{"rendered":"\n<p>O contribuinte pode quitar suas obriga\u00e7\u00f5es diretamente nas ag\u00eancias banc\u00e1rias da Caixa Econ\u00f4mica Federal.<\/p>\n\n\n\n<p>O pagamento tamb\u00e9m poder\u00e1 ser realizado online, via Internet Banking ou por Aplicativos de Celular em qualquer institui\u00e7\u00e3o banc\u00e1ria, conforme disponibilidade do servi\u00e7o.<\/p>\n\n\n\n<p>E nos seguintes estabelecimentos:<\/p>\n\n\n\n<ul class=\"wp-block-list\">\n<li>Casas Lot\u00e9ricas;<\/li>\n\n\n\n<li>Ag\u00eancias dos Correios e demais Correspondentes Banc\u00e1rios.<\/li>\n<\/ul>\n\n\n\n<p>Obs.: Verificar os valores m\u00e1ximos que podem ser recebidos nos estabelecimentos acima mencionados.<\/p>\n\n\n\n<h2 class=\"wp-block-heading\">Canais de Arrecada\u00e7\u00e3o:<\/h2>\n\n\n\n<figure class=\"wp-block-table alignleft is-style-regular\" style=\"font-size:12px\"><table><thead><tr><th class=\"has-text-align-left\" data-align=\"left\">Institui\u00e7\u00f5es Financeiras <\/th><th class=\"has-text-align-center\" data-align=\"center\">Guich\u00ea de Caixa<\/th><th class=\"has-text-align-center\" data-align=\"center\">Internet Banking<br>(Computadores \/ APPs)  <\/th><th class=\"has-text-align-center\" data-align=\"center\">Terminais de Auto Atendimento<\/th><th class=\"has-text-align-center\" data-align=\"center\">Correspondente  Banc\u00e1rio <\/th><th class=\"has-text-align-center\" data-align=\"center\">Lot\u00e9ricas<\/th><\/tr><\/thead><tbody><tr><td class=\"has-text-align-left\" data-align=\"left\">CAIXA ECON\u00d4MICA FEDERAL <\/td><td class=\"has-text-align-center\" data-align=\"center\">SIM <\/td><td class=\"has-text-align-center\" data-align=\"center\">SIM <\/td><td class=\"has-text-align-center\" data-align=\"center\">SIM <\/td><td class=\"has-text-align-center\" data-align=\"center\">SIM <\/td><td class=\"has-text-align-center\" data-align=\"center\">SIM <\/td><\/tr><tr><td class=\"has-text-align-left\" data-align=\"left\">BANCO DO BRASIL S.A.<\/td><td class=\"has-text-align-center\" data-align=\"center\"><\/td><td class=\"has-text-align-center\" data-align=\"center\">SIM<\/td><td class=\"has-text-align-center\" data-align=\"center\">SIM<\/td><td class=\"has-text-align-center\" data-align=\"center\">SIM<\/td><td class=\"has-text-align-center\" data-align=\"center\"><\/td><\/tr><tr><td class=\"has-text-align-left\" data-align=\"left\">BANCO BRADESCO S.A<\/td><td class=\"has-text-align-center\" data-align=\"center\"><\/td><td class=\"has-text-align-center\" data-align=\"center\">SIM<\/td><td class=\"has-text-align-center\" data-align=\"center\">SIM<\/td><td class=\"has-text-align-center\" data-align=\"center\">SIM<\/td><td class=\"has-text-align-center\" data-align=\"center\"><\/td><\/tr><tr><td class=\"has-text-align-left\" data-align=\"left\">BANCO SANTANDER S.A<\/td><td class=\"has-text-align-center\" data-align=\"center\"><\/td><td class=\"has-text-align-center\" data-align=\"center\">SIM<\/td><td class=\"has-text-align-center\" data-align=\"center\">SIM<\/td><td class=\"has-text-align-center\" data-align=\"center\">SIM<\/td><td class=\"has-text-align-center\" data-align=\"center\"><\/td><\/tr><tr><td class=\"has-text-align-left\" data-align=\"left\">BANCO MERCANTIL DO BRASIL S\/A<\/td><td class=\"has-text-align-center\" data-align=\"center\">SIM<\/td><td class=\"has-text-align-center\" data-align=\"center\">SIM<\/td><td class=\"has-text-align-center\" data-align=\"center\">SIM<\/td><td class=\"has-text-align-center\" data-align=\"center\">SIM<\/td><td class=\"has-text-align-center\" data-align=\"center\"><\/td><\/tr><tr><td class=\"has-text-align-left\" data-align=\"left\">BANCO ITA\u00da UNIBANCO S.A<\/td><td class=\"has-text-align-center\" data-align=\"center\"><\/td><td class=\"has-text-align-center\" data-align=\"center\">SIM<\/td><td class=\"has-text-align-center\" data-align=\"center\">SIM<\/td><td class=\"has-text-align-center\" data-align=\"center\">SIM<\/td><td class=\"has-text-align-center\" data-align=\"center\"><\/td><\/tr><tr><td class=\"has-text-align-left\" data-align=\"left\">BANCO COOPERATIVO SICRED S\/A <\/td><td class=\"has-text-align-center\" data-align=\"center\"><\/td><td class=\"has-text-align-center\" data-align=\"center\">SIM <\/td><td class=\"has-text-align-center\" data-align=\"center\">SIM <\/td><td class=\"has-text-align-center\" data-align=\"center\"><\/td><td class=\"has-text-align-center\" data-align=\"center\"><\/td><\/tr><\/tbody><\/table><figcaption class=\"wp-element-caption\">*Pagamento somente em dinheiro <\/figcaption><\/figure>\n\n\n\n<p><\/p>\n","protected":false},"excerpt":{"rendered":"<p>O contribuinte pode quitar suas obriga\u00e7\u00f5es diretamente nas ag\u00eancias banc\u00e1rias da Caixa Econ\u00f4mica Federal. O pagamento tamb\u00e9m poder\u00e1 ser realizado online, via Internet Banking ou por Aplicativos de Celular em qualquer institui\u00e7\u00e3o banc\u00e1ria, conforme disponibilidade do servi\u00e7o. E nos seguintes estabelecimentos: Obs.: Verificar os valores m\u00e1ximos que podem ser recebidos nos estabelecimentos acima mencionados. Canais [&hellip;]<\/p>\n","protected":false},"author":5,"featured_media":0,"parent":41,"menu_order":0,"comment_status":"closed","ping_status":"closed","template":"page-subpaginas.php","meta":{"footnotes":""},"class_list":["post-714","page","type-page","status-publish","hentry"],"_links":{"self":[{"href":"https:\/\/jundiai.sp.gov.br\/financas\/wp-json\/wp\/v2\/pages\/714","targetHints":{"allow":["GET"]}}],"collection":[{"href":"https:\/\/jundiai.sp.gov.br\/financas\/wp-json\/wp\/v2\/pages"}],"about":[{"href":"https:\/\/jundiai.sp.gov.br\/financas\/wp-json\/wp\/v2\/types\/page"}],"author":[{"embeddable":true,"href":"https:\/\/jundiai.sp.gov.br\/financas\/wp-json\/wp\/v2\/users\/5"}],"replies":[{"embeddable":true,"href":"https:\/\/jundiai.sp.gov.br\/financas\/wp-json\/wp\/v2\/comments?post=714"}],"version-history":[{"count":7,"href":"https:\/\/jundiai.sp.gov.br\/financas\/wp-json\/wp\/v2\/pages\/714\/revisions"}],"predecessor-version":[{"id":6456,"href":"https:\/\/jundiai.sp.gov.br\/financas\/wp-json\/wp\/v2\/pages\/714\/revisions\/6456"}],"up":[{"embeddable":true,"href":"https:\/\/jundiai.sp.gov.br\/financas\/wp-json\/wp\/v2\/pages\/41"}],"wp:attachment":[{"href":"https:\/\/jundiai.sp.gov.br\/financas\/wp-json\/wp\/v2\/media?parent=714"}],"curies":[{"name":"wp","href":"https:\/\/api.w.org\/{rel}","templated":true}]}}