{"id":718,"date":"2014-09-23T16:00:50","date_gmt":"2014-09-23T19:00:50","guid":{"rendered":"https:\/\/jundiai.sp.gov.br\/financas\/?page_id=718"},"modified":"2019-04-12T14:09:30","modified_gmt":"2019-04-12T17:09:30","slug":"parcelamento","status":"publish","type":"page","link":"https:\/\/jundiai.sp.gov.br\/financas\/issqn\/parcelamento\/","title":{"rendered":"Parcelamento"},"content":{"rendered":"<p>Os cr\u00e9ditos tribut\u00e1rios poder\u00e3o ser parcelados administrativamente junto \u00e0 <a href=\"https:\/\/jundiai.sp.gov.br\/financas\/divida-ativa\/\">Divis\u00e3o de Divida Ativa &#8211; DDA<\/a>, de acordo com lei espec\u00edfica, e est\u00e1 condicionada \u00e0 regularidade da situa\u00e7\u00e3o fiscal do contribuinte no exerc\u00edcio do requerimento, respeitada a natureza do lan\u00e7amento tribut\u00e1rio de cada tributo.<\/p>\n","protected":false},"excerpt":{"rendered":"<p>Os cr\u00e9ditos tribut\u00e1rios poder\u00e3o ser parcelados administrativamente junto \u00e0 Divis\u00e3o de Divida Ativa &#8211; DDA, de acordo com lei espec\u00edfica, e est\u00e1 condicionada \u00e0 regularidade da situa\u00e7\u00e3o fiscal do contribuinte no exerc\u00edcio do requerimento, respeitada a natureza do lan\u00e7amento tribut\u00e1rio de cada tributo.<\/p>\n","protected":false},"author":5,"featured_media":0,"parent":41,"menu_order":0,"comment_status":"closed","ping_status":"closed","template":"page-subpaginas.php","meta":{"footnotes":""},"class_list":["post-718","page","type-page","status-publish","hentry"],"_links":{"self":[{"href":"https:\/\/jundiai.sp.gov.br\/financas\/wp-json\/wp\/v2\/pages\/718","targetHints":{"allow":["GET"]}}],"collection":[{"href":"https:\/\/jundiai.sp.gov.br\/financas\/wp-json\/wp\/v2\/pages"}],"about":[{"href":"https:\/\/jundiai.sp.gov.br\/financas\/wp-json\/wp\/v2\/types\/page"}],"author":[{"embeddable":true,"href":"https:\/\/jundiai.sp.gov.br\/financas\/wp-json\/wp\/v2\/users\/5"}],"replies":[{"embeddable":true,"href":"https:\/\/jundiai.sp.gov.br\/financas\/wp-json\/wp\/v2\/comments?post=718"}],"version-history":[{"count":5,"href":"https:\/\/jundiai.sp.gov.br\/financas\/wp-json\/wp\/v2\/pages\/718\/revisions"}],"predecessor-version":[{"id":3997,"href":"https:\/\/jundiai.sp.gov.br\/financas\/wp-json\/wp\/v2\/pages\/718\/revisions\/3997"}],"up":[{"embeddable":true,"href":"https:\/\/jundiai.sp.gov.br\/financas\/wp-json\/wp\/v2\/pages\/41"}],"wp:attachment":[{"href":"https:\/\/jundiai.sp.gov.br\/financas\/wp-json\/wp\/v2\/media?parent=718"}],"curies":[{"name":"wp","href":"https:\/\/api.w.org\/{rel}","templated":true}]}}