{"id":721,"date":"2014-09-23T16:02:55","date_gmt":"2014-09-23T19:02:55","guid":{"rendered":"https:\/\/jundiai.sp.gov.br\/financas\/?page_id=721"},"modified":"2023-05-02T09:56:02","modified_gmt":"2023-05-02T12:56:02","slug":"nota-fiscal-de-servico","status":"publish","type":"page","link":"https:\/\/jundiai.sp.gov.br\/financas\/issqn\/nota-fiscal-de-servico\/","title":{"rendered":"Nota Fiscal de Servi\u00e7o Eletr\u00f4nica &#8211; NFS-e"},"content":{"rendered":"<p><strong>Implanta\u00e7\u00e3o e vig\u00eancia<\/strong><br \/>\nA Nota Fiscal de Servi\u00e7o Eletr\u00f4nica, documento fiscal emitido e armazenado eletronicamente em sistema pr\u00f3prio da Prefeitura do Munic\u00edpio de Jundia\u00ed, com o objetivo de registrar as opera\u00e7\u00f5es relativas \u00e0 presta\u00e7\u00e3o de servi\u00e7os, foi institu\u00edda pelo <a href=\"https:\/\/jundiai.sp.gov.br\/administracao-e-gestao-de-pessoas\/wp-content\/uploads\/sites\/16\/2017\/06\/Decreto-n%C2%BA-23.005.2011.pdf\">Decreto n\u00ba 23.005\/2011<\/a>, com obrigatoriedade a partir de 01\/08\/2012, pela <a href=\"https:\/\/jundiai.sp.gov.br\/financas\/wp-content\/uploads\/sites\/12\/2014\/09\/Portaria-n%C2%BA-03.2012.pdf\">Portaria n\u00ba 03\/2012<\/a> \u2013 e, atualmente, se encontra regulamentada pelo <a href=\"https:\/\/jundiai.sp.gov.br\/financas\/wp-content\/uploads\/sites\/12\/2018\/01\/decreto-27-250_2018.pdf\">Decreto n\u00b0 27.250\/2017<\/a>.<\/p>\n<p><strong>Emiss\u00e3o da NFS-e<\/strong><br \/>\nA emiss\u00e3o da Nota Fiscal de Servi\u00e7os Eletr\u00f4nica \u2013 NFS-e estar\u00e1 dispon\u00edvel a partir da inscri\u00e7\u00e3o municipal do contribuinte com atividade de presta\u00e7\u00e3o de servi\u00e7o declarada, n\u00e3o sendo necess\u00e1ria autoriza\u00e7\u00e3o pr\u00e9via por parte do Fisco Municipal e ser\u00e1 feita no endere\u00e7o eletr\u00f4nico <a href=\"https:\/\/jundiai.sp.gov.br\">www.jundiai.sp.gov.br<\/a>, no link &#8211; <a href=\"https:\/\/jundiai.sp.gov.br\/financas\/nfs-e\/,\">NFS-e<\/a>\u00a0&#8211; na op\u00e7\u00e3o,\u00a0<a href=\"https:\/\/jundiai.giss.com.br\/\" target=\"_blank\" rel=\"noopener\">Nota Fiscal Eletr\u00f4nica\u00a0<\/a>&#8211; mediante identifica\u00e7\u00e3o e senha.<\/p>\n<p><strong>Quem est\u00e1 obrigado a emitir:<\/strong><br \/>\nAs pessoas jur\u00eddicas prestadoras de servi\u00e7os e as pessoas a estas equiparadas, por ocasi\u00e3o da presta\u00e7\u00e3o de servi\u00e7o, independentemente da incid\u00eancia do Imposto sobre servi\u00e7os de qualquer natureza Artigo 4\u00ba do <a href=\"https:\/\/jundiai.sp.gov.br\/financas\/wp-content\/uploads\/sites\/12\/2018\/01\/decreto-27-250_2018.pdf\">Decreto n\u00b0 27.250\/2017<\/a><\/p>\n<p><strong>Quem est\u00e1 dispensado<\/strong><br \/>\nEst\u00e1 dispensado da emiss\u00e3o de Nota Fiscal de Servi\u00e7os Eletr\u00f4nica: Artigo 13 do <a href=\"https:\/\/jundiai.sp.gov.br\/financas\/wp-content\/uploads\/sites\/12\/2018\/01\/decreto-27-250_2018.pdf\">Decreto n\u00b0 27.250\/2017<\/a><\/p>\n<ul>\n<li>Os cinemas, quando usarem ingressos padronizados, institu\u00eddos pelo \u00f3rg\u00e3o federal competente;<\/li>\n<li>Os teatros, as empresas de transportes coletivos por \u00f4nibus e as de divers\u00f5es;<\/li>\n<li>Os bancos e as institui\u00e7\u00f5es financeiras em geral, que mantenham \u00e0 disposi\u00e7\u00e3o do Fisco, os documentos determinados pelo Banco Central do Brasil;<\/li>\n<li>Os prestadores de servi\u00e7os a que se refere o \u00a7 5\u00ba, do art. 170 da <a href=\"https:\/\/jundiai.sp.gov.br\/financas\/wp-content\/uploads\/sites\/12\/2017\/10\/codigo-tributario-em-pdf-atualizado-ate-lc-580-2017.pdf\">Lei Complementar n\u00ba 460\/2008<\/a><\/li>\n<li>Os delegat\u00e1rios de servi\u00e7os de registros p\u00fablicos, cartor\u00e1rios e notariais;<\/li>\n<li>Os microempreendedores individuais \u2013 MEI, de que trata o \u00a7 1\u00ba do art. 18-A da Lei Complementar n\u00ba 123\/2006, optante pelo Sistema de Recolhimento em Valores Fixos mensais dos Tributos abrangidos pelo Simples Nacional \u2013 SIMEI nas presta\u00e7\u00f5es de servi\u00e7os para tomador final pessoa f\u00edsica; (Artigo 97, Inciso II, Al\u00ednea \u201ca\u201d, Item 1 da Resolu\u00e7\u00e3o do Comit\u00ea Gestor do Simples Nacional \u2013 CGSN de n\u00ba 94\/2011).<\/li>\n<\/ul>\n<p><strong>Quando deve ser emitida<\/strong><br \/>\nDeve ser emitida a Nota Fiscal de Servi\u00e7o Eletr\u00f4nica no momento da presta\u00e7\u00e3o do servi\u00e7o ou antecipadamente, todas as vezes em que forem recebidos adiantamentos, sinais ou parcelas pela conclus\u00e3o de alguma etapa.<\/p>\n","protected":false},"excerpt":{"rendered":"<p>Implanta\u00e7\u00e3o e vig\u00eancia A Nota Fiscal de Servi\u00e7o Eletr\u00f4nica, documento fiscal emitido e armazenado eletronicamente em sistema pr\u00f3prio da Prefeitura do Munic\u00edpio de Jundia\u00ed, com o objetivo de registrar as opera\u00e7\u00f5es relativas \u00e0 presta\u00e7\u00e3o de servi\u00e7os, foi institu\u00edda pelo Decreto n\u00ba 23.005\/2011, com obrigatoriedade a partir de 01\/08\/2012, pela Portaria n\u00ba 03\/2012 \u2013 e, atualmente, [&hellip;]<\/p>\n","protected":false},"author":5,"featured_media":0,"parent":41,"menu_order":0,"comment_status":"closed","ping_status":"closed","template":"page-subpaginas.php","meta":{"footnotes":""},"class_list":["post-721","page","type-page","status-publish","hentry"],"_links":{"self":[{"href":"https:\/\/jundiai.sp.gov.br\/financas\/wp-json\/wp\/v2\/pages\/721","targetHints":{"allow":["GET"]}}],"collection":[{"href":"https:\/\/jundiai.sp.gov.br\/financas\/wp-json\/wp\/v2\/pages"}],"about":[{"href":"https:\/\/jundiai.sp.gov.br\/financas\/wp-json\/wp\/v2\/types\/page"}],"author":[{"embeddable":true,"href":"https:\/\/jundiai.sp.gov.br\/financas\/wp-json\/wp\/v2\/users\/5"}],"replies":[{"embeddable":true,"href":"https:\/\/jundiai.sp.gov.br\/financas\/wp-json\/wp\/v2\/comments?post=721"}],"version-history":[{"count":11,"href":"https:\/\/jundiai.sp.gov.br\/financas\/wp-json\/wp\/v2\/pages\/721\/revisions"}],"predecessor-version":[{"id":5906,"href":"https:\/\/jundiai.sp.gov.br\/financas\/wp-json\/wp\/v2\/pages\/721\/revisions\/5906"}],"up":[{"embeddable":true,"href":"https:\/\/jundiai.sp.gov.br\/financas\/wp-json\/wp\/v2\/pages\/41"}],"wp:attachment":[{"href":"https:\/\/jundiai.sp.gov.br\/financas\/wp-json\/wp\/v2\/media?parent=721"}],"curies":[{"name":"wp","href":"https:\/\/api.w.org\/{rel}","templated":true}]}}