{"id":723,"date":"2014-09-23T16:03:33","date_gmt":"2014-09-23T19:03:33","guid":{"rendered":"https:\/\/jundiai.sp.gov.br\/financas\/?page_id=723"},"modified":"2021-07-15T16:52:51","modified_gmt":"2021-07-15T19:52:51","slug":"habite-se","status":"publish","type":"page","link":"https:\/\/jundiai.sp.gov.br\/financas\/issqn\/habite-se\/","title":{"rendered":"Habite-se"},"content":{"rendered":"<p>Para a obten\u00e7\u00e3o do Auto de Conclus\u00e3o da Obra \u00e9 obrigat\u00f3rio a quita\u00e7\u00e3o do ISS relativo \u00e0 obra.<br \/>\nPara isso, compare\u00e7a no Departamento de Fiscaliza\u00e7\u00e3o Tribut\u00e1ria, localiza\u00e7\u00e3o no 1\u00ba andar, Ala Norte, do Pa\u00e7o Municipal, \u00e0 Avenida da Liberdade, s\/n\u00ba, Vila Bandeirantes, apresentando:<\/p>\n<ul>\n<li><a href=\"https:\/\/jundiai.sp.gov.br\/financas\/wp-content\/uploads\/sites\/12\/2020\/04\/formulario-de-declaracao-de-proprietario-da-obra-dpo-2020.pdf\"><strong>Formul\u00e1rio de Declara\u00e7\u00e3o de Propriet\u00e1rio da Obra &#8211; DPO<\/strong>,<\/a> devidamente preenchido e assinado pelo propriet\u00e1rio de obra ou procurador legal, anexando as Notas Fiscais de Servi\u00e7os de constru\u00e7\u00e3o civil, acompanhadas das respectivas guia de recolhimento do ISS. Se o volume de notas fiscais de servi\u00e7os apresentadas for superior a 50, deve ser utilizado meio magn\u00e9tico \u2013 CD -, utilizando o layout contido em \u201cInstru\u00e7\u00e3o-DPO\u201d;<\/li>\n<li><a href=\"https:\/\/jundiai.sp.gov.br\/financas\/wp-content\/uploads\/sites\/12\/2020\/04\/anexo-dpo-2020.pdf\"><strong>Anexo &#8211; DPO;<\/strong><\/a><\/li>\n<li><strong>C\u00f3pia do carn\u00ea do IPTU<\/strong>;<\/li>\n<li><strong>Planta do im\u00f3vel<\/strong>;<\/li>\n<li><strong><a href=\"https:\/\/jundiai.sp.gov.br\/financas\/wp-content\/uploads\/sites\/12\/2020\/04\/instrucoes-dpo-2020-8.pdf\">Instru\u00e7\u00f5es &#8211; DPO<\/a><\/strong><\/li>\n<\/ul>\n<p>Nos casos de obra constru\u00edda pelo sistema construtivo de pr\u00e9-moldado, devem ser anexados o memorial descritivo e as notas fiscais de compra dos pain\u00e9is.<\/p>\n<ul>\n<li><a href=\"https:\/\/jundiai.sp.gov.br\/financas\/wp-content\/uploads\/sites\/12\/2021\/03\/anexoi_pauta_2021_ufm-1.pdf\">Anexo I<\/a><\/li>\n<li><a href=\"https:\/\/jundiai.sp.gov.br\/financas\/wp-content\/uploads\/sites\/12\/2021\/03\/portaria_uggf_iss_cc_01_2021-1.pdf\">Portaria n\u00b0 01\/2021<\/a><\/li>\n<\/ul>\n","protected":false},"excerpt":{"rendered":"<p>Para a obten\u00e7\u00e3o do Auto de Conclus\u00e3o da Obra \u00e9 obrigat\u00f3rio a quita\u00e7\u00e3o do ISS relativo \u00e0 obra. Para isso, compare\u00e7a no Departamento de Fiscaliza\u00e7\u00e3o Tribut\u00e1ria, localiza\u00e7\u00e3o no 1\u00ba andar, Ala Norte, do Pa\u00e7o Municipal, \u00e0 Avenida da Liberdade, s\/n\u00ba, Vila Bandeirantes, apresentando: Formul\u00e1rio de Declara\u00e7\u00e3o de Propriet\u00e1rio da Obra &#8211; DPO, devidamente preenchido e [&hellip;]<\/p>\n","protected":false},"author":5,"featured_media":0,"parent":41,"menu_order":0,"comment_status":"closed","ping_status":"closed","template":"page-subpaginas.php","meta":{"footnotes":""},"class_list":["post-723","page","type-page","status-publish","hentry"],"_links":{"self":[{"href":"https:\/\/jundiai.sp.gov.br\/financas\/wp-json\/wp\/v2\/pages\/723","targetHints":{"allow":["GET"]}}],"collection":[{"href":"https:\/\/jundiai.sp.gov.br\/financas\/wp-json\/wp\/v2\/pages"}],"about":[{"href":"https:\/\/jundiai.sp.gov.br\/financas\/wp-json\/wp\/v2\/types\/page"}],"author":[{"embeddable":true,"href":"https:\/\/jundiai.sp.gov.br\/financas\/wp-json\/wp\/v2\/users\/5"}],"replies":[{"embeddable":true,"href":"https:\/\/jundiai.sp.gov.br\/financas\/wp-json\/wp\/v2\/comments?post=723"}],"version-history":[{"count":16,"href":"https:\/\/jundiai.sp.gov.br\/financas\/wp-json\/wp\/v2\/pages\/723\/revisions"}],"predecessor-version":[{"id":5277,"href":"https:\/\/jundiai.sp.gov.br\/financas\/wp-json\/wp\/v2\/pages\/723\/revisions\/5277"}],"up":[{"embeddable":true,"href":"https:\/\/jundiai.sp.gov.br\/financas\/wp-json\/wp\/v2\/pages\/41"}],"wp:attachment":[{"href":"https:\/\/jundiai.sp.gov.br\/financas\/wp-json\/wp\/v2\/media?parent=723"}],"curies":[{"name":"wp","href":"https:\/\/api.w.org\/{rel}","templated":true}]}}