{"id":725,"date":"2014-09-23T16:04:09","date_gmt":"2014-09-23T19:04:09","guid":{"rendered":"https:\/\/jundiai.sp.gov.br\/financas\/?page_id=725"},"modified":"2025-07-23T17:11:34","modified_gmt":"2025-07-23T20:11:34","slug":"contato","status":"publish","type":"page","link":"https:\/\/jundiai.sp.gov.br\/financas\/issqn\/contato\/","title":{"rendered":"Contato"},"content":{"rendered":"<h2><strong>Departamento de Fiscaliza\u00e7\u00e3o Tribut\u00e1ria<\/strong><\/h2>\n<p><strong>Respons\u00e1vel pelo setor: <\/strong>Ruben Dario Ramirez Castro<\/p>\n<p><strong>Localiza\u00e7\u00e3o:<\/strong> Pa\u00e7o Municipal &#8211; 1\u00b0 Andar &#8211; Ala Norte Hor\u00e1rio de atendimento: das 9:00 \u00e0s 17:00 hs<\/p>\n<p>Telefones: (11) 4589-8970 \/ 4589-8572<br \/>\nEmail: <a href=\"mailto:dft@jundiai.sp.gov.br\" target=\"_blank\" rel=\"noopener noreferrer\"><strong>dft@jundiai.sp.gov.br<\/strong><\/a><\/p>\n","protected":false},"excerpt":{"rendered":"<p>Departamento de Fiscaliza\u00e7\u00e3o Tribut\u00e1ria Respons\u00e1vel pelo setor: Ruben Dario Ramirez Castro Localiza\u00e7\u00e3o: Pa\u00e7o Municipal &#8211; 1\u00b0 Andar &#8211; Ala Norte Hor\u00e1rio de atendimento: das 9:00 \u00e0s 17:00 hs Telefones: (11) 4589-8970 \/ 4589-8572 Email: dft@jundiai.sp.gov.br<\/p>\n","protected":false},"author":5,"featured_media":0,"parent":41,"menu_order":0,"comment_status":"closed","ping_status":"closed","template":"","meta":{"footnotes":""},"class_list":["post-725","page","type-page","status-publish","hentry"],"_links":{"self":[{"href":"https:\/\/jundiai.sp.gov.br\/financas\/wp-json\/wp\/v2\/pages\/725","targetHints":{"allow":["GET"]}}],"collection":[{"href":"https:\/\/jundiai.sp.gov.br\/financas\/wp-json\/wp\/v2\/pages"}],"about":[{"href":"https:\/\/jundiai.sp.gov.br\/financas\/wp-json\/wp\/v2\/types\/page"}],"author":[{"embeddable":true,"href":"https:\/\/jundiai.sp.gov.br\/financas\/wp-json\/wp\/v2\/users\/5"}],"replies":[{"embeddable":true,"href":"https:\/\/jundiai.sp.gov.br\/financas\/wp-json\/wp\/v2\/comments?post=725"}],"version-history":[{"count":9,"href":"https:\/\/jundiai.sp.gov.br\/financas\/wp-json\/wp\/v2\/pages\/725\/revisions"}],"predecessor-version":[{"id":7197,"href":"https:\/\/jundiai.sp.gov.br\/financas\/wp-json\/wp\/v2\/pages\/725\/revisions\/7197"}],"up":[{"embeddable":true,"href":"https:\/\/jundiai.sp.gov.br\/financas\/wp-json\/wp\/v2\/pages\/41"}],"wp:attachment":[{"href":"https:\/\/jundiai.sp.gov.br\/financas\/wp-json\/wp\/v2\/media?parent=725"}],"curies":[{"name":"wp","href":"https:\/\/api.w.org\/{rel}","templated":true}]}}