{"id":75,"date":"2014-09-10T12:21:58","date_gmt":"2014-09-10T15:21:58","guid":{"rendered":"https:\/\/jundiai.sp.gov.br\/financas\/?page_id=75"},"modified":"2025-02-28T11:38:56","modified_gmt":"2025-02-28T14:38:56","slug":"como-se-cadastrar","status":"publish","type":"page","link":"https:\/\/jundiai.sp.gov.br\/financas\/comercio-ambulante\/como-se-cadastrar\/","title":{"rendered":"Como se Cadastrar"},"content":{"rendered":"\n<p><\/p>\n\n\n\n<p>Para realizar o cadastro, compare\u00e7a \u00e0 Divis\u00e3o de Fiscaliza\u00e7\u00e3o do Com\u00e9rcio (das 9h00 \u00e0s 16h00), localizada no 1\u00b0 Andar &#8211; Ala Norte do Pa\u00e7o Municipal, Av da Liberdade s\/n\u00b0 &#8211; Vila Bandeirantes e\/ou envie e-mail para <a href=\"mailto:dfca@jundiai.sp.gov.br\">dfca@jundiai.sp.gov.br<\/a>.<\/p>\n\n\n\n<p><span style=\"font-weight: 400;\">Apresentar\/enviar os seguintes documentos:<\/span><\/p>\n\n\n\n<div class=\"wp-block-file\"><a id=\"wp-block-file--media-4c57b284-8a28-4538-a115-1f970b3cc62d\" href=\"https:\/\/jundiai.sp.gov.br\/financas\/wp-content\/uploads\/sites\/12\/2025\/02\/formulario-ambulante-2025.pdf\" target=\"_blank\" rel=\"noreferrer noopener\">Requerimento de licen\u00e7a para com\u00e9rcio ambulante \u2013 eventual<\/a><a href=\"https:\/\/jundiai.sp.gov.br\/financas\/wp-content\/uploads\/sites\/12\/2025\/02\/formulario-ambulante-2025.pdf\" class=\"wp-block-file__button wp-element-button\" download aria-describedby=\"wp-block-file--media-4c57b284-8a28-4538-a115-1f970b3cc62d\">Baixar<\/a><\/div>\n\n\n\n<ul class=\"wp-block-list\">\n<li>C\u00f3pia do RG e CPF<\/li>\n\n\n\n<li>Comprovante de endere\u00e7o<\/li>\n\n\n\n<li><span style=\"font-weight: 400;\">C\u00f3pia do documento do ve\u00edculo &#8211; CRLV (caso o ambulante trabalhe com o ve\u00edculo)<\/span><\/li>\n\n\n\n<li><span style=\"font-weight: 400;\">Atestado de sa\u00fade ocupacional &#8211; ASO (somente para venda de produtos aliment\u00edcios)<\/span><\/li>\n\n\n\n<li><span style=\"font-weight: 400;\">Laudo m\u00e9dico, no caso de pessoas com defici\u00eancia f\u00edsica<\/span><\/li>\n\n\n\n<li><span style=\"font-weight: 400;\">Atestado de antecedentes criminais (Pol\u00edcia Civil\/SP)<\/span><\/li>\n\n\n\n<li><span style=\"font-weight: 400;\">Foto(s) da instala\u00e7\u00e3o a ser utilizada<\/span><\/li>\n\n\n\n<li><span style=\"font-weight: 400;\">Croqui e\/ou foto(s) indicando o local exato onde ficar\u00e1 a instala\u00e7\u00e3o (pra\u00e7a, cal\u00e7ada, recuo, etc.)<\/span><\/li>\n<\/ul>\n\n\n\n<p>Se necess\u00e1rio um ajudante, apresentar\/enviar:<\/p>\n\n\n\n<ul class=\"wp-block-list\">\n<li>C\u00f3pia do RG\/CPF<\/li>\n\n\n\n<li>Atestado de sa\u00fade ocupacional &#8211; ASO (somente para venda de produtos aliment\u00edcios)<\/li>\n<\/ul>\n\n\n\n<p><span style=\"font-weight: 400;\">Ap\u00f3s a aprova\u00e7\u00e3o das Unidades gestoras envolvidas (Divis\u00e3o de Fiscaliza\u00e7\u00e3o do Com\u00e9rcio e do Ambulante, Departamento de Abastecimento, Departamento de Urbanismo, Divis\u00e3o de Vigil\u00e2ncia Sanit\u00e1ria, Departamento de Opera\u00e7\u00f5es de Tr\u00e2nsito, Departamento de Zeladoria e Conserva\u00e7\u00e3o, etc.), ser\u00e1 emitida a Licen\u00e7a, bem como a confec\u00e7\u00e3o do crach\u00e1 e a emiss\u00e3o da taxa de licen\u00e7a ambulante.<\/span><\/p>\n\n\n\n<p><span style=\"font-weight: 400;\">A taxa de licen\u00e7a dever\u00e1 ser recolhida semestralmente conforme demostrado abaixo:<\/span><\/p>\n\n\n\n<p><b><i>O valor da UFM \u00e9 corrigido anualmente, sendo ela correspondente a R$ 220,93 (exerc\u00edcio 2024).<\/i><\/b><\/p>\n\n\n\n<p><a href=\"https:\/\/jundiai.sp.gov.br\/financas\/wp-content\/uploads\/sites\/12\/2021\/10\/anexo-iii.pdf\"><b>TAXA DE FISC. DE LICEN\u00c7A DO COM\u00c9RCIO EVENTUAL OU AMBULANTE <\/b><\/a>&nbsp;<\/p>\n\n\n\n<p><strong>Aten\u00e7\u00e3o:<\/strong><\/p>\n\n\n\n<p><span style=\"font-weight: 400;\">A instala\u00e7\u00e3o de com\u00e9rcio ambulante dentro da \u00e1rea destinada para a realiza\u00e7\u00e3o do evento\/festa, deve ser autorizada pela comiss\u00e3o organizadora, atendendo os quesitos estabelecidos, bem como possuir Licen\u00e7a junto ao munic\u00edpio.<\/span><\/p>\n\n\n\n<p><span style=\"font-weight: 400;\">O com\u00e9rcio nas \u00e1reas p\u00fablicas pr\u00f3ximas ao evento somente ser\u00e1 autorizado quando existir edital espec\u00edfico.<\/span><\/p>\n\n\n\n<p><span style=\"font-weight: 400;\">Os vendedores ambulantes somente poder\u00e3o exercer suas atividades ap\u00f3s conclu\u00edda a emiss\u00e3o da Licen\u00e7a e do crach\u00e1.<\/span><\/p>\n\n\n\n<p><span style=\"font-weight: 400;\">No munic\u00edpio de Jundia\u00ed, n\u00e3o existe a taxa de licen\u00e7a para comercializa\u00e7\u00e3o di\u00e1ria.&nbsp;<\/span><\/p>\n","protected":false},"excerpt":{"rendered":"<p>Para realizar o cadastro, compare\u00e7a \u00e0 Divis\u00e3o de Fiscaliza\u00e7\u00e3o do Com\u00e9rcio (das 9h00 \u00e0s 16h00), localizada no 1\u00b0 Andar &#8211; Ala Norte do Pa\u00e7o Municipal, Av da Liberdade s\/n\u00b0 &#8211; Vila Bandeirantes e\/ou envie e-mail para dfca@jundiai.sp.gov.br. Apresentar\/enviar os seguintes documentos: Se necess\u00e1rio um ajudante, apresentar\/enviar: Ap\u00f3s a aprova\u00e7\u00e3o das Unidades gestoras envolvidas (Divis\u00e3o de [&hellip;]<\/p>\n","protected":false},"author":5,"featured_media":0,"parent":27,"menu_order":0,"comment_status":"closed","ping_status":"closed","template":"","meta":{"footnotes":""},"class_list":["post-75","page","type-page","status-publish","hentry"],"_links":{"self":[{"href":"https:\/\/jundiai.sp.gov.br\/financas\/wp-json\/wp\/v2\/pages\/75","targetHints":{"allow":["GET"]}}],"collection":[{"href":"https:\/\/jundiai.sp.gov.br\/financas\/wp-json\/wp\/v2\/pages"}],"about":[{"href":"https:\/\/jundiai.sp.gov.br\/financas\/wp-json\/wp\/v2\/types\/page"}],"author":[{"embeddable":true,"href":"https:\/\/jundiai.sp.gov.br\/financas\/wp-json\/wp\/v2\/users\/5"}],"replies":[{"embeddable":true,"href":"https:\/\/jundiai.sp.gov.br\/financas\/wp-json\/wp\/v2\/comments?post=75"}],"version-history":[{"count":19,"href":"https:\/\/jundiai.sp.gov.br\/financas\/wp-json\/wp\/v2\/pages\/75\/revisions"}],"predecessor-version":[{"id":7173,"href":"https:\/\/jundiai.sp.gov.br\/financas\/wp-json\/wp\/v2\/pages\/75\/revisions\/7173"}],"up":[{"embeddable":true,"href":"https:\/\/jundiai.sp.gov.br\/financas\/wp-json\/wp\/v2\/pages\/27"}],"wp:attachment":[{"href":"https:\/\/jundiai.sp.gov.br\/financas\/wp-json\/wp\/v2\/media?parent=75"}],"curies":[{"name":"wp","href":"https:\/\/api.w.org\/{rel}","templated":true}]}}