{"id":77,"date":"2014-09-10T12:22:19","date_gmt":"2014-09-10T15:22:19","guid":{"rendered":"https:\/\/jundiai.sp.gov.br\/financas\/?page_id=77"},"modified":"2014-09-29T15:00:57","modified_gmt":"2014-09-29T18:00:57","slug":"licenca-e-local","status":"publish","type":"page","link":"https:\/\/jundiai.sp.gov.br\/financas\/comercio-ambulante\/licenca-e-local\/","title":{"rendered":"Licen\u00e7a e Local"},"content":{"rendered":"<h2>Informa\u00e7\u00f5es importantes referentes \u00e0 licen\u00e7a e ao local<\/h2>\n<ul>\n<li>O licenciamento ser\u00e1 renovado em cada exerc\u00edcio, quando anual, a t\u00edtulo prec\u00e1rio, tributado, pessoal e intransfer\u00edvel, e poder\u00e1 ser revogado a qualquer tempo, a ju\u00edzo da Administra\u00e7\u00e3o Municipal sem que assista ao interessado qualquer direito \u00e0 indeniza\u00e7\u00e3o.<\/li>\n<\/ul>\n<ul>\n<li>Quando da revoga\u00e7\u00e3o da licen\u00e7a, o licenciado ser\u00e1 notificado, com anteced\u00eancia m\u00ednima de 30 (trinta) dias.<\/li>\n<\/ul>\n<ul>\n<li>Pelo exerc\u00edcio da atividade licenciada, ser\u00e1 cobrada taxa prevista no C\u00f3digo Tribut\u00e1rio Municipal e o n\u00e3o pagamento da mesma, depois de decorrido 30 (trinta) dias do vencimento da guia, resultar\u00e1 em cancelamento da licen\u00e7a.<\/li>\n<\/ul>\n<ul>\n<li>O n\u00e3o exerc\u00edcio da atividade pelo prazo m\u00e1ximo de 90 (noventa) dias, injustificadamente, implicar\u00e1 na perda da licen\u00e7a, considerando o local vago.<\/li>\n<\/ul>\n<ul>\n<li>O deficiente f\u00edsico poder\u00e1 ter aux\u00edlio de uma pessoa, desde que esta permane\u00e7a junto no local da atividade.<\/li>\n<\/ul>\n","protected":false},"excerpt":{"rendered":"<p>Informa\u00e7\u00f5es importantes referentes \u00e0 licen\u00e7a e ao local O licenciamento ser\u00e1 renovado em cada exerc\u00edcio, quando anual, a t\u00edtulo prec\u00e1rio, tributado, pessoal e intransfer\u00edvel, e poder\u00e1 ser revogado a qualquer tempo, a ju\u00edzo da Administra\u00e7\u00e3o Municipal sem que assista ao interessado qualquer direito \u00e0 indeniza\u00e7\u00e3o. Quando da revoga\u00e7\u00e3o da licen\u00e7a, o licenciado ser\u00e1 notificado, com [&hellip;]<\/p>\n","protected":false},"author":5,"featured_media":0,"parent":27,"menu_order":0,"comment_status":"closed","ping_status":"closed","template":"","meta":{"footnotes":""},"class_list":["post-77","page","type-page","status-publish","hentry"],"_links":{"self":[{"href":"https:\/\/jundiai.sp.gov.br\/financas\/wp-json\/wp\/v2\/pages\/77","targetHints":{"allow":["GET"]}}],"collection":[{"href":"https:\/\/jundiai.sp.gov.br\/financas\/wp-json\/wp\/v2\/pages"}],"about":[{"href":"https:\/\/jundiai.sp.gov.br\/financas\/wp-json\/wp\/v2\/types\/page"}],"author":[{"embeddable":true,"href":"https:\/\/jundiai.sp.gov.br\/financas\/wp-json\/wp\/v2\/users\/5"}],"replies":[{"embeddable":true,"href":"https:\/\/jundiai.sp.gov.br\/financas\/wp-json\/wp\/v2\/comments?post=77"}],"version-history":[{"count":5,"href":"https:\/\/jundiai.sp.gov.br\/financas\/wp-json\/wp\/v2\/pages\/77\/revisions"}],"predecessor-version":[{"id":1110,"href":"https:\/\/jundiai.sp.gov.br\/financas\/wp-json\/wp\/v2\/pages\/77\/revisions\/1110"}],"up":[{"embeddable":true,"href":"https:\/\/jundiai.sp.gov.br\/financas\/wp-json\/wp\/v2\/pages\/27"}],"wp:attachment":[{"href":"https:\/\/jundiai.sp.gov.br\/financas\/wp-json\/wp\/v2\/media?parent=77"}],"curies":[{"name":"wp","href":"https:\/\/api.w.org\/{rel}","templated":true}]}}