{"id":81,"date":"2014-09-10T12:22:53","date_gmt":"2014-09-10T15:22:53","guid":{"rendered":"https:\/\/jundiai.sp.gov.br\/financas\/?page_id=81"},"modified":"2023-10-19T16:38:14","modified_gmt":"2023-10-19T19:38:14","slug":"eventos","status":"publish","type":"page","link":"https:\/\/jundiai.sp.gov.br\/financas\/comercio-ambulante\/eventos\/","title":{"rendered":"Eventos"},"content":{"rendered":"\n<h2 class=\"wp-block-heading\">Com\u00e9rcio Ambulante &#8211; Eventos<\/h2>\n\n\n\n<ul class=\"wp-block-list\">\n<li>Este formul\u00e1rio \u00e9 utilizado para pedidos de autoriza\u00e7\u00e3o para shows, festas, cultos religiosos, exposi\u00e7\u00f5es, apresenta\u00e7\u00f5es e similares, tanto em \u00e1reas p\u00fablicas como em terrenos de propriedade particular, clubes e associa\u00e7\u00f5es.<\/li>\n\n\n\n<li>O contribuinte poder\u00e1 preench\u00ea-lo com anteced\u00eancia e comparecer na Divis\u00e3o de Fiscaliza\u00e7\u00e3o do Com\u00e9rcio para an\u00e1lise e visto e ap\u00f3s protocol\u00e1-lo.<\/li>\n<\/ul>\n\n\n\n<div class=\"wp-block-file\"><a id=\"wp-block-file--media-3b6bcb34-ee57-469c-9771-f87cd245cdaf\" href=\"https:\/\/jundiai.sp.gov.br\/financas\/wp-content\/uploads\/sites\/12\/2023\/10\/formulario-eventos-2023.pdf\" target=\"_blank\" rel=\"noreferrer noopener\">Formul\u00e1rio de autoriza\u00e7\u00e3o para realiza\u00e7\u00e3o de eventos em \u00e1rea particular<\/a><a href=\"https:\/\/jundiai.sp.gov.br\/financas\/wp-content\/uploads\/sites\/12\/2023\/10\/formulario-eventos-2023.pdf\" class=\"wp-block-file__button wp-element-button\" download aria-describedby=\"wp-block-file--media-3b6bcb34-ee57-469c-9771-f87cd245cdaf\">Baixar<\/a><\/div>\n","protected":false},"excerpt":{"rendered":"<p>Com\u00e9rcio Ambulante &#8211; Eventos<\/p>\n","protected":false},"author":5,"featured_media":0,"parent":27,"menu_order":0,"comment_status":"closed","ping_status":"closed","template":"","meta":{"footnotes":""},"class_list":["post-81","page","type-page","status-publish","hentry"],"_links":{"self":[{"href":"https:\/\/jundiai.sp.gov.br\/financas\/wp-json\/wp\/v2\/pages\/81","targetHints":{"allow":["GET"]}}],"collection":[{"href":"https:\/\/jundiai.sp.gov.br\/financas\/wp-json\/wp\/v2\/pages"}],"about":[{"href":"https:\/\/jundiai.sp.gov.br\/financas\/wp-json\/wp\/v2\/types\/page"}],"author":[{"embeddable":true,"href":"https:\/\/jundiai.sp.gov.br\/financas\/wp-json\/wp\/v2\/users\/5"}],"replies":[{"embeddable":true,"href":"https:\/\/jundiai.sp.gov.br\/financas\/wp-json\/wp\/v2\/comments?post=81"}],"version-history":[{"count":8,"href":"https:\/\/jundiai.sp.gov.br\/financas\/wp-json\/wp\/v2\/pages\/81\/revisions"}],"predecessor-version":[{"id":6003,"href":"https:\/\/jundiai.sp.gov.br\/financas\/wp-json\/wp\/v2\/pages\/81\/revisions\/6003"}],"up":[{"embeddable":true,"href":"https:\/\/jundiai.sp.gov.br\/financas\/wp-json\/wp\/v2\/pages\/27"}],"wp:attachment":[{"href":"https:\/\/jundiai.sp.gov.br\/financas\/wp-json\/wp\/v2\/media?parent=81"}],"curies":[{"name":"wp","href":"https:\/\/api.w.org\/{rel}","templated":true}]}}