{"id":13,"date":"2014-09-08T11:40:34","date_gmt":"2014-09-08T14:40:34","guid":{"rendered":"https:\/\/jundiai.sp.gov.br\/tve\/?page_id=13"},"modified":"2025-01-06T12:01:28","modified_gmt":"2025-01-06T15:01:28","slug":"superintendente","status":"publish","type":"page","link":"https:\/\/jundiai.sp.gov.br\/ftvtec\/superintendente\/","title":{"rendered":"Superintendente"},"content":{"rendered":"<div class=\"wp-block-image\">\n<figure class=\"alignleft size-large is-resized\"><img loading=\"lazy\" decoding=\"async\" width=\"631\" height=\"960\" src=\"https:\/\/jundiai.sp.gov.br\/ftvtec\/wp-content\/uploads\/sites\/21\/2025\/01\/tv-tec-junior-guarda-631x960.png\" alt=\"\" class=\"wp-image-78\" style=\"width:235px;height:auto\" srcset=\"https:\/\/jundiai.sp.gov.br\/ftvtec\/wp-content\/uploads\/sites\/21\/2025\/01\/tv-tec-junior-guarda-631x960.png 631w, https:\/\/jundiai.sp.gov.br\/ftvtec\/wp-content\/uploads\/sites\/21\/2025\/01\/tv-tec-junior-guarda-300x456.png 300w, https:\/\/jundiai.sp.gov.br\/ftvtec\/wp-content\/uploads\/sites\/21\/2025\/01\/tv-tec-junior-guarda-768x1168.png 768w, https:\/\/jundiai.sp.gov.br\/ftvtec\/wp-content\/uploads\/sites\/21\/2025\/01\/tv-tec-junior-guarda-1010x1536.png 1010w, https:\/\/jundiai.sp.gov.br\/ftvtec\/wp-content\/uploads\/sites\/21\/2025\/01\/tv-tec-junior-guarda.png 1310w\" sizes=\"auto, (max-width: 631px) 100vw, 631px\" \/><\/figure>\n<\/div>\n\n\n<p><\/p>\n\n\n\n<h2 class=\"wp-block-heading\">J\u00fanior Guarda<\/h2>\n\n\n\n<p>J\u00fanior Guarda \u00e9 jornalista formado pela Universidade Metodista de Piracicaba (UNIMEP), com especializa\u00e7\u00e3o em Jornalismo &#8211; Novas Linguagens pela UNIMEP e em Jornalismo Cultural pela Funda\u00e7\u00e3o Armando \u00c1lvares Penteado (FAAP). Possui ampla experi\u00eancia no setor de comunica\u00e7\u00e3o, tendo atuado como rep\u00f3rter, locutor e apresentador em diversos ve\u00edculos de m\u00eddia televisiva e radiof\u00f4nica na cidade de Santa B\u00e1rbara d\u2019Oeste.<\/p>\n\n\n\n<p>Exerceu a fun\u00e7\u00e3o de editor-chefe de jornalismo na TV Beira Rio, em Piracicaba, e foi diretor de produ\u00e7\u00e3o, jornalismo e programa\u00e7\u00e3o na Rede S\u00e9culo 21, localizada em Campinas. Na \u00e1rea educacional, lecionou no curso de Radiodifus\u00e3o do SENAC e no curso de Publicidade e Propaganda da Rede Anhanguera Educacional.<\/p>\n\n\n\n<p>Al\u00e9m disso, dedicou sete anos ao servi\u00e7o p\u00fablico, ocupando, por tr\u00eas anos, o cargo de chefe do setor de eventos da Secretaria de Cultura e Turismo de Santa B\u00e1rbara d\u2019Oeste.<\/p>\n","protected":false},"excerpt":{"rendered":"<p>J\u00fanior Guarda J\u00fanior Guarda \u00e9 jornalista formado pela Universidade Metodista de Piracicaba (UNIMEP), com especializa\u00e7\u00e3o em Jornalismo &#8211; Novas Linguagens pela UNIMEP e em Jornalismo Cultural pela Funda\u00e7\u00e3o Armando \u00c1lvares Penteado (FAAP). Possui ampla experi\u00eancia no setor de comunica\u00e7\u00e3o, tendo atuado como rep\u00f3rter, locutor e apresentador em diversos ve\u00edculos de m\u00eddia televisiva e radiof\u00f4nica na [&hellip;]<\/p>\n","protected":false},"author":5,"featured_media":0,"parent":0,"menu_order":0,"comment_status":"closed","ping_status":"closed","template":"","meta":{"footnotes":""},"class_list":["post-13","page","type-page","status-publish","hentry"],"_links":{"self":[{"href":"https:\/\/jundiai.sp.gov.br\/ftvtec\/wp-json\/wp\/v2\/pages\/13","targetHints":{"allow":["GET"]}}],"collection":[{"href":"https:\/\/jundiai.sp.gov.br\/ftvtec\/wp-json\/wp\/v2\/pages"}],"about":[{"href":"https:\/\/jundiai.sp.gov.br\/ftvtec\/wp-json\/wp\/v2\/types\/page"}],"author":[{"embeddable":true,"href":"https:\/\/jundiai.sp.gov.br\/ftvtec\/wp-json\/wp\/v2\/users\/5"}],"replies":[{"embeddable":true,"href":"https:\/\/jundiai.sp.gov.br\/ftvtec\/wp-json\/wp\/v2\/comments?post=13"}],"version-history":[{"count":9,"href":"https:\/\/jundiai.sp.gov.br\/ftvtec\/wp-json\/wp\/v2\/pages\/13\/revisions"}],"predecessor-version":[{"id":79,"href":"https:\/\/jundiai.sp.gov.br\/ftvtec\/wp-json\/wp\/v2\/pages\/13\/revisions\/79"}],"wp:attachment":[{"href":"https:\/\/jundiai.sp.gov.br\/ftvtec\/wp-json\/wp\/v2\/media?parent=13"}],"curies":[{"name":"wp","href":"https:\/\/api.w.org\/{rel}","templated":true}]}}