{"id":6,"date":"2014-09-08T14:14:54","date_gmt":"2014-09-08T14:14:54","guid":{"rendered":"https:\/\/jundiai.sp.gov.br\/tve\/?page_id=6"},"modified":"2023-03-28T09:21:13","modified_gmt":"2023-03-28T12:21:13","slug":"tve-jundiai","status":"publish","type":"page","link":"https:\/\/jundiai.sp.gov.br\/ftvtec\/","title":{"rendered":"Funda\u00e7\u00e3o Escola TVTEC Jundia\u00ed"},"content":{"rendered":"\n<h3 class=\"wp-block-heading\">FTVTEC, AGORA TAMB\u00c9M \u00c9 ESPA\u00c7O DE ECONOMIA CRIATIVA<\/h3>\n\n\n\n<p>Um \u00f3rg\u00e3o da Prefeitura de Jundia\u00ed, que atua em diferentes frentes dentro e fora do munic\u00edpio, atua em quatro frentes: conte\u00fados p\u00fablicos, escola de cursos r\u00e1pidos, rede de inovadores com fomento a conex\u00e3o e economia criativa voltado ao ambiente de prosperidade social.<\/p>\n\n\n\n<p>Conhecida n\u00e3o s\u00f3 por levar informa\u00e7\u00e3o relevante ao p\u00fablico de Jundia\u00ed, mas tamb\u00e9m como primeira escola p\u00fablica municipal de m\u00eddias digitais, com cursos gratuitos voltados para toda a comunidade.<\/p>\n\n\n\n<p>H\u00e1 tr\u00eas anos deixa de ser Funda\u00e7\u00e3o Televis\u00e3o Educativa (TVE) e passa a ser conhecida pelos jundiaienses como TVTEC Jundia\u00ed, rede de tecnologia digitais e produ\u00e7\u00e3o audiovisual. No dia 4 de maio de 2021, o reconhecimento do trabalho foi consolidado com o Projeto de Lei de 2021, n\u00ba 13.329\/2021, que alterou o nome para Funda\u00e7\u00e3o Escola TVTEC Jundia\u00ed.<\/p>\n\n\n\n<h3 class=\"wp-block-heading\">Pilares como base de trabalho<\/h3>\n\n\n\n<p><strong><em>Conte\u00fados:<\/em><\/strong> Produtora de conte\u00fado atuando em todas as m\u00eddias sociais (facebook, instagram, twitter, youtube), com foco na informa\u00e7\u00e3o, presta\u00e7\u00e3o de servi\u00e7os e entretenimento. Produ\u00e7\u00e3o di\u00e1ria de temas ligados \u00e0 sa\u00fade, cultura, comportamento, e al\u00e9m de e informa\u00e7\u00f5es<\/p>\n\n\n\n<p><strong><em>Escola de Inoca\u00e7\u00e3o Coisas e Neg\u00f3cios:<\/em><\/strong> Os cursos gratuitos da FTVTEC, on-line e presencial, s\u00e3o uma iniciativa do Programa Jundia\u00ed Empreendedora, da Prefeitura de Jundia\u00ed, que apoia profissionais com algum neg\u00f3cio registrado, seja pequena, m\u00e9dia ou grande empresa.<br>Conhecido como Escola de Inova\u00e7\u00e3o, Coisas e Neg\u00f3cios, o projeto em formato on-line traz um cat\u00e1logo de cursos livres realizados ao vivo, em formato de web aula, nos eixos de audiovisual, m\u00eddias sociais, empreendedorismo e economia criativa.<\/p>\n\n\n\n<p>Os cursos presenciais, com mais de 20 mil vagas ofertadas, s\u00e3o realizados na sede da FTVETC, no Complexo Argos, nos eixos de audiovisual, m\u00eddias sociais, empreendedorismo e economia criativa.<\/p>\n\n\n\n<p><strong><em>Rede de Inovadores:<\/em><\/strong> Re\u00fane mun\u00edcipes com o objetivo de trocar ideias e experi\u00eancias, levantar demandas e apresentar a sua empresa com a oportunidade de network, entre eles, a pr\u00f3pria Prefeitura de Jundia\u00ed. O objetivo \u00e9 facilitar as rela\u00e7\u00f5es no empreendedorismo, impulsionando o desenvolvimento econ\u00f4mico na cidade.<\/p>\n\n\n\n<p>A Rede de Inovadores cumpre uma das metas do governo municipal na \u00e1rea do desenvolvimento econ\u00f4mico, facilitando e apostando na inova\u00e7\u00e3o para estimular o empreendedorismo no munic\u00edpio.<\/p>\n\n\n\n<p><strong><em>Economia criativa:<\/em><\/strong> Com entrega do Galp\u00e3o Criativo, espa\u00e7o anexo \u00e0 Funda\u00e7\u00e3o Escola TVTEC, o quarto eixo de trabalho da Funda\u00e7\u00e3o Escola TVTEC Jundia\u00ed come\u00e7a a ser colocado voltado \u00e0 economia criativa, com mentorias e orienta\u00e7\u00f5es para que o mun\u00edcipe participe de uma trilha desde a legaliza\u00e7\u00e3o do seu neg\u00f3cio at\u00e9 a forma correta e assertiva de oferec\u00ea-lo e fazer o seu marketing com resultados.<\/p>\n\n\n\n<p><\/p>\n\n\n\n<h3 class=\"wp-block-heading\">Not\u00edcias<\/h3>\n\n\n\n<p><strong><a href=\"https:\/\/jundiai.sp.gov.br\/noticias\/tag\/tve-jundiai\/\">Leia as Not\u00edcias Funda\u00e7\u00e3o Escola TVTEC Jundia\u00ed<\/a><\/strong><\/p>\n\n\n\n<h3 class=\"wp-block-heading\">Confira os Est\u00fadios da Televis\u00e3o Educativa de Jundia\u00ed<\/h3>\n\n\n\n<figure class=\"wp-block-table\"><table><tbody><tr><td><a href=\"https:\/\/jundiai.sp.gov.br\/tve\/wp-content\/uploads\/sites\/21\/2017\/04\/TVE_Estudio_A-01.jpg\"><img loading=\"lazy\" decoding=\"async\" class=\"aligncenter size-full wp-image-40\" src=\"https:\/\/jundiai.sp.gov.br\/tve\/wp-content\/uploads\/sites\/21\/2017\/04\/TVE_Estudio_A-01.jpg\" alt=\"\" width=\"1280\" height=\"853\" srcset=\"https:\/\/jundiai.sp.gov.br\/ftvtec\/wp-content\/uploads\/sites\/21\/2017\/04\/TVE_Estudio_A-01.jpg 1280w, https:\/\/jundiai.sp.gov.br\/ftvtec\/wp-content\/uploads\/sites\/21\/2017\/04\/TVE_Estudio_A-01-300x200.jpg 300w, https:\/\/jundiai.sp.gov.br\/ftvtec\/wp-content\/uploads\/sites\/21\/2017\/04\/TVE_Estudio_A-01-768x512.jpg 768w, https:\/\/jundiai.sp.gov.br\/ftvtec\/wp-content\/uploads\/sites\/21\/2017\/04\/TVE_Estudio_A-01-720x480.jpg 720w\" sizes=\"auto, (max-width: 1280px) 100vw, 1280px\" \/><\/a><\/td><td><a href=\"https:\/\/jundiai.sp.gov.br\/tve\/wp-content\/uploads\/sites\/21\/2017\/04\/TVE_Estudio_A-02.jpg\"><img loading=\"lazy\" decoding=\"async\" class=\"aligncenter size-full wp-image-41\" src=\"https:\/\/jundiai.sp.gov.br\/tve\/wp-content\/uploads\/sites\/21\/2017\/04\/TVE_Estudio_A-02.jpg\" alt=\"\" width=\"1280\" height=\"853\" srcset=\"https:\/\/jundiai.sp.gov.br\/ftvtec\/wp-content\/uploads\/sites\/21\/2017\/04\/TVE_Estudio_A-02.jpg 1280w, https:\/\/jundiai.sp.gov.br\/ftvtec\/wp-content\/uploads\/sites\/21\/2017\/04\/TVE_Estudio_A-02-300x200.jpg 300w, https:\/\/jundiai.sp.gov.br\/ftvtec\/wp-content\/uploads\/sites\/21\/2017\/04\/TVE_Estudio_A-02-768x512.jpg 768w, https:\/\/jundiai.sp.gov.br\/ftvtec\/wp-content\/uploads\/sites\/21\/2017\/04\/TVE_Estudio_A-02-720x480.jpg 720w\" sizes=\"auto, (max-width: 1280px) 100vw, 1280px\" \/><\/a><\/td><\/tr><tr><td><a href=\"https:\/\/jundiai.sp.gov.br\/tve\/wp-content\/uploads\/sites\/21\/2017\/04\/TVE_Estudio_B-01.jpg\"><img loading=\"lazy\" decoding=\"async\" class=\"aligncenter size-full wp-image-42\" src=\"https:\/\/jundiai.sp.gov.br\/tve\/wp-content\/uploads\/sites\/21\/2017\/04\/TVE_Estudio_B-01.jpg\" alt=\"\" width=\"1280\" height=\"853\" srcset=\"https:\/\/jundiai.sp.gov.br\/ftvtec\/wp-content\/uploads\/sites\/21\/2017\/04\/TVE_Estudio_B-01.jpg 1280w, https:\/\/jundiai.sp.gov.br\/ftvtec\/wp-content\/uploads\/sites\/21\/2017\/04\/TVE_Estudio_B-01-300x200.jpg 300w, https:\/\/jundiai.sp.gov.br\/ftvtec\/wp-content\/uploads\/sites\/21\/2017\/04\/TVE_Estudio_B-01-768x512.jpg 768w, https:\/\/jundiai.sp.gov.br\/ftvtec\/wp-content\/uploads\/sites\/21\/2017\/04\/TVE_Estudio_B-01-720x480.jpg 720w\" sizes=\"auto, (max-width: 1280px) 100vw, 1280px\" \/><\/a><\/td><td><a href=\"https:\/\/jundiai.sp.gov.br\/tve\/wp-content\/uploads\/sites\/21\/2017\/04\/TVE_Estudio_B-02.jpg\"><img loading=\"lazy\" decoding=\"async\" class=\"aligncenter size-full wp-image-43\" src=\"https:\/\/jundiai.sp.gov.br\/tve\/wp-content\/uploads\/sites\/21\/2017\/04\/TVE_Estudio_B-02.jpg\" alt=\"\" width=\"1280\" height=\"853\" srcset=\"https:\/\/jundiai.sp.gov.br\/ftvtec\/wp-content\/uploads\/sites\/21\/2017\/04\/TVE_Estudio_B-02.jpg 1280w, https:\/\/jundiai.sp.gov.br\/ftvtec\/wp-content\/uploads\/sites\/21\/2017\/04\/TVE_Estudio_B-02-300x200.jpg 300w, https:\/\/jundiai.sp.gov.br\/ftvtec\/wp-content\/uploads\/sites\/21\/2017\/04\/TVE_Estudio_B-02-768x512.jpg 768w, https:\/\/jundiai.sp.gov.br\/ftvtec\/wp-content\/uploads\/sites\/21\/2017\/04\/TVE_Estudio_B-02-720x480.jpg 720w\" sizes=\"auto, (max-width: 1280px) 100vw, 1280px\" \/><\/a><\/td><\/tr><tr><td><a href=\"https:\/\/jundiai.sp.gov.br\/tve\/wp-content\/uploads\/sites\/21\/2017\/04\/TVE_Estudio_B-03.jpg\"><img loading=\"lazy\" decoding=\"async\" class=\"aligncenter size-full wp-image-44\" src=\"https:\/\/jundiai.sp.gov.br\/tve\/wp-content\/uploads\/sites\/21\/2017\/04\/TVE_Estudio_B-03.jpg\" alt=\"\" width=\"1280\" height=\"853\" srcset=\"https:\/\/jundiai.sp.gov.br\/ftvtec\/wp-content\/uploads\/sites\/21\/2017\/04\/TVE_Estudio_B-03.jpg 1280w, https:\/\/jundiai.sp.gov.br\/ftvtec\/wp-content\/uploads\/sites\/21\/2017\/04\/TVE_Estudio_B-03-300x200.jpg 300w, https:\/\/jundiai.sp.gov.br\/ftvtec\/wp-content\/uploads\/sites\/21\/2017\/04\/TVE_Estudio_B-03-768x512.jpg 768w, https:\/\/jundiai.sp.gov.br\/ftvtec\/wp-content\/uploads\/sites\/21\/2017\/04\/TVE_Estudio_B-03-720x480.jpg 720w\" sizes=\"auto, (max-width: 1280px) 100vw, 1280px\" \/><\/a><\/td><td><a href=\"https:\/\/jundiai.sp.gov.br\/tve\/wp-content\/uploads\/sites\/21\/2017\/04\/SWITCHER.jpg\"><img loading=\"lazy\" decoding=\"async\" class=\"aligncenter size-full wp-image-39\" src=\"https:\/\/jundiai.sp.gov.br\/tve\/wp-content\/uploads\/sites\/21\/2017\/04\/SWITCHER.jpg\" alt=\"\" width=\"1280\" height=\"853\" srcset=\"https:\/\/jundiai.sp.gov.br\/ftvtec\/wp-content\/uploads\/sites\/21\/2017\/04\/SWITCHER.jpg 1280w, https:\/\/jundiai.sp.gov.br\/ftvtec\/wp-content\/uploads\/sites\/21\/2017\/04\/SWITCHER-300x200.jpg 300w, https:\/\/jundiai.sp.gov.br\/ftvtec\/wp-content\/uploads\/sites\/21\/2017\/04\/SWITCHER-768x512.jpg 768w, https:\/\/jundiai.sp.gov.br\/ftvtec\/wp-content\/uploads\/sites\/21\/2017\/04\/SWITCHER-720x480.jpg 720w\" sizes=\"auto, (max-width: 1280px) 100vw, 1280px\" \/><\/a><\/td><\/tr><\/tbody><\/table><\/figure>\n\n\n\n<h2 class=\"wp-block-heading\">Contato<\/h2>\n\n\n\n<p>A Funda\u00e7\u00e3o Escola TVTEC Jundia\u00ed fica na avenida Dr. Cavalcanti, n\u00ba 396, Complexo Argos, Vila Arens \u2013 Jundia\u00ed\/SP &#8211; CEP: 13201-500<br>Telefone: (11) 4587-5151<\/p>\n","protected":false},"excerpt":{"rendered":"<p>FTVTEC, AGORA TAMB\u00c9M \u00c9 ESPA\u00c7O DE ECONOMIA CRIATIVA Um \u00f3rg\u00e3o da Prefeitura de Jundia\u00ed, que atua em diferentes frentes dentro e fora do munic\u00edpio, atua em quatro frentes: conte\u00fados p\u00fablicos, escola de cursos r\u00e1pidos, rede de inovadores com fomento a conex\u00e3o e economia criativa voltado ao ambiente de prosperidade social. Conhecida n\u00e3o s\u00f3 por levar [&hellip;]<\/p>\n","protected":false},"author":8,"featured_media":0,"parent":0,"menu_order":0,"comment_status":"open","ping_status":"open","template":"","meta":{"footnotes":""},"class_list":["post-6","page","type-page","status-publish","hentry"],"_links":{"self":[{"href":"https:\/\/jundiai.sp.gov.br\/ftvtec\/wp-json\/wp\/v2\/pages\/6","targetHints":{"allow":["GET"]}}],"collection":[{"href":"https:\/\/jundiai.sp.gov.br\/ftvtec\/wp-json\/wp\/v2\/pages"}],"about":[{"href":"https:\/\/jundiai.sp.gov.br\/ftvtec\/wp-json\/wp\/v2\/types\/page"}],"author":[{"embeddable":true,"href":"https:\/\/jundiai.sp.gov.br\/ftvtec\/wp-json\/wp\/v2\/users\/8"}],"replies":[{"embeddable":true,"href":"https:\/\/jundiai.sp.gov.br\/ftvtec\/wp-json\/wp\/v2\/comments?post=6"}],"version-history":[{"count":18,"href":"https:\/\/jundiai.sp.gov.br\/ftvtec\/wp-json\/wp\/v2\/pages\/6\/revisions"}],"predecessor-version":[{"id":75,"href":"https:\/\/jundiai.sp.gov.br\/ftvtec\/wp-json\/wp\/v2\/pages\/6\/revisions\/75"}],"wp:attachment":[{"href":"https:\/\/jundiai.sp.gov.br\/ftvtec\/wp-json\/wp\/v2\/media?parent=6"}],"curies":[{"name":"wp","href":"https:\/\/api.w.org\/{rel}","templated":true}]}}