{"id":13,"date":"2014-09-08T10:40:54","date_gmt":"2014-09-08T13:40:54","guid":{"rendered":"https:\/\/jundiai.sp.gov.br\/fundo-social-de-solidariedade\/?page_id=13"},"modified":"2025-01-03T14:19:06","modified_gmt":"2025-01-03T17:19:06","slug":"presidente","status":"publish","type":"page","link":"https:\/\/jundiai.sp.gov.br\/fundo-social-de-solidariedade\/presidente\/","title":{"rendered":"Presidente"},"content":{"rendered":"\n<div class=\"wp-block-columns is-layout-flex wp-container-core-columns-is-layout-9d6595d7 wp-block-columns-is-layout-flex\">\n<div class=\"wp-block-column is-layout-flow wp-block-column-is-layout-flow\" style=\"flex-basis:33.33%\">\n<figure class=\"wp-block-image size-large\"><a href=\"https:\/\/jundiai.sp.gov.br\/fundo-social-de-solidariedade\/wp-content\/uploads\/sites\/20\/2025\/01\/ellen_camila_martinelli.jpg\"><img loading=\"lazy\" decoding=\"async\" width=\"640\" height=\"960\" src=\"https:\/\/jundiai.sp.gov.br\/fundo-social-de-solidariedade\/wp-content\/uploads\/sites\/20\/2025\/01\/ellen_camila_martinelli-640x960.jpg\" alt=\"\" class=\"wp-image-108\" srcset=\"https:\/\/jundiai.sp.gov.br\/fundo-social-de-solidariedade\/wp-content\/uploads\/sites\/20\/2025\/01\/ellen_camila_martinelli-640x960.jpg 640w, https:\/\/jundiai.sp.gov.br\/fundo-social-de-solidariedade\/wp-content\/uploads\/sites\/20\/2025\/01\/ellen_camila_martinelli-300x450.jpg 300w, https:\/\/jundiai.sp.gov.br\/fundo-social-de-solidariedade\/wp-content\/uploads\/sites\/20\/2025\/01\/ellen_camila_martinelli-768x1152.jpg 768w, https:\/\/jundiai.sp.gov.br\/fundo-social-de-solidariedade\/wp-content\/uploads\/sites\/20\/2025\/01\/ellen_camila_martinelli-1024x1536.jpg 1024w, https:\/\/jundiai.sp.gov.br\/fundo-social-de-solidariedade\/wp-content\/uploads\/sites\/20\/2025\/01\/ellen_camila_martinelli.jpg 1067w\" sizes=\"auto, (max-width: 640px) 100vw, 640px\" \/><\/a><\/figure>\n<\/div>\n\n\n\n<div class=\"wp-block-column is-layout-flow wp-block-column-is-layout-flow\" style=\"flex-basis:66.66%\">\n<h2 class=\"wp-block-heading\">Ellen Camila Martinelli<\/h2>\n\n\n\n<p>A primeira-dama, Ellen Camila de Sousa Martinelli, \u00e9 uma jundiaiense de 35 anos. Esposa do prefeito de Jundia\u00ed, Gustavo Martinelli, com quem \u00e9 casada h\u00e1 10 anos, \u00e9 m\u00e3e do Arthur de 7 anos e da Manuella de 4 anos.<\/p>\n\n\n\n<p>Ela \u00e9 formada em odontologia e atuava como implantodontista. Adora cozinhar e assume o Fundo Social com um olhar carinhoso e humanizado.<\/p>\n<\/div>\n<\/div>\n","protected":false},"excerpt":{"rendered":"<p>Ellen Camila Martinelli A primeira-dama, Ellen Camila de Sousa Martinelli, \u00e9 uma jundiaiense de 35 anos. Esposa do prefeito de Jundia\u00ed, Gustavo Martinelli, com quem \u00e9 casada h\u00e1 10 anos, \u00e9 m\u00e3e do Arthur de 7 anos e da Manuella de 4 anos. Ela \u00e9 formada em odontologia e atuava como implantodontista. Adora cozinhar e [&hellip;]<\/p>\n","protected":false},"author":5,"featured_media":0,"parent":0,"menu_order":0,"comment_status":"closed","ping_status":"closed","template":"","meta":{"footnotes":""},"class_list":["post-13","page","type-page","status-publish","hentry"],"_links":{"self":[{"href":"https:\/\/jundiai.sp.gov.br\/fundo-social-de-solidariedade\/wp-json\/wp\/v2\/pages\/13","targetHints":{"allow":["GET"]}}],"collection":[{"href":"https:\/\/jundiai.sp.gov.br\/fundo-social-de-solidariedade\/wp-json\/wp\/v2\/pages"}],"about":[{"href":"https:\/\/jundiai.sp.gov.br\/fundo-social-de-solidariedade\/wp-json\/wp\/v2\/types\/page"}],"author":[{"embeddable":true,"href":"https:\/\/jundiai.sp.gov.br\/fundo-social-de-solidariedade\/wp-json\/wp\/v2\/users\/5"}],"replies":[{"embeddable":true,"href":"https:\/\/jundiai.sp.gov.br\/fundo-social-de-solidariedade\/wp-json\/wp\/v2\/comments?post=13"}],"version-history":[{"count":21,"href":"https:\/\/jundiai.sp.gov.br\/fundo-social-de-solidariedade\/wp-json\/wp\/v2\/pages\/13\/revisions"}],"predecessor-version":[{"id":109,"href":"https:\/\/jundiai.sp.gov.br\/fundo-social-de-solidariedade\/wp-json\/wp\/v2\/pages\/13\/revisions\/109"}],"wp:attachment":[{"href":"https:\/\/jundiai.sp.gov.br\/fundo-social-de-solidariedade\/wp-json\/wp\/v2\/media?parent=13"}],"curies":[{"name":"wp","href":"https:\/\/api.w.org\/{rel}","templated":true}]}}