{"id":18,"date":"2025-09-01T14:09:58","date_gmt":"2025-09-01T17:09:58","guid":{"rendered":"https:\/\/jundiai.sp.gov.br\/governo\/?page_id=18"},"modified":"2025-09-01T14:09:58","modified_gmt":"2025-09-01T17:09:58","slug":"unidade-central-de-parcerias-estrategicas","status":"publish","type":"page","link":"https:\/\/jundiai.sp.gov.br\/governo\/unidade-central-de-parcerias-estrategicas\/","title":{"rendered":"Unidade Central de Parcerias Estrat\u00e9gicas"},"content":{"rendered":"\n<p><a href=\"https:\/\/jundiai.sp.gov.br\/redecooperacao\/\" target=\"_blank\" rel=\"noreferrer noopener\">Rede Jundia\u00ed de Coopera\u00e7\u00e3o<\/a><\/p>\n","protected":false},"excerpt":{"rendered":"<p>Rede Jundia\u00ed de Coopera\u00e7\u00e3o<\/p>\n","protected":false},"author":129,"featured_media":0,"parent":0,"menu_order":0,"comment_status":"closed","ping_status":"closed","template":"","meta":{"footnotes":""},"class_list":["post-18","page","type-page","status-publish","hentry"],"_links":{"self":[{"href":"https:\/\/jundiai.sp.gov.br\/governo\/wp-json\/wp\/v2\/pages\/18","targetHints":{"allow":["GET"]}}],"collection":[{"href":"https:\/\/jundiai.sp.gov.br\/governo\/wp-json\/wp\/v2\/pages"}],"about":[{"href":"https:\/\/jundiai.sp.gov.br\/governo\/wp-json\/wp\/v2\/types\/page"}],"author":[{"embeddable":true,"href":"https:\/\/jundiai.sp.gov.br\/governo\/wp-json\/wp\/v2\/users\/129"}],"replies":[{"embeddable":true,"href":"https:\/\/jundiai.sp.gov.br\/governo\/wp-json\/wp\/v2\/comments?post=18"}],"version-history":[{"count":1,"href":"https:\/\/jundiai.sp.gov.br\/governo\/wp-json\/wp\/v2\/pages\/18\/revisions"}],"predecessor-version":[{"id":19,"href":"https:\/\/jundiai.sp.gov.br\/governo\/wp-json\/wp\/v2\/pages\/18\/revisions\/19"}],"wp:attachment":[{"href":"https:\/\/jundiai.sp.gov.br\/governo\/wp-json\/wp\/v2\/media?parent=18"}],"curies":[{"name":"wp","href":"https:\/\/api.w.org\/{rel}","templated":true}]}}