{"id":21,"date":"2025-09-01T14:11:52","date_gmt":"2025-09-01T17:11:52","guid":{"rendered":"https:\/\/jundiai.sp.gov.br\/governo\/?page_id=21"},"modified":"2025-09-01T14:15:35","modified_gmt":"2025-09-01T17:15:35","slug":"governanca-municipal","status":"publish","type":"page","link":"https:\/\/jundiai.sp.gov.br\/governo\/governanca-municipal\/","title":{"rendered":"Governan\u00e7a Municipal"},"content":{"rendered":"\n<p>Desde 2017, a Prefeitura de Jundia\u00ed vem aprimorando sua maneira de governar, com medidas orientadas para resultados, como a implanta\u00e7\u00e3o das Plataformas de Governo, que deu mais efici\u00eancia e agilidade \u00e0 gest\u00e3o p\u00fablica. Seguindo este modelo, que tem o reconhecimento de institui\u00e7\u00f5es internacionais, a Administra\u00e7\u00e3o baixou um decreto instituindo a pol\u00edtica de Governan\u00e7a P\u00fablica Municipal.<\/p>\n\n\n\n<p>A institui\u00e7\u00e3o de uma pol\u00edtica de governo como essa tem, entre suas principais motiva\u00e7\u00f5es, o fortalecimento da confian\u00e7a da sociedade nas institui\u00e7\u00f5es p\u00fablicas, a busca por maior coordena\u00e7\u00e3o das iniciativas de aprimoramento institucional e o estabelecimento de patamares m\u00ednimos de governan\u00e7a.<\/p>\n\n\n\n<p>O decreto, publicado na Imprensa Oficial do Munic\u00edpio no dia 24 de fevereiro de 2021, prev\u00ea tamb\u00e9m a implanta\u00e7\u00e3o de um comit\u00ea executivo que, entre outras fun\u00e7\u00f5es, dever\u00e1 propor medidas para melhorar cada vez mais este novo modelo de governan\u00e7a implantado. O comit\u00ea ser\u00e1 composto por gestores que atuam na plataforma de Governan\u00e7a, Finan\u00e7as e Transpar\u00eancia.<\/p>\n\n\n\n<p>Saiba mais:&nbsp;<a href=\"https:\/\/jundiai.sp.gov.br\/noticias\/2021\/02\/27\/administracao-de-jundiai-institui-politica-de-governanca\/\">https:\/\/jundiai.sp.gov.br\/noticias\/2021\/02\/27\/administracao-de-jundiai-institui-politica-de-governanca\/<\/a>&nbsp;<\/p>\n\n\n\n<p><a href=\"https:\/\/transparencia.jundiai.sp.gov.br\/wp-content\/uploads\/Decreto_32.066__de_26_de_outubro_de_2022-1.pdf\" target=\"_blank\" rel=\"noreferrer noopener\">Decreto 32.066 de 26 de outubro de 2022, que altera o Decreto 29.732\/2021<\/a><\/p>\n\n\n\n<p><a href=\"https:\/\/jundiai.sp.gov.br\/financas\/wp-content\/uploads\/sites\/12\/2021\/03\/decreto-no-29732-de-10-de-fevereiro-de-2021-1.pdf\" target=\"_blank\" rel=\"noreferrer noopener\">Decreto n\u00ba 29.732 de 10 de fevereiro de 2021<\/a><\/p>\n\n\n\n<p><a href=\"https:\/\/jundiai.sp.gov.br\/financas\/wp-content\/uploads\/sites\/12\/2021\/03\/politica-de-governanca-municipal-1-1.pdf\" target=\"_blank\" rel=\"noreferrer noopener\">Do que se trata<\/a><\/p>\n","protected":false},"excerpt":{"rendered":"<p>Desde 2017, a Prefeitura de Jundia\u00ed vem aprimorando sua maneira de governar, com medidas orientadas para resultados, como a implanta\u00e7\u00e3o das Plataformas de Governo, que deu mais efici\u00eancia e agilidade \u00e0 gest\u00e3o p\u00fablica. Seguindo este modelo, que tem o reconhecimento de institui\u00e7\u00f5es internacionais, a Administra\u00e7\u00e3o baixou um decreto instituindo a pol\u00edtica de Governan\u00e7a P\u00fablica Municipal. [&hellip;]<\/p>\n","protected":false},"author":129,"featured_media":0,"parent":0,"menu_order":0,"comment_status":"closed","ping_status":"closed","template":"","meta":{"footnotes":""},"class_list":["post-21","page","type-page","status-publish","hentry"],"_links":{"self":[{"href":"https:\/\/jundiai.sp.gov.br\/governo\/wp-json\/wp\/v2\/pages\/21","targetHints":{"allow":["GET"]}}],"collection":[{"href":"https:\/\/jundiai.sp.gov.br\/governo\/wp-json\/wp\/v2\/pages"}],"about":[{"href":"https:\/\/jundiai.sp.gov.br\/governo\/wp-json\/wp\/v2\/types\/page"}],"author":[{"embeddable":true,"href":"https:\/\/jundiai.sp.gov.br\/governo\/wp-json\/wp\/v2\/users\/129"}],"replies":[{"embeddable":true,"href":"https:\/\/jundiai.sp.gov.br\/governo\/wp-json\/wp\/v2\/comments?post=21"}],"version-history":[{"count":1,"href":"https:\/\/jundiai.sp.gov.br\/governo\/wp-json\/wp\/v2\/pages\/21\/revisions"}],"predecessor-version":[{"id":22,"href":"https:\/\/jundiai.sp.gov.br\/governo\/wp-json\/wp\/v2\/pages\/21\/revisions\/22"}],"wp:attachment":[{"href":"https:\/\/jundiai.sp.gov.br\/governo\/wp-json\/wp\/v2\/media?parent=21"}],"curies":[{"name":"wp","href":"https:\/\/api.w.org\/{rel}","templated":true}]}}