{"id":28,"date":"2025-09-01T14:20:23","date_gmt":"2025-09-01T17:20:23","guid":{"rendered":"https:\/\/jundiai.sp.gov.br\/governo\/?page_id=28"},"modified":"2025-09-04T11:22:15","modified_gmt":"2025-09-04T14:22:15","slug":"secretario","status":"publish","type":"page","link":"https:\/\/jundiai.sp.gov.br\/governo\/secretario\/","title":{"rendered":"Secret\u00e1rio"},"content":{"rendered":"\n<div class=\"wp-block-columns is-layout-flex wp-container-core-columns-is-layout-9d6595d7 wp-block-columns-is-layout-flex\">\n<div class=\"wp-block-column is-layout-flow wp-block-column-is-layout-flow\">\n<figure class=\"wp-block-image size-large\"><img loading=\"lazy\" decoding=\"async\" width=\"640\" height=\"960\" src=\"https:\/\/jundiai.sp.gov.br\/governo\/wp-content\/uploads\/sites\/101\/2025\/09\/entrega_ppa_d-11-640x960.jpg\" alt=\"\" class=\"wp-image-41\" srcset=\"https:\/\/jundiai.sp.gov.br\/governo\/wp-content\/uploads\/sites\/101\/2025\/09\/entrega_ppa_d-11-640x960.jpg 640w, https:\/\/jundiai.sp.gov.br\/governo\/wp-content\/uploads\/sites\/101\/2025\/09\/entrega_ppa_d-11-300x450.jpg 300w, https:\/\/jundiai.sp.gov.br\/governo\/wp-content\/uploads\/sites\/101\/2025\/09\/entrega_ppa_d-11-768x1152.jpg 768w, https:\/\/jundiai.sp.gov.br\/governo\/wp-content\/uploads\/sites\/101\/2025\/09\/entrega_ppa_d-11-1024x1536.jpg 1024w, https:\/\/jundiai.sp.gov.br\/governo\/wp-content\/uploads\/sites\/101\/2025\/09\/entrega_ppa_d-11-1365x2048.jpg 1365w, https:\/\/jundiai.sp.gov.br\/governo\/wp-content\/uploads\/sites\/101\/2025\/09\/entrega_ppa_d-11-scaled.jpg 1707w\" sizes=\"auto, (max-width: 640px) 100vw, 640px\" \/><\/figure>\n<\/div>\n\n\n\n<div class=\"wp-block-column is-layout-flow wp-block-column-is-layout-flow\">\n<h2 class=\"wp-block-heading\"><strong>Abner Henrique Ferreira de Andrade<\/strong><\/h2>\n\n\n\n<p>Bacharel em Direito, publicit\u00e1rio e graduado em<br>Marketing, Abner Henrique Ferreira de Andrade possui 14 anos de experi\u00eancia em governan\u00e7a<br>p\u00fablica. Det\u00e9m forma\u00e7\u00e3o executiva em compliance, investiga\u00e7\u00f5es corporativas, gest\u00e3o de<br>riscos, LGPD, GRI e ESG, com certifica\u00e7\u00f5es por institui\u00e7\u00f5es como Mackenzie e IBEGESP.<\/p>\n\n\n\n<p><br>Sua trajet\u00f3ria inclui a implementa\u00e7\u00e3o de programas de integridade, c\u00f3digos de conduta e<br>auditoria interna, al\u00e9m da estrutura\u00e7\u00e3o de gest\u00e3o de riscos no setor p\u00fablico e privado. Atuou<br>tamb\u00e9m em comunica\u00e7\u00e3o empresarial e marketing pol\u00edtico e de consumo, com \u00eanfase em<br>planejamento estrat\u00e9gico. Sua atua\u00e7\u00e3o \u00e9 pautada na transpar\u00eancia, \u00e9tica e efici\u00eancia, com foco<br>na moderniza\u00e7\u00e3o da gest\u00e3o e articula\u00e7\u00e3o institucional.<\/p>\n<\/div>\n<\/div>\n\n\n\n<p><\/p>\n","protected":false},"excerpt":{"rendered":"<p>Abner Henrique Ferreira de Andrade Bacharel em Direito, publicit\u00e1rio e graduado emMarketing, Abner Henrique Ferreira de Andrade possui 14 anos de experi\u00eancia em governan\u00e7ap\u00fablica. Det\u00e9m forma\u00e7\u00e3o executiva em compliance, investiga\u00e7\u00f5es corporativas, gest\u00e3o deriscos, LGPD, GRI e ESG, com certifica\u00e7\u00f5es por institui\u00e7\u00f5es como Mackenzie e IBEGESP. Sua trajet\u00f3ria inclui a implementa\u00e7\u00e3o de programas de integridade, c\u00f3digos [&hellip;]<\/p>\n","protected":false},"author":129,"featured_media":0,"parent":0,"menu_order":0,"comment_status":"closed","ping_status":"closed","template":"","meta":{"footnotes":""},"class_list":["post-28","page","type-page","status-publish","hentry"],"_links":{"self":[{"href":"https:\/\/jundiai.sp.gov.br\/governo\/wp-json\/wp\/v2\/pages\/28","targetHints":{"allow":["GET"]}}],"collection":[{"href":"https:\/\/jundiai.sp.gov.br\/governo\/wp-json\/wp\/v2\/pages"}],"about":[{"href":"https:\/\/jundiai.sp.gov.br\/governo\/wp-json\/wp\/v2\/types\/page"}],"author":[{"embeddable":true,"href":"https:\/\/jundiai.sp.gov.br\/governo\/wp-json\/wp\/v2\/users\/129"}],"replies":[{"embeddable":true,"href":"https:\/\/jundiai.sp.gov.br\/governo\/wp-json\/wp\/v2\/comments?post=28"}],"version-history":[{"count":3,"href":"https:\/\/jundiai.sp.gov.br\/governo\/wp-json\/wp\/v2\/pages\/28\/revisions"}],"predecessor-version":[{"id":42,"href":"https:\/\/jundiai.sp.gov.br\/governo\/wp-json\/wp\/v2\/pages\/28\/revisions\/42"}],"wp:attachment":[{"href":"https:\/\/jundiai.sp.gov.br\/governo\/wp-json\/wp\/v2\/media?parent=28"}],"curies":[{"name":"wp","href":"https:\/\/api.w.org\/{rel}","templated":true}]}}