{"id":9,"date":"2025-08-29T15:16:58","date_gmt":"2025-08-29T18:16:58","guid":{"rendered":"https:\/\/jundiai.sp.gov.br\/governo\/?page_id=9"},"modified":"2025-09-16T16:30:05","modified_gmt":"2025-09-16T19:30:05","slug":"governo","status":"publish","type":"page","link":"https:\/\/jundiai.sp.gov.br\/governo\/","title":{"rendered":"Governo"},"content":{"rendered":"\n<p>A Secretaria Municipal de Governo tem por finalidade a gest\u00e3o superinstitucional e intersetorial de governo no Munic\u00edpio, suportada pela seguinte estrutura org\u00e2nica b\u00e1sica:<\/p>\n\n\n\n<h2 class=\"wp-block-heading has-text-align-center\">Estrutura da Secretaria<\/h2>\n\n\n\n<p><strong>Secretaria Adjunta de Governo<\/strong><br><strong>Secret\u00e1rio Adjunto:<\/strong> Jo\u00e3o Amilcar Rodrigues Anhesini<br>Pa\u00e7o Municipal &#8211; 6\u00ba andar &#8211;\u00a0<span style=\"font-weight: 400\">Ala Norte<\/span><br>Telefone: (11) 4589-8908<\/p>\n\n\n\n<p><strong>Departamento de Efici\u00eancia Governamental<\/strong><br><strong>Diretor:<\/strong> Kleber Tandello Pereira<br>Pa\u00e7o Municipal &#8211;<span style=\"font-weight: 400\">\u00a06\u00ba andar &#8211; Ala Norte<br>Telefone: (11) 4589-8988<\/span><\/p>\n\n\n\n<p><strong>Departamento de Parcerias e Concess\u00f5es<\/strong><br><strong>Diretora: <\/strong>Ligia Rafaela von Zuben Foga<br><span style=\"font-weight: 400\">Pa\u00e7o Municipal<\/span> <span style=\"font-weight: 400\">\u2013 6\u00ba andar &#8211; Ala Norte<br>Telefone: (11) 4589-9854<\/span><\/p>\n\n\n\n<p><strong>Departamento de Gest\u00e3o de Projetos Estrat\u00e9gicos<br>Diretor: <\/strong>Jo\u00e3o Amilcar Rodrigues Anhesini<br><span style=\"font-weight: 400\">Pa\u00e7o Municipal \u2013 6\u00ba andar &#8211; Ala Norte<br>Telefone: (11) 4589-8908<\/span><\/p>\n\n\n\n<p><strong>Departamento Planejamento, Gest\u00e3o e Finan\u00e7as:<br>Diretor: <\/strong>Lucin\u00e9ia Alves Piacentini<br><span style=\"font-weight: 400\">Pa\u00e7o Municipal \u2013 8\u00ba andar &#8211; Ala Sul<br>Telefone: (11) <\/span>4589-8404<\/p>\n\n\n\n<p>Atuam por coordena\u00e7\u00e3o administrativa da Secretaria Municipal de Governo e a <a href=\"https:\/\/www.daejundiai.com.br\/\" target=\"_blank\" rel=\"noopener\">DAE S\/A \u00c1gua e Esgoto<\/a> e a <a href=\"http:\/\/www.cijun.sp.gov.br\/\" target=\"_blank\" rel=\"noopener\">Companhia de Inform\u00e1tica de Jundia\u00ed (Cijun)<\/a>.<\/p>\n\n\n\n<p><\/p>\n","protected":false},"excerpt":{"rendered":"<p>A Secretaria Municipal de Governo tem por finalidade a gest\u00e3o superinstitucional e intersetorial de governo no Munic\u00edpio, suportada pela seguinte estrutura org\u00e2nica b\u00e1sica: Estrutura da Secretaria Secretaria Adjunta de GovernoSecret\u00e1rio Adjunto: Jo\u00e3o Amilcar Rodrigues AnhesiniPa\u00e7o Municipal &#8211; 6\u00ba andar &#8211;\u00a0Ala NorteTelefone: (11) 4589-8908 Departamento de Efici\u00eancia GovernamentalDiretor: Kleber Tandello PereiraPa\u00e7o Municipal &#8211;\u00a06\u00ba andar &#8211; Ala [&hellip;]<\/p>\n","protected":false},"author":117,"featured_media":0,"parent":0,"menu_order":0,"comment_status":"closed","ping_status":"closed","template":"","meta":{"footnotes":""},"class_list":["post-9","page","type-page","status-publish","hentry"],"_links":{"self":[{"href":"https:\/\/jundiai.sp.gov.br\/governo\/wp-json\/wp\/v2\/pages\/9","targetHints":{"allow":["GET"]}}],"collection":[{"href":"https:\/\/jundiai.sp.gov.br\/governo\/wp-json\/wp\/v2\/pages"}],"about":[{"href":"https:\/\/jundiai.sp.gov.br\/governo\/wp-json\/wp\/v2\/types\/page"}],"author":[{"embeddable":true,"href":"https:\/\/jundiai.sp.gov.br\/governo\/wp-json\/wp\/v2\/users\/117"}],"replies":[{"embeddable":true,"href":"https:\/\/jundiai.sp.gov.br\/governo\/wp-json\/wp\/v2\/comments?post=9"}],"version-history":[{"count":10,"href":"https:\/\/jundiai.sp.gov.br\/governo\/wp-json\/wp\/v2\/pages\/9\/revisions"}],"predecessor-version":[{"id":49,"href":"https:\/\/jundiai.sp.gov.br\/governo\/wp-json\/wp\/v2\/pages\/9\/revisions\/49"}],"wp:attachment":[{"href":"https:\/\/jundiai.sp.gov.br\/governo\/wp-json\/wp\/v2\/media?parent=9"}],"curies":[{"name":"wp","href":"https:\/\/api.w.org\/{rel}","templated":true}]}}