{"id":19,"date":"2014-09-10T11:57:17","date_gmt":"2014-09-10T14:57:17","guid":{"rendered":"https:\/\/jundiai.sp.gov.br\/guarda-municipal\/?page_id=19"},"modified":"2014-09-10T11:57:17","modified_gmt":"2014-09-10T14:57:17","slug":"divisao-florestal","status":"publish","type":"page","link":"https:\/\/jundiai.sp.gov.br\/guarda-municipal\/divisao-florestal\/","title":{"rendered":"Divis\u00e3o Florestal"},"content":{"rendered":"<p>A Divis\u00e3o Florestal &#8211; inicialmente denominada Corpo de Vigilantes e depois Grupamento Florestal &#8211; foi criada com o objetivo de promover a conscientiza\u00e7\u00e3o mais ampla sobre a necessidade de se preservar o meio ambiente, em especial a Serra do Japi.<\/p>\n<p>Com uma equipe formada atualmente por 30 patrulheiros ecol\u00f3gicos, a Divis\u00e3o Florestal tem uma rotina di\u00e1ria ampla, pontual e  efetiva no que se prop\u00f5e, cuidando da reserva tamb\u00e9m nos finais de semana e feriados, da fiscaliza\u00e7\u00e3o e preserva\u00e7\u00e3o da mesma.<\/p>\n<p>Dessa forma, contribui para o crescimento de maneira sustent\u00e1vel, que inclui o controle do desmatamento, as queimadas, a reciclagem do lixo, o tr\u00e1fico de animais silvestres, enfim, valores humanos, os deveres, a responsabilidade ambiental que deve ser transmitida de pai para filho, desde crian\u00e7a.<\/p>\n","protected":false},"excerpt":{"rendered":"<p>A Divis\u00e3o Florestal &#8211; inicialmente denominada Corpo de Vigilantes e depois Grupamento Florestal &#8211; foi criada com o objetivo de promover a conscientiza\u00e7\u00e3o mais ampla sobre a necessidade de se preservar o meio ambiente, em especial a Serra do Japi. Com uma equipe formada atualmente por 30 patrulheiros ecol\u00f3gicos, a Divis\u00e3o Florestal tem uma rotina [&hellip;]<\/p>\n","protected":false},"author":11,"featured_media":0,"parent":0,"menu_order":0,"comment_status":"closed","ping_status":"closed","template":"","meta":{"footnotes":""},"class_list":["post-19","page","type-page","status-publish","hentry"],"_links":{"self":[{"href":"https:\/\/jundiai.sp.gov.br\/guarda-municipal\/wp-json\/wp\/v2\/pages\/19","targetHints":{"allow":["GET"]}}],"collection":[{"href":"https:\/\/jundiai.sp.gov.br\/guarda-municipal\/wp-json\/wp\/v2\/pages"}],"about":[{"href":"https:\/\/jundiai.sp.gov.br\/guarda-municipal\/wp-json\/wp\/v2\/types\/page"}],"author":[{"embeddable":true,"href":"https:\/\/jundiai.sp.gov.br\/guarda-municipal\/wp-json\/wp\/v2\/users\/11"}],"replies":[{"embeddable":true,"href":"https:\/\/jundiai.sp.gov.br\/guarda-municipal\/wp-json\/wp\/v2\/comments?post=19"}],"version-history":[{"count":1,"href":"https:\/\/jundiai.sp.gov.br\/guarda-municipal\/wp-json\/wp\/v2\/pages\/19\/revisions"}],"predecessor-version":[{"id":20,"href":"https:\/\/jundiai.sp.gov.br\/guarda-municipal\/wp-json\/wp\/v2\/pages\/19\/revisions\/20"}],"wp:attachment":[{"href":"https:\/\/jundiai.sp.gov.br\/guarda-municipal\/wp-json\/wp\/v2\/media?parent=19"}],"curies":[{"name":"wp","href":"https:\/\/api.w.org\/{rel}","templated":true}]}}