{"id":6,"date":"2014-09-10T08:14:34","date_gmt":"2014-09-10T11:14:34","guid":{"rendered":"https:\/\/jundiai.sp.gov.br\/guarda-municipal\/?page_id=6"},"modified":"2025-02-07T16:50:09","modified_gmt":"2025-02-07T19:50:09","slug":"guarda-municipal","status":"publish","type":"page","link":"https:\/\/jundiai.sp.gov.br\/guarda-municipal\/","title":{"rendered":"Guarda Municipal"},"content":{"rendered":"\n<p>Criada em 24 de novembro de 1949, a <strong>Guarda Municipal de Jundia\u00ed (GMJ)<\/strong> inicialmente realizava a vigil\u00e2ncia noturna, a fiscaliza\u00e7\u00e3o do tr\u00e2nsito e presta\u00e7\u00e3o de assist\u00eancia social \u00e0 popula\u00e7\u00e3o. Ao longo do tempo o trabalho foi ampliado, hoje \u00e9 subdividida em diversos setores com finalidades espec\u00edficas e desenvolve in\u00fameras a\u00e7\u00f5es: <strong>Grupamento Florestal, Canil, Central de Monitoramento Eletr\u00f4nico de C\u00e2meras, Patrulhamento Comunit\u00e1rio &#8211; Ronda Escolar, Programas Guardi\u00e3 Maria da Penha e Ludicidadania<\/strong>.<\/p>\n\n\n\n<p>Atualmente a institui\u00e7\u00e3o conta com <strong>465 agentes de seguran\u00e7a p\u00fablica, sendo 410 homens e 55 mulheres<\/strong>.<\/p>\n\n\n\n<ul class=\"wp-block-list\">\n<li>O <strong>Grupamento Florestal<\/strong> \u00e9 respons\u00e1vel pela vigil\u00e2ncia realizada 24 horas por dia na Serra do Japi, que tem mais de 80% de sua \u00e1rea preservada.<\/li>\n<\/ul>\n\n\n\n<ul class=\"wp-block-list\">\n<li>Outro setor de grande import\u00e2ncia e efetividade na Guarda Municipal \u00e9 o <strong>Canil<\/strong>, criado em 2003 com a finalidade de auxiliar os guardas municipais na prote\u00e7\u00e3o das instala\u00e7\u00f5es, bens e servi\u00e7os do munic\u00edpio, al\u00e9m de atividades preventivas e educacionais com os c\u00e3es. O Canil est\u00e1 localizada no bairro do Medeiros em uma \u00e1rea de 840 m\u00b2 e conta com 16 c\u00e3es de faro, sendo 12 da ra\u00e7a pastor Belga Malinois, 02 labradores e 02 Bloodhound.<\/li>\n<\/ul>\n\n\n\n<ul class=\"wp-block-list\">\n<li>A<strong> Central de Monitoramento Eletr\u00f4nico de C\u00e2meras, tamb\u00e9m conhecida como Olho Vivo,<\/strong>\u00a0foi inaugurada em 2006 e conta com equipamentos instalados em pontos estrat\u00e9gicos da cidade que auxiliam no combate \u00e0 criminalidade. Por tr\u00e1s dos olhos eletr\u00f4nicos (videomonitoramento), s\u00e3o os olhos humanos que acompanham toda movimenta\u00e7\u00e3o di\u00e1ria na cidade.<\/li>\n<\/ul>\n\n\n\n<ul class=\"wp-block-list\">\n<li>Mais do que \u201cvigiar\u201d as entradas e sa\u00eddas da cidade, pr\u00f3prios p\u00fablicos e locais com grande circula\u00e7\u00e3o de pedestres e motoristas, as c\u00e2meras oferecem muita qualidade de imagem (com perfeita nitidez), alta defini\u00e7\u00e3o, efici\u00eancia e agilidade nas imagens captadas e transmitidas. Sempre atento, o <strong>Olho Vivo funciona 24 horas, de segunda a segunda, inclusive nos finais de semana e feriados<\/strong>, com equipes se revezando ininterruptamente, trabalhando em conjunto com o<strong> Centro de Opera\u00e7\u00f5es T\u00e1ticas (COT)<\/strong>.<\/li>\n<\/ul>\n\n\n\n<ul class=\"wp-block-list\">\n<li>Por meio dos programas<strong> Ronda Escolar &#8211; Anjos da Guarda <\/strong>, as equipes que integram o patrulhamento di\u00e1rio assistem \u00e0 popula\u00e7\u00e3o nas mais variadas ocorr\u00eancias. Dentro do \u00e2mbito de sua compet\u00eancia, diagnosticam problemas e buscam solucion\u00e1-los, sempre no intuito de promover o bem-estar e melhor qualidade de vida com muita seguran\u00e7a. A Ronda Escolar tem por objetivo estreitar as rela\u00e7\u00f5es com a comunidade junto \u00e0s unidades educacionais, com os grupos docentes, alunos e funcion\u00e1rios, visando prevenir irregularidades, preservar o patrim\u00f4nio p\u00fablico e promover pr\u00e1ticas seguras no \u00e2mbito escolar. As viaturas refor\u00e7am diariamente a seguran\u00e7a junto \u00e0s 112 escolas municipais e mais de 40 estaduais. O trabalho come\u00e7a \u00e0s 6h e vai at\u00e9 as 15h; depois, outra equipe de guardas municipais realiza a a\u00e7\u00e3o do final da tarde at\u00e9 a noite, das 16h \u00e0s 23h.<\/li>\n<\/ul>\n\n\n\n<ul class=\"wp-block-list\">\n<li>O programa Patrulha Guardi\u00e3 Maria da Penha foi criado atrav\u00e9s da Lei Municipal n\u00ba 9.231, de 01 de julho de 2019. A lei visa o atendimento \u00e0 mulher v\u00edtima de viol\u00eancia dom\u00e9stica ou familiar que possuam medidas protetivas de urg\u00eancia. Al\u00e9m disso, segue as diretrizes dispostas na Lei Federal n\u00ba 11.340, 07 de agosto de 2006, da Lei Maria da Penha. A GMJ \u00e9 quem executa as a\u00e7\u00f5es \u00e0s v\u00edtimas de viol\u00eancia dom\u00e9stica com rondas e entrevistas.<\/li>\n<\/ul>\n\n\n\n<ul class=\"wp-block-list\">\n<li>O Programa Ludicidadania \u00e9 uma parceria da Unidade de Gest\u00e3o de Educa\u00e7\u00e3o (UGE) e da Unidade de Gest\u00e3o de Seguran\u00e7a Municipal (UGSM) e leva para a sala de aula a discuss\u00e3o sobre seus tr\u00eas eixos:\u00a0 Cidadania, Viver saud\u00e1vel e Comunica\u00e7\u00e3o n\u00e3o violenta.<\/li>\n<\/ul>\n\n\n\n<p><strong>\u201cGuarda Municipal de Jundia\u00ed: combatendo o mal, defendendo o bem. Socorrendo a todos, sem olhar a quem.\u201d<\/strong><\/p>\n\n\n\n<h2 class=\"wp-block-heading\">Not\u00edcias<\/h2>\n\n\n\n<p><strong><a href=\"https:\/\/jundiai.sp.gov.br\/noticias\/tag\/guarda-municipal\/\">Leia as Not\u00edcias da Guarda Municipal<\/a><\/strong><\/p>\n\n\n\n<h2 class=\"wp-block-heading\">Contato<\/h2>\n\n\n\n<p><strong>A Guarda Municipal fica na Avenida Uni\u00e3o dos Ferrovi\u00e1rios, n\u00ba 1600, Complexo Fepasa, Centro &#8211; Jundia\u00ed-SP &#8211; Cep: 13201-160<\/strong><\/p>\n\n\n\n<p>Telefone\/PABX: (11) 4492-9090<br>Administrativo: 4492-9067 \/ 9069 \/ 9070<br>Telefones de emerg\u00eancia: 4492-9060 ou 153 \u2013 24h Central de r\u00e1dio<br>Atendimento de segunda a sexta-feira, das 8h \u00e0s 18h<br><strong><br>E-mails para contato:<\/strong><\/p>\n\n\n\n<p>Comandante: comandantegm@jundiai.sp.gov.br<br>Subcomandante: subcomandantegm@jundiai.sp.gov.br<br>Corregedoria: corregedoriagm@jundiai.sp.gov.br<br>Administra\u00e7\u00e3o: administracaogm@jundiai.gov.br<br>Canil: canilgm@jundiai.sp.gov.br<br>Para assuntos gerais: gmjundiai@jundiai.sp.gov.br<br>Assessoria de Imprensa: imprensagmj@gmail.com<\/p>\n","protected":false},"excerpt":{"rendered":"<p>Criada em 24 de novembro de 1949, a Guarda Municipal de Jundia\u00ed (GMJ) inicialmente realizava a vigil\u00e2ncia noturna, a fiscaliza\u00e7\u00e3o do tr\u00e2nsito e presta\u00e7\u00e3o de assist\u00eancia social \u00e0 popula\u00e7\u00e3o. Ao longo do tempo o trabalho foi ampliado, hoje \u00e9 subdividida em diversos setores com finalidades espec\u00edficas e desenvolve in\u00fameras a\u00e7\u00f5es: Grupamento Florestal, Canil, Central de [&hellip;]<\/p>\n","protected":false},"author":5,"featured_media":0,"parent":0,"menu_order":0,"comment_status":"open","ping_status":"open","template":"","meta":{"footnotes":""},"class_list":["post-6","page","type-page","status-publish","hentry"],"_links":{"self":[{"href":"https:\/\/jundiai.sp.gov.br\/guarda-municipal\/wp-json\/wp\/v2\/pages\/6","targetHints":{"allow":["GET"]}}],"collection":[{"href":"https:\/\/jundiai.sp.gov.br\/guarda-municipal\/wp-json\/wp\/v2\/pages"}],"about":[{"href":"https:\/\/jundiai.sp.gov.br\/guarda-municipal\/wp-json\/wp\/v2\/types\/page"}],"author":[{"embeddable":true,"href":"https:\/\/jundiai.sp.gov.br\/guarda-municipal\/wp-json\/wp\/v2\/users\/5"}],"replies":[{"embeddable":true,"href":"https:\/\/jundiai.sp.gov.br\/guarda-municipal\/wp-json\/wp\/v2\/comments?post=6"}],"version-history":[{"count":23,"href":"https:\/\/jundiai.sp.gov.br\/guarda-municipal\/wp-json\/wp\/v2\/pages\/6\/revisions"}],"predecessor-version":[{"id":99,"href":"https:\/\/jundiai.sp.gov.br\/guarda-municipal\/wp-json\/wp\/v2\/pages\/6\/revisions\/99"}],"wp:attachment":[{"href":"https:\/\/jundiai.sp.gov.br\/guarda-municipal\/wp-json\/wp\/v2\/media?parent=6"}],"curies":[{"name":"wp","href":"https:\/\/api.w.org\/{rel}","templated":true}]}}