{"id":11,"date":"2014-09-17T20:03:01","date_gmt":"2014-09-17T20:03:01","guid":{"rendered":"https:\/\/jundiai.sp.gov.br\/habitacao-social\/?page_id=11"},"modified":"2025-08-25T11:19:22","modified_gmt":"2025-08-25T14:19:22","slug":"fundacao-municipal-de-acao-social","status":"publish","type":"page","link":"https:\/\/jundiai.sp.gov.br\/habitacao-social\/","title":{"rendered":"Habita\u00e7\u00e3o Social"},"content":{"rendered":"\n<p>A Secretaria Municipal Municipal de Habita\u00e7\u00e3o Social tem suas a\u00e7\u00f5es e diretrizes voltadas especialmente para a habita\u00e7\u00e3o de interesse social e para a regulariza\u00e7\u00e3o fundi\u00e1ria, com atua\u00e7\u00e3o priorit\u00e1ria para interven\u00e7\u00e3o urban\u00edstica nas \u00e1reas ocupadas por favelas, corti\u00e7os ou outras formas de subabita\u00e7\u00f5es.<\/p>\n\n\n\n<p>Sua fun\u00e7\u00e3o institucional \u00e9 a implanta\u00e7\u00e3o e supervis\u00e3o da pol\u00edtica habitacional do munic\u00edpio, que visa assegurar o direito social da habita\u00e7\u00e3o, abrangendo n\u00e3o apenas a moradia, mas a oferta e efici\u00eancia dos equipamentos urbanos e comunit\u00e1rios.<\/p>\n\n\n\n<p>Para alcan\u00e7ar os objetivos propostos na melhoria das condi\u00e7\u00f5es de habitabilidade das fam\u00edlias atendidas, a Secretaria Municipal<strong> <\/strong>de Habita\u00e7\u00e3o Social procura envolver a sociedade civil no desenvolvimento das atividades, visando a atua\u00e7\u00e3o em conjunto com as entidades representativas de moradores, al\u00e9m da integra\u00e7\u00e3o com o Conselho Municipal de Habita\u00e7\u00e3o e as parcerias com a iniciativa privada, cooperativas e conv\u00eanios.<\/p>\n\n\n\n<h2 class=\"wp-block-heading\">Not\u00edcias<\/h2>\n\n\n\n<p><strong><a href=\"https:\/\/jundiai.sp.gov.br\/noticias\/tag\/fundacao-municipal-de-acao-social-fumas\/\">Leia as Not\u00edcias da Habita\u00e7\u00e3o Social<\/a><\/strong><\/p>\n\n\n\n<h2 class=\"wp-block-heading\">Contato<\/h2>\n\n\n\n<p>A Secretaria Municipal<strong> <\/strong>de Habita\u00e7\u00e3o Social fica na avenida Uni\u00e3o dos Ferrovi\u00e1rios, 2222 &#8211; Centro &#8211; Jundia\u00ed &#8211; SP<br>Telefone: (11) 4583-1722<br>Fax: (11) 4583-1718<\/p>\n","protected":false},"excerpt":{"rendered":"<p>A Secretaria Municipal Municipal de Habita\u00e7\u00e3o Social tem suas a\u00e7\u00f5es e diretrizes voltadas especialmente para a habita\u00e7\u00e3o de interesse social e para a regulariza\u00e7\u00e3o fundi\u00e1ria, com atua\u00e7\u00e3o priorit\u00e1ria para interven\u00e7\u00e3o urban\u00edstica nas \u00e1reas ocupadas por favelas, corti\u00e7os ou outras formas de subabita\u00e7\u00f5es. Sua fun\u00e7\u00e3o institucional \u00e9 a implanta\u00e7\u00e3o e supervis\u00e3o da pol\u00edtica habitacional do munic\u00edpio, [&hellip;]<\/p>\n","protected":false},"author":5,"featured_media":0,"parent":0,"menu_order":0,"comment_status":"closed","ping_status":"closed","template":"","meta":{"footnotes":""},"class_list":["post-11","page","type-page","status-publish","hentry"],"_links":{"self":[{"href":"https:\/\/jundiai.sp.gov.br\/habitacao-social\/wp-json\/wp\/v2\/pages\/11","targetHints":{"allow":["GET"]}}],"collection":[{"href":"https:\/\/jundiai.sp.gov.br\/habitacao-social\/wp-json\/wp\/v2\/pages"}],"about":[{"href":"https:\/\/jundiai.sp.gov.br\/habitacao-social\/wp-json\/wp\/v2\/types\/page"}],"author":[{"embeddable":true,"href":"https:\/\/jundiai.sp.gov.br\/habitacao-social\/wp-json\/wp\/v2\/users\/5"}],"replies":[{"embeddable":true,"href":"https:\/\/jundiai.sp.gov.br\/habitacao-social\/wp-json\/wp\/v2\/comments?post=11"}],"version-history":[{"count":8,"href":"https:\/\/jundiai.sp.gov.br\/habitacao-social\/wp-json\/wp\/v2\/pages\/11\/revisions"}],"predecessor-version":[{"id":81,"href":"https:\/\/jundiai.sp.gov.br\/habitacao-social\/wp-json\/wp\/v2\/pages\/11\/revisions\/81"}],"wp:attachment":[{"href":"https:\/\/jundiai.sp.gov.br\/habitacao-social\/wp-json\/wp\/v2\/media?parent=11"}],"curies":[{"name":"wp","href":"https:\/\/api.w.org\/{rel}","templated":true}]}}