{"id":13,"date":"2014-09-17T20:04:09","date_gmt":"2014-09-17T20:04:09","guid":{"rendered":"https:\/\/jundiai.sp.gov.br\/habitacao-social\/?page_id=13"},"modified":"2026-01-20T09:16:47","modified_gmt":"2026-01-20T12:16:47","slug":"superintendente","status":"publish","type":"page","link":"https:\/\/jundiai.sp.gov.br\/habitacao-social\/superintendente\/","title":{"rendered":"Secret\u00e1ria"},"content":{"rendered":"\n<div class=\"wp-block-media-text is-stacked-on-mobile is-vertically-aligned-bottom\" style=\"grid-template-columns:31% auto\"><figure class=\"wp-block-media-text__media\"><img loading=\"lazy\" decoding=\"async\" width=\"980\" height=\"960\" src=\"https:\/\/jundiai.sp.gov.br\/habitacao-social\/wp-content\/uploads\/sites\/27\/2026\/01\/whatsapp-image-2026-01-20-at-09-07-42-1-980x960.jpeg\" alt=\"\" class=\"wp-image-99 size-full\" srcset=\"https:\/\/jundiai.sp.gov.br\/habitacao-social\/wp-content\/uploads\/sites\/27\/2026\/01\/whatsapp-image-2026-01-20-at-09-07-42-1-980x960.jpeg 980w, https:\/\/jundiai.sp.gov.br\/habitacao-social\/wp-content\/uploads\/sites\/27\/2026\/01\/whatsapp-image-2026-01-20-at-09-07-42-1-300x294.jpeg 300w, https:\/\/jundiai.sp.gov.br\/habitacao-social\/wp-content\/uploads\/sites\/27\/2026\/01\/whatsapp-image-2026-01-20-at-09-07-42-1-768x752.jpeg 768w, https:\/\/jundiai.sp.gov.br\/habitacao-social\/wp-content\/uploads\/sites\/27\/2026\/01\/whatsapp-image-2026-01-20-at-09-07-42-1.jpeg 1024w\" sizes=\"auto, (max-width: 980px) 100vw, 980px\" \/><\/figure><div class=\"wp-block-media-text__content\">\n<p><\/p>\n\n\n\n<h1 class=\"wp-block-heading\">Kelly Galbieri<\/h1>\n\n\n\n<p><\/p>\n\n\n\n<p>Kelly \u00e9 graduada em Administra\u00e7\u00e3o de Empresas pela Pontif\u00edcia Universidade Cat\u00f3lica de Campinas (PUCCAMP) e em Direito pela Faculdade Padre Anchieta. Possui p\u00f3s-gradua\u00e7\u00e3o em Direito P\u00fablico e em Direito Homoafetivo e G\u00eanero, al\u00e9m de ser mestranda em Constitucionalismo e Democracia. Com s\u00f3lida trajet\u00f3ria na administra\u00e7\u00e3o p\u00fablica, ao longo da carreira, exerceu fun\u00e7\u00f5es relevantes como conselheira tutelar, coordenadora de comiss\u00f5es municipais, diretora jur\u00eddica de organiza\u00e7\u00e3o da sociedade civil e integrante de diversos conselhos e colegiados, refor\u00e7ando seu compromisso com a promo\u00e7\u00e3o de direitos, inclus\u00e3o social e cidadania.<\/p>\n<\/div><\/div>\n","protected":false},"excerpt":{"rendered":"<p>Kelly Galbieri Kelly \u00e9 graduada em Administra\u00e7\u00e3o de Empresas pela Pontif\u00edcia Universidade Cat\u00f3lica de Campinas (PUCCAMP) e em Direito pela Faculdade Padre Anchieta. Possui p\u00f3s-gradua\u00e7\u00e3o em Direito P\u00fablico e em Direito Homoafetivo e G\u00eanero, al\u00e9m de ser mestranda em Constitucionalismo e Democracia. Com s\u00f3lida trajet\u00f3ria na administra\u00e7\u00e3o p\u00fablica, ao longo da carreira, exerceu fun\u00e7\u00f5es relevantes [&hellip;]<\/p>\n","protected":false},"author":5,"featured_media":0,"parent":0,"menu_order":0,"comment_status":"closed","ping_status":"closed","template":"","meta":{"footnotes":""},"class_list":["post-13","page","type-page","status-publish","hentry"],"_links":{"self":[{"href":"https:\/\/jundiai.sp.gov.br\/habitacao-social\/wp-json\/wp\/v2\/pages\/13","targetHints":{"allow":["GET"]}}],"collection":[{"href":"https:\/\/jundiai.sp.gov.br\/habitacao-social\/wp-json\/wp\/v2\/pages"}],"about":[{"href":"https:\/\/jundiai.sp.gov.br\/habitacao-social\/wp-json\/wp\/v2\/types\/page"}],"author":[{"embeddable":true,"href":"https:\/\/jundiai.sp.gov.br\/habitacao-social\/wp-json\/wp\/v2\/users\/5"}],"replies":[{"embeddable":true,"href":"https:\/\/jundiai.sp.gov.br\/habitacao-social\/wp-json\/wp\/v2\/comments?post=13"}],"version-history":[{"count":38,"href":"https:\/\/jundiai.sp.gov.br\/habitacao-social\/wp-json\/wp\/v2\/pages\/13\/revisions"}],"predecessor-version":[{"id":106,"href":"https:\/\/jundiai.sp.gov.br\/habitacao-social\/wp-json\/wp\/v2\/pages\/13\/revisions\/106"}],"wp:attachment":[{"href":"https:\/\/jundiai.sp.gov.br\/habitacao-social\/wp-json\/wp\/v2\/media?parent=13"}],"curies":[{"name":"wp","href":"https:\/\/api.w.org\/{rel}","templated":true}]}}