{"id":104,"date":"2014-08-22T16:57:55","date_gmt":"2014-08-22T19:57:55","guid":{"rendered":"https:\/\/jundiai.sp.gov.br\/servicos-publicos\/?page_id=104"},"modified":"2014-09-29T12:17:48","modified_gmt":"2014-09-29T15:17:48","slug":"reciclagem","status":"publish","type":"page","link":"https:\/\/jundiai.sp.gov.br\/infraestrutura-e-servicos-publicos\/limpeza-publica\/residuos-solidos\/reciclagem\/reciclagem\/","title":{"rendered":"Reciclagem"},"content":{"rendered":"<p>Contribuir para um meio ambiente saud\u00e1vel \u00e9 praticar reciclagem. O lixo recicl\u00e1vel volta a ser utilizado, depois de ser transformado em ind\u00fastrias especializadas. Alguns exemplos:<\/p>\n<p><strong>Pl\u00e1stico:<\/strong> quando jogado no aterro, leva cerca de 400 anos para desaparecer. A reciclagem do pl\u00e1stico representa economia de mat\u00e9rias primas (petr\u00f3leo, g\u00e1s-natural, carv\u00e3o mineral e vegetal) e energia em torno de 90 %;<\/p>\n<p><strong>Latas de alum\u00ednio:<\/strong> de refrigerantes e cervejas s\u00e3o re-manufaturadas com gasto de energia muito inferior ao da manufatura \u00e0 partir da bauxita. A produ\u00e7\u00e3o de uma tonelada de alum\u00ednio consome 5 toneladas de bauxita. Reciclando-se, \u00e9 poss\u00edvel economizar 95 % de energia;<\/p>\n<p><strong>Lata de a\u00e7o:<\/strong> para 75 latas de a\u00e7o recicladas, preserva-se uma \u00e1rvores que seria usada como carv\u00e3o na produ\u00e7\u00e3o. Com 100 latas recicladas, poupa-se o equivalente a 1 l\u00e2mpada de 60 W acesa por 1 hora;<\/p>\n<p><strong>Vidro:<\/strong> para cada tonelada de vidro produzido, gastam-se 1,2 toneladas de mat\u00e9ria-prima (areia, calc\u00e1rio, dolomita, feldspato, b\u00f3rax e carbonato de s\u00f3dio). O vidro \u00e9 100 % recicl\u00e1vel. Cada tonelada de vidro reutilizado economiza 290 kg de petr\u00f3leo gastos na fundi\u00e7\u00e3o;<\/p>\n<p><strong>Papel:<\/strong> a produ\u00e7\u00e3o de 1 tonelada de papel consome 100 mil litros de \u00e1gua. A reutiliza\u00e7\u00e3o de papel gasta somente 2 mil litros. A economia de energia \u00e9 de 71 %. Cada tonelada de papel produzida pela reciclagem economiza de 10 a 20 \u00e1rvores adultas.<\/p>\n<h2>Fa\u00e7a sua parte, recicle e viva melhor na cidade!<\/h2>\n","protected":false},"excerpt":{"rendered":"<p>Contribuir para um meio ambiente saud\u00e1vel \u00e9 praticar reciclagem. O lixo recicl\u00e1vel volta a ser utilizado, depois de ser transformado em ind\u00fastrias especializadas. Alguns exemplos: Pl\u00e1stico: quando jogado no aterro, leva cerca de 400 anos para desaparecer. A reciclagem do pl\u00e1stico representa economia de mat\u00e9rias primas (petr\u00f3leo, g\u00e1s-natural, carv\u00e3o mineral e vegetal) e energia em [&hellip;]<\/p>\n","protected":false},"author":11,"featured_media":0,"parent":88,"menu_order":0,"comment_status":"closed","ping_status":"closed","template":"","meta":{"footnotes":""},"class_list":["post-104","page","type-page","status-publish","hentry"],"_links":{"self":[{"href":"https:\/\/jundiai.sp.gov.br\/infraestrutura-e-servicos-publicos\/wp-json\/wp\/v2\/pages\/104","targetHints":{"allow":["GET"]}}],"collection":[{"href":"https:\/\/jundiai.sp.gov.br\/infraestrutura-e-servicos-publicos\/wp-json\/wp\/v2\/pages"}],"about":[{"href":"https:\/\/jundiai.sp.gov.br\/infraestrutura-e-servicos-publicos\/wp-json\/wp\/v2\/types\/page"}],"author":[{"embeddable":true,"href":"https:\/\/jundiai.sp.gov.br\/infraestrutura-e-servicos-publicos\/wp-json\/wp\/v2\/users\/11"}],"replies":[{"embeddable":true,"href":"https:\/\/jundiai.sp.gov.br\/infraestrutura-e-servicos-publicos\/wp-json\/wp\/v2\/comments?post=104"}],"version-history":[{"count":2,"href":"https:\/\/jundiai.sp.gov.br\/infraestrutura-e-servicos-publicos\/wp-json\/wp\/v2\/pages\/104\/revisions"}],"predecessor-version":[{"id":275,"href":"https:\/\/jundiai.sp.gov.br\/infraestrutura-e-servicos-publicos\/wp-json\/wp\/v2\/pages\/104\/revisions\/275"}],"up":[{"embeddable":true,"href":"https:\/\/jundiai.sp.gov.br\/infraestrutura-e-servicos-publicos\/wp-json\/wp\/v2\/pages\/88"}],"wp:attachment":[{"href":"https:\/\/jundiai.sp.gov.br\/infraestrutura-e-servicos-publicos\/wp-json\/wp\/v2\/media?parent=104"}],"curies":[{"name":"wp","href":"https:\/\/api.w.org\/{rel}","templated":true}]}}