{"id":1068,"date":"2017-07-03T10:02:55","date_gmt":"2017-07-03T13:02:55","guid":{"rendered":"https:\/\/jundiai.sp.gov.br\/infraestrutura-e-servicos-publicos\/?page_id=1068"},"modified":"2017-07-03T10:03:54","modified_gmt":"2017-07-03T13:03:54","slug":"divisao-de-poda-e-supressao-de-arvore","status":"publish","type":"page","link":"https:\/\/jundiai.sp.gov.br\/infraestrutura-e-servicos-publicos\/divisao-de-poda-e-supressao-de-arvore\/","title":{"rendered":"Divis\u00e3o de poda e supress\u00e3o de \u00e1rvore"},"content":{"rendered":"<p>Devido \u00e0 situa\u00e7\u00e3o contratual, a Unidade de Gest\u00e3o de Infraestrutura e Servi\u00e7os P\u00fablicos est\u00e1 aguardando nova licita\u00e7\u00e3o e atendendo \u00e0s solicita\u00e7\u00f5es de emerg\u00eancias da Divis\u00e3o de poda e supress\u00e3o de \u00e1rvore.<\/p>\n","protected":false},"excerpt":{"rendered":"<p>Devido \u00e0 situa\u00e7\u00e3o contratual, a Unidade de Gest\u00e3o de Infraestrutura e Servi\u00e7os P\u00fablicos est\u00e1 aguardando nova licita\u00e7\u00e3o e atendendo \u00e0s solicita\u00e7\u00f5es de emerg\u00eancias da Divis\u00e3o de poda e supress\u00e3o de \u00e1rvore.<\/p>\n","protected":false},"author":30,"featured_media":0,"parent":0,"menu_order":0,"comment_status":"closed","ping_status":"closed","template":"","meta":{"footnotes":""},"class_list":["post-1068","page","type-page","status-publish","hentry"],"_links":{"self":[{"href":"https:\/\/jundiai.sp.gov.br\/infraestrutura-e-servicos-publicos\/wp-json\/wp\/v2\/pages\/1068","targetHints":{"allow":["GET"]}}],"collection":[{"href":"https:\/\/jundiai.sp.gov.br\/infraestrutura-e-servicos-publicos\/wp-json\/wp\/v2\/pages"}],"about":[{"href":"https:\/\/jundiai.sp.gov.br\/infraestrutura-e-servicos-publicos\/wp-json\/wp\/v2\/types\/page"}],"author":[{"embeddable":true,"href":"https:\/\/jundiai.sp.gov.br\/infraestrutura-e-servicos-publicos\/wp-json\/wp\/v2\/users\/30"}],"replies":[{"embeddable":true,"href":"https:\/\/jundiai.sp.gov.br\/infraestrutura-e-servicos-publicos\/wp-json\/wp\/v2\/comments?post=1068"}],"version-history":[{"count":2,"href":"https:\/\/jundiai.sp.gov.br\/infraestrutura-e-servicos-publicos\/wp-json\/wp\/v2\/pages\/1068\/revisions"}],"predecessor-version":[{"id":1070,"href":"https:\/\/jundiai.sp.gov.br\/infraestrutura-e-servicos-publicos\/wp-json\/wp\/v2\/pages\/1068\/revisions\/1070"}],"wp:attachment":[{"href":"https:\/\/jundiai.sp.gov.br\/infraestrutura-e-servicos-publicos\/wp-json\/wp\/v2\/media?parent=1068"}],"curies":[{"name":"wp","href":"https:\/\/api.w.org\/{rel}","templated":true}]}}