{"id":108,"date":"2014-08-22T16:59:58","date_gmt":"2014-08-22T19:59:58","guid":{"rendered":"https:\/\/jundiai.sp.gov.br\/servicos-publicos\/?page_id=108"},"modified":"2019-06-19T17:17:55","modified_gmt":"2019-06-19T20:17:55","slug":"terrenos-baldios-publicos","status":"publish","type":"page","link":"https:\/\/jundiai.sp.gov.br\/infraestrutura-e-servicos-publicos\/limpeza-de-terrenos\/terrenos-baldios-publicos\/","title":{"rendered":"Terrenos Baldios P\u00fablicos"},"content":{"rendered":"<p>As equipes de vistoria das Unidades de Servi\u00e7os dever\u00e3o estar sempre localizando \u00e1reas p\u00fablicas com problemas de mato alto, entulhos, lixo, animais pe\u00e7onhentos, entre outros e providenciando sua adequada limpeza.<\/p>\n<p>Entretanto se o mun\u00edcipe detectar algum problema, solicitamos contatar-nos atrav\u00e9s do telefone 156.<\/p>\n","protected":false},"excerpt":{"rendered":"<p>As equipes de vistoria das Unidades de Servi\u00e7os dever\u00e3o estar sempre localizando \u00e1reas p\u00fablicas com problemas de mato alto, entulhos, lixo, animais pe\u00e7onhentos, entre outros e providenciando sua adequada limpeza. Entretanto se o mun\u00edcipe detectar algum problema, solicitamos contatar-nos atrav\u00e9s do telefone 156.<\/p>\n","protected":false},"author":5,"featured_media":0,"parent":106,"menu_order":0,"comment_status":"closed","ping_status":"closed","template":"","meta":{"footnotes":""},"class_list":["post-108","page","type-page","status-publish","hentry"],"_links":{"self":[{"href":"https:\/\/jundiai.sp.gov.br\/infraestrutura-e-servicos-publicos\/wp-json\/wp\/v2\/pages\/108","targetHints":{"allow":["GET"]}}],"collection":[{"href":"https:\/\/jundiai.sp.gov.br\/infraestrutura-e-servicos-publicos\/wp-json\/wp\/v2\/pages"}],"about":[{"href":"https:\/\/jundiai.sp.gov.br\/infraestrutura-e-servicos-publicos\/wp-json\/wp\/v2\/types\/page"}],"author":[{"embeddable":true,"href":"https:\/\/jundiai.sp.gov.br\/infraestrutura-e-servicos-publicos\/wp-json\/wp\/v2\/users\/5"}],"replies":[{"embeddable":true,"href":"https:\/\/jundiai.sp.gov.br\/infraestrutura-e-servicos-publicos\/wp-json\/wp\/v2\/comments?post=108"}],"version-history":[{"count":3,"href":"https:\/\/jundiai.sp.gov.br\/infraestrutura-e-servicos-publicos\/wp-json\/wp\/v2\/pages\/108\/revisions"}],"predecessor-version":[{"id":1903,"href":"https:\/\/jundiai.sp.gov.br\/infraestrutura-e-servicos-publicos\/wp-json\/wp\/v2\/pages\/108\/revisions\/1903"}],"up":[{"embeddable":true,"href":"https:\/\/jundiai.sp.gov.br\/infraestrutura-e-servicos-publicos\/wp-json\/wp\/v2\/pages\/106"}],"wp:attachment":[{"href":"https:\/\/jundiai.sp.gov.br\/infraestrutura-e-servicos-publicos\/wp-json\/wp\/v2\/media?parent=108"}],"curies":[{"name":"wp","href":"https:\/\/api.w.org\/{rel}","templated":true}]}}