{"id":110,"date":"2014-08-22T17:03:22","date_gmt":"2014-08-22T20:03:22","guid":{"rendered":"https:\/\/jundiai.sp.gov.br\/servicos-publicos\/?page_id=110"},"modified":"2019-06-19T17:17:39","modified_gmt":"2019-06-19T20:17:39","slug":"terrenos-baldios-particulares","status":"publish","type":"page","link":"https:\/\/jundiai.sp.gov.br\/infraestrutura-e-servicos-publicos\/limpeza-de-terrenos\/terrenos-baldios-particulares\/","title":{"rendered":"Terrenos Baldios Particulares"},"content":{"rendered":"<p>Para as \u00e1reas particulares com problemas de mato alto, entulhos, lixo, animais pe\u00e7onhentos, entre outros, o procedimento \u00e9:<\/p>\n<ul>\n<li>A equipe de vistoria da Unidade de Servi\u00e7os verifica a \u00e1rea e, confirmado o problema, notifica o propriet\u00e1rio para que providencie sua adequada limpeza;<\/li>\n<li>Caso o mesmo n\u00e3o atenda a notifica\u00e7\u00e3o, ser\u00e1 multado conforme legisla\u00e7\u00e3o em vigor.<\/li>\n<\/ul>\n<p>Portanto, a Secretaria\u00a0de Servi\u00e7os P\u00fablicos n\u00e3o executa diretamente servi\u00e7os em \u00e1reas particulares.<\/p>\n<p>Propriet\u00e1rios de terrenos, edificados ou n\u00e3o, fiquem sempre atento a limpeza, a capina, a desinfesta\u00e7\u00e3o e drenagem do local.<\/p>\n<p>Mantenha seu cadastro atualizado, junto \u00e0 Prefeitura, para que o contato seja facilitado.<\/p>\n<p>\u00c9 de responsabilidade do atual propriet\u00e1rio informar a venda do terreno e o endere\u00e7o do novo propriet\u00e1rio para atualiza\u00e7\u00e3o do cadastro.<\/p>\n<p>Caso haja guias e sarjetas, mantenha o terreno com muro e cal\u00e7ada em boas condi\u00e7\u00f5es de conserva\u00e7\u00e3o e limpeza, respeitando o usu\u00e1rio de cadeira de rodas.<\/p>\n<p>Qualquer irregularidade identificada, registre pelo telefone 156.<\/p>\n","protected":false},"excerpt":{"rendered":"<p>Para as \u00e1reas particulares com problemas de mato alto, entulhos, lixo, animais pe\u00e7onhentos, entre outros, o procedimento \u00e9: A equipe de vistoria da Unidade de Servi\u00e7os verifica a \u00e1rea e, confirmado o problema, notifica o propriet\u00e1rio para que providencie sua adequada limpeza; Caso o mesmo n\u00e3o atenda a notifica\u00e7\u00e3o, ser\u00e1 multado conforme legisla\u00e7\u00e3o em vigor. [&hellip;]<\/p>\n","protected":false},"author":5,"featured_media":0,"parent":106,"menu_order":0,"comment_status":"closed","ping_status":"closed","template":"","meta":{"footnotes":""},"class_list":["post-110","page","type-page","status-publish","hentry"],"_links":{"self":[{"href":"https:\/\/jundiai.sp.gov.br\/infraestrutura-e-servicos-publicos\/wp-json\/wp\/v2\/pages\/110","targetHints":{"allow":["GET"]}}],"collection":[{"href":"https:\/\/jundiai.sp.gov.br\/infraestrutura-e-servicos-publicos\/wp-json\/wp\/v2\/pages"}],"about":[{"href":"https:\/\/jundiai.sp.gov.br\/infraestrutura-e-servicos-publicos\/wp-json\/wp\/v2\/types\/page"}],"author":[{"embeddable":true,"href":"https:\/\/jundiai.sp.gov.br\/infraestrutura-e-servicos-publicos\/wp-json\/wp\/v2\/users\/5"}],"replies":[{"embeddable":true,"href":"https:\/\/jundiai.sp.gov.br\/infraestrutura-e-servicos-publicos\/wp-json\/wp\/v2\/comments?post=110"}],"version-history":[{"count":3,"href":"https:\/\/jundiai.sp.gov.br\/infraestrutura-e-servicos-publicos\/wp-json\/wp\/v2\/pages\/110\/revisions"}],"predecessor-version":[{"id":1902,"href":"https:\/\/jundiai.sp.gov.br\/infraestrutura-e-servicos-publicos\/wp-json\/wp\/v2\/pages\/110\/revisions\/1902"}],"up":[{"embeddable":true,"href":"https:\/\/jundiai.sp.gov.br\/infraestrutura-e-servicos-publicos\/wp-json\/wp\/v2\/pages\/106"}],"wp:attachment":[{"href":"https:\/\/jundiai.sp.gov.br\/infraestrutura-e-servicos-publicos\/wp-json\/wp\/v2\/media?parent=110"}],"curies":[{"name":"wp","href":"https:\/\/api.w.org\/{rel}","templated":true}]}}