{"id":1207,"date":"2017-09-13T16:58:35","date_gmt":"2017-09-13T19:58:35","guid":{"rendered":"https:\/\/jundiai.sp.gov.br\/infraestrutura-e-servicos-publicos\/?page_id=1207"},"modified":"2024-05-22T15:46:14","modified_gmt":"2024-05-22T18:46:14","slug":"coleta-organica-seletiva-e-cata-treco","status":"publish","type":"page","link":"https:\/\/jundiai.sp.gov.br\/infraestrutura-e-servicos-publicos\/limpeza-publica\/coleta-organica-seletiva-e-cata-treco\/","title":{"rendered":"Coleta Org\u00e2nica, Seletiva e Cata-Treco"},"content":{"rendered":"\n<p>Coleta no endere\u00e7o da Av.Ant\u00f4nio Frederico Ozanan, 2211 ponte S\u00e3o Jo\u00e3o, CEP: 13218-000<br>Elas funcionam no Per\u00edodo Noturno.<br><br>SENDO: <br><strong>Coleta Seletiva:<\/strong> Segundas-feiras e Sextas-feiras<br>Quartas-feiras &#8211; Cata-treco<\/p>\n\n\n\n<p><strong>Coleta lixo Org\u00e2nico:<\/strong> Ter\u00e7as-feiras, Quintas-feiras e S\u00e1bados.<\/p>\n","protected":false},"excerpt":{"rendered":"<p>Coleta no endere\u00e7o da Av.Ant\u00f4nio Frederico Ozanan, 2211 ponte S\u00e3o Jo\u00e3o, CEP: 13218-000Elas funcionam no Per\u00edodo Noturno. SENDO: Coleta Seletiva: Segundas-feiras e Sextas-feirasQuartas-feiras &#8211; Cata-treco Coleta lixo Org\u00e2nico: Ter\u00e7as-feiras, Quintas-feiras e S\u00e1bados.<\/p>\n","protected":false},"author":8,"featured_media":0,"parent":45,"menu_order":0,"comment_status":"closed","ping_status":"closed","template":"interna-busca-coleta\/page-busca-coleta.php","meta":{"footnotes":""},"class_list":["post-1207","page","type-page","status-publish","hentry"],"_links":{"self":[{"href":"https:\/\/jundiai.sp.gov.br\/infraestrutura-e-servicos-publicos\/wp-json\/wp\/v2\/pages\/1207","targetHints":{"allow":["GET"]}}],"collection":[{"href":"https:\/\/jundiai.sp.gov.br\/infraestrutura-e-servicos-publicos\/wp-json\/wp\/v2\/pages"}],"about":[{"href":"https:\/\/jundiai.sp.gov.br\/infraestrutura-e-servicos-publicos\/wp-json\/wp\/v2\/types\/page"}],"author":[{"embeddable":true,"href":"https:\/\/jundiai.sp.gov.br\/infraestrutura-e-servicos-publicos\/wp-json\/wp\/v2\/users\/8"}],"replies":[{"embeddable":true,"href":"https:\/\/jundiai.sp.gov.br\/infraestrutura-e-servicos-publicos\/wp-json\/wp\/v2\/comments?post=1207"}],"version-history":[{"count":4,"href":"https:\/\/jundiai.sp.gov.br\/infraestrutura-e-servicos-publicos\/wp-json\/wp\/v2\/pages\/1207\/revisions"}],"predecessor-version":[{"id":4324,"href":"https:\/\/jundiai.sp.gov.br\/infraestrutura-e-servicos-publicos\/wp-json\/wp\/v2\/pages\/1207\/revisions\/4324"}],"up":[{"embeddable":true,"href":"https:\/\/jundiai.sp.gov.br\/infraestrutura-e-servicos-publicos\/wp-json\/wp\/v2\/pages\/45"}],"wp:attachment":[{"href":"https:\/\/jundiai.sp.gov.br\/infraestrutura-e-servicos-publicos\/wp-json\/wp\/v2\/media?parent=1207"}],"curies":[{"name":"wp","href":"https:\/\/api.w.org\/{rel}","templated":true}]}}