{"id":125,"date":"2014-08-25T11:19:25","date_gmt":"2014-08-25T14:19:25","guid":{"rendered":"https:\/\/jundiai.sp.gov.br\/servicos-publicos\/?page_id=125"},"modified":"2023-09-06T14:31:40","modified_gmt":"2023-09-06T17:31:40","slug":"pracas-e-jardins","status":"publish","type":"page","link":"https:\/\/jundiai.sp.gov.br\/infraestrutura-e-servicos-publicos\/pracas-e-jardins\/","title":{"rendered":"Pra\u00e7as e Jardins"},"content":{"rendered":"<p>As Unidades de Servi\u00e7os s\u00e3o respons\u00e1veis pela manuten\u00e7\u00e3o das pra\u00e7as e jardins p\u00fablicos.<\/p>\n<p>Em caso de necessidade de manuten\u00e7\u00e3o, solicitamos contatar-nos telefone <a href=\"https:\/\/jundiai.sp.gov.br\/156\/\">156<\/a>&nbsp;ou pelo <a href=\"https:\/\/jundiai.sp.gov.br\/comunicacao\/aplicativo-prefeitura-de-jundiai\/\" target=\"_blank\" rel=\"noopener\">Aplicativo Jundia\u00ed.<\/a><\/p>\n\n\n<h2 class=\"wp-block-heading\">Pra\u00e7a Fam\u00edlia &amp; Espa\u00e7o Pet<\/h2>\n\n\n\n<p><strong>Pra\u00e7a Fam\u00edlia &amp; Espa\u00e7o Pet Nove de Julho<\/strong>&nbsp;\u2013 cruzamento das avenidas Nove de Julho e Lu\u00eds Latorre.<\/p>\n\n\n\n<p><strong>Pra\u00e7a Fam\u00edlia &amp; Espa\u00e7o Pet Col\u00f4nia<\/strong>&nbsp;\u2013 pra\u00e7a Duque de Caxias, pr\u00f3xima \u00e0 UBS do bairro.<\/p>\n\n\n\n<p><strong>Pra\u00e7a Fam\u00edlia &amp; Espa\u00e7o Pet Cidade Jardim<\/strong>\u00a0\u2013 Rua Elisa Machado Benassi.<\/p>\n\n\n\n<p><strong>Pra\u00e7a Fam\u00edlia &amp; Espa\u00e7o Pet Ponte S\u00e3o Jo\u00e3o\u00a0<\/strong>\u2013 Rua Eloy Chaves.<\/p>\n\n\n\n<p><strong>Pra\u00e7a Fam\u00edlia &amp; Espa\u00e7o Pet Jardim Merci<\/strong>\u00a0\u2013 rua At\u00edlio Schiavi.<\/p>\n\n\n\n<p><strong>Pra\u00e7a Fam\u00edlia &amp; Espa\u00e7o Pet Santa Gertrudes<\/strong> &#8211; entre as ruas \u00c2ngelo Bardi e Emerson Barbosa da Silva<\/p>\n\n\n\n<p><strong>Parque Linear Gon\u00e7alo de Souza e Espa\u00e7o Fam\u00edlia &amp; Pet Parque da Represa <\/strong>&#8211; entorno do rio Jundia\u00ed-Mirim<\/p>\n\n\n\n<p><strong><a href=\"https:\/\/jundiai.sp.gov.br\/infraestrutura-e-servicos-publicos\/praca-pet-jose-diogo-de-souza-ceccap\/\">Pra\u00e7a Fam\u00edlia &amp; Espa\u00e7o Pet  Cecap<\/a> &#8211; <\/strong>Rua Alceu de Toledo Pontes<\/p>\n\n\n\n<p><strong>Pra\u00e7a Fam\u00edlia &amp; Espa\u00e7o Pet Eloy Chaves &#8211;<\/strong> Rua Chiara Lubuch<\/p>\n","protected":false},"excerpt":{"rendered":"<p>As Unidades de Servi\u00e7os s\u00e3o respons\u00e1veis pela manuten\u00e7\u00e3o das pra\u00e7as e jardins p\u00fablicos. Em caso de necessidade de manuten\u00e7\u00e3o, solicitamos contatar-nos telefone 156&nbsp;ou pelo Aplicativo Jundia\u00ed. Pra\u00e7a Fam\u00edlia &amp; Espa\u00e7o Pet Pra\u00e7a Fam\u00edlia &amp; Espa\u00e7o Pet Nove de Julho&nbsp;\u2013 cruzamento das avenidas Nove de Julho e Lu\u00eds Latorre. Pra\u00e7a Fam\u00edlia &amp; Espa\u00e7o Pet Col\u00f4nia&nbsp;\u2013 pra\u00e7a [&hellip;]<\/p>\n","protected":false},"author":5,"featured_media":0,"parent":0,"menu_order":0,"comment_status":"closed","ping_status":"closed","template":"","meta":{"footnotes":""},"class_list":["post-125","page","type-page","status-publish","hentry"],"_links":{"self":[{"href":"https:\/\/jundiai.sp.gov.br\/infraestrutura-e-servicos-publicos\/wp-json\/wp\/v2\/pages\/125","targetHints":{"allow":["GET"]}}],"collection":[{"href":"https:\/\/jundiai.sp.gov.br\/infraestrutura-e-servicos-publicos\/wp-json\/wp\/v2\/pages"}],"about":[{"href":"https:\/\/jundiai.sp.gov.br\/infraestrutura-e-servicos-publicos\/wp-json\/wp\/v2\/types\/page"}],"author":[{"embeddable":true,"href":"https:\/\/jundiai.sp.gov.br\/infraestrutura-e-servicos-publicos\/wp-json\/wp\/v2\/users\/5"}],"replies":[{"embeddable":true,"href":"https:\/\/jundiai.sp.gov.br\/infraestrutura-e-servicos-publicos\/wp-json\/wp\/v2\/comments?post=125"}],"version-history":[{"count":8,"href":"https:\/\/jundiai.sp.gov.br\/infraestrutura-e-servicos-publicos\/wp-json\/wp\/v2\/pages\/125\/revisions"}],"predecessor-version":[{"id":3984,"href":"https:\/\/jundiai.sp.gov.br\/infraestrutura-e-servicos-publicos\/wp-json\/wp\/v2\/pages\/125\/revisions\/3984"}],"wp:attachment":[{"href":"https:\/\/jundiai.sp.gov.br\/infraestrutura-e-servicos-publicos\/wp-json\/wp\/v2\/media?parent=125"}],"curies":[{"name":"wp","href":"https:\/\/api.w.org\/{rel}","templated":true}]}}