{"id":22,"date":"2014-08-21T19:15:43","date_gmt":"2014-08-21T22:15:43","guid":{"rendered":"https:\/\/jundiai.sp.gov.br\/servicos-publicos\/?page_id=22"},"modified":"2026-01-07T16:28:35","modified_gmt":"2026-01-07T19:28:35","slug":"remocao-de-arvores","status":"publish","type":"page","link":"https:\/\/jundiai.sp.gov.br\/infraestrutura-e-servicos-publicos\/arborizacao-urbana\/remocao-de-arvores\/","title":{"rendered":"Supress\u00e3o e substitui\u00e7\u00e3o de \u00e1rvores"},"content":{"rendered":"\n<p>A supress\u00e3o (=remo\u00e7\u00e3o) e a substitui\u00e7\u00e3o de \u00e1rvores em \u00e1reas p\u00fablicas (cal\u00e7adas,<br>parques, jardins e pra\u00e7as) s\u00e3o tarefas de compet\u00eancia \u00fanica e exclusiva da Unidade de<br>Gest\u00e3o de Infraestrutura e Servi\u00e7os P\u00fablicos.<br><br>O primeiro passo \u00e9 solicitar a avalia\u00e7\u00e3o da \u00e1rvore: o (a) interessado(a) precisa enviar a<br>documenta\u00e7\u00e3o atrav\u00e9s do e-mail\u00a0dpaj@jundiai.sp.gov.br, que abrir\u00e1 um processo<br>espec\u00edfico para o local. Um t\u00e9cnico far\u00e1 a inspe\u00e7\u00e3o no local e o caso ser\u00e1 avaliado<br>segundo crit\u00e9rios t\u00e9cnicos consolidados na \u00e1rea de arboriza\u00e7\u00e3o urbana. Se o parecer<br>for favor\u00e1vel, um engenheiro agr\u00f4nomo aprovar\u00e1 o pedido, que ser\u00e1 executado de<br>acordo com a programa\u00e7\u00e3o de servi\u00e7os do DPJP (e gravidade do caso). Faz parte do<br>processo buscar uma forma de substituir a \u00e1rvore, portanto um novo plantio \u00e9<br>prov\u00e1vel, se houver condi\u00e7\u00f5es no local \u2013 sempre considerando esp\u00e9cies adequadas ao<br>ambiente urbano.<br><br>Para abrir o processo solicitando a avalia\u00e7\u00e3o da \u00e1rvore, com objetivo de supress\u00e3o ou<br>substitui\u00e7\u00e3o, s\u00e3o necess\u00e1rios:<br>1.\u00a0Se o solicitante \u00e9 o propriet\u00e1rio do im\u00f3vel relacionado \u00e0 \u00e1rvore:<br>documento pessoal (RG ou CNH);<br><br>2.\u00a0Se o solicitante \u00e9 o morador do im\u00f3vel relacionado \u00e0 \u00e1rvore, mas n\u00e3o \u00e9 o<br>propriet\u00e1rio: al\u00e9m do seu documento pessoal, apresentar uma procura\u00e7\u00e3o espec\u00edfica<br>para este processo;<br><br>3.\u00a0Apresentar: c\u00f3pia de IPTU do ano e conta de \u00e1gua\/energia (de at\u00e9 30 dias);<br><br>4.\u00a0Se o solicitante \u00e9 pessoa jur\u00eddica: apresentar tamb\u00e9m c\u00f3pia do contrato<br>social consolidado ou contrato com altera\u00e7\u00f5es;<br><br>5.\u00a0Se o solicitante \u00e9 condom\u00ednio ou associa\u00e7\u00e3o: apresentar tamb\u00e9m c\u00f3pia do<br>estatuto vigente E ata de elei\u00e7\u00e3o da \u00faltima diretoria (vigente);<br><br>6.\u00a0Formul\u00e1rio\u00a0(fornecido pelo setor de Protocolo) preenchido com as justificativas para<br>a solicita\u00e7\u00e3o: descrever os argumentos que sustentem a supress\u00e3o ou substitui\u00e7\u00e3o da<br>\u00e1rvore. Devem ser objetivos, e detalhar eventuais danos supostamente causados pela \u00e1rvore. Queda de folhas, flores ou frutos, presen\u00e7a de abelhas, lagartas ou morcegos n\u00e3o s\u00e3o argumento v\u00e1lidos, salvo casos extremos, que devem ser detalhados;<br><br>7.\u00a0Notas fiscais\/recibos de despesas, fotos e outros documentos relacionados a<br>danos\/reparos que sustentem os argumentos da solicita\u00e7\u00e3o tamb\u00e9m podem ser<br>inclu\u00eddos, opcionalmente. Em caso de obras (constru\u00e7\u00e3o, reforma e modifica\u00e7\u00f5es na fachada) que requeiram a remo\u00e7\u00e3o de \u00e1rvore(s), al\u00e9m das informa\u00e7\u00f5es acima, incluir:<br><br>8.\u00a0Projeto t\u00e9cnico com medidas completas da fachada, indicando a posi\u00e7\u00e3o atual da(s)<br>\u00e1rvore(s) e dos elementos do im\u00f3vel (garagem, port\u00e3o, entrada, muro, etc) que ser\u00e3o<br>modificados. Importante: o pedido de poda de \u00e1rvores deve ser feito exclusivamente pelo canal 156 \u2013 telefone ou aplicativo de celular.<\/p>\n\n\n\n<p>Caso identifique algu\u00e9m danificando ou cortando uma \u00e1rvore, solicitamos contatar-nos<br>atrav\u00e9s do telefone 156 ou pelo e-mail: <a href=\"mailto:dpaj@jundiai.sp.gov.br\" target=\"_blank\" rel=\"noreferrer noopener\">dpaj@jundiai.sp.gov.br<\/a><br>O indiv\u00edduo que cortar, danificar ou provocar a morte de uma \u00e1rvore em \u00e1rea p\u00fablica<br>est\u00e1 sujeito \u00e0s penalidades das Leis 3233\/1988 e 8837\/2017, que definem multas e<br>instaura\u00e7\u00e3o de inqu\u00e9rito civil de infra\u00e7\u00e3o ambiental.<\/p>\n\n\n\n<p><a href=\"https:\/\/jundiai.sp.gov.br\/infraestrutura-e-servicos-publicos\/arborizacao-urbana\/supressao-de-arvore-em-area-publica\/\">Clique aqui para visualizar os Editais de Supress\u00e3o de \u00c1rvore em \u00e1rea p\u00fablica<\/a><\/p>\n\n\n\n<p><\/p>\n","protected":false},"excerpt":{"rendered":"<p>A supress\u00e3o (=remo\u00e7\u00e3o) e a substitui\u00e7\u00e3o de \u00e1rvores em \u00e1reas p\u00fablicas (cal\u00e7adas,parques, jardins e pra\u00e7as) s\u00e3o tarefas de compet\u00eancia \u00fanica e exclusiva da Unidade deGest\u00e3o de Infraestrutura e Servi\u00e7os P\u00fablicos. O primeiro passo \u00e9 solicitar a avalia\u00e7\u00e3o da \u00e1rvore: o (a) interessado(a) precisa enviar adocumenta\u00e7\u00e3o atrav\u00e9s do e-mail\u00a0dpaj@jundiai.sp.gov.br, que abrir\u00e1 um processoespec\u00edfico para o local. [&hellip;]<\/p>\n","protected":false},"author":5,"featured_media":0,"parent":18,"menu_order":0,"comment_status":"closed","ping_status":"closed","template":"","meta":{"footnotes":""},"class_list":["post-22","page","type-page","status-publish","hentry"],"_links":{"self":[{"href":"https:\/\/jundiai.sp.gov.br\/infraestrutura-e-servicos-publicos\/wp-json\/wp\/v2\/pages\/22","targetHints":{"allow":["GET"]}}],"collection":[{"href":"https:\/\/jundiai.sp.gov.br\/infraestrutura-e-servicos-publicos\/wp-json\/wp\/v2\/pages"}],"about":[{"href":"https:\/\/jundiai.sp.gov.br\/infraestrutura-e-servicos-publicos\/wp-json\/wp\/v2\/types\/page"}],"author":[{"embeddable":true,"href":"https:\/\/jundiai.sp.gov.br\/infraestrutura-e-servicos-publicos\/wp-json\/wp\/v2\/users\/5"}],"replies":[{"embeddable":true,"href":"https:\/\/jundiai.sp.gov.br\/infraestrutura-e-servicos-publicos\/wp-json\/wp\/v2\/comments?post=22"}],"version-history":[{"count":16,"href":"https:\/\/jundiai.sp.gov.br\/infraestrutura-e-servicos-publicos\/wp-json\/wp\/v2\/pages\/22\/revisions"}],"predecessor-version":[{"id":4912,"href":"https:\/\/jundiai.sp.gov.br\/infraestrutura-e-servicos-publicos\/wp-json\/wp\/v2\/pages\/22\/revisions\/4912"}],"up":[{"embeddable":true,"href":"https:\/\/jundiai.sp.gov.br\/infraestrutura-e-servicos-publicos\/wp-json\/wp\/v2\/pages\/18"}],"wp:attachment":[{"href":"https:\/\/jundiai.sp.gov.br\/infraestrutura-e-servicos-publicos\/wp-json\/wp\/v2\/media?parent=22"}],"curies":[{"name":"wp","href":"https:\/\/api.w.org\/{rel}","templated":true}]}}