{"id":24,"date":"2014-08-21T19:16:03","date_gmt":"2014-08-21T22:16:03","guid":{"rendered":"https:\/\/jundiai.sp.gov.br\/servicos-publicos\/?page_id=24"},"modified":"2014-09-29T12:04:09","modified_gmt":"2014-09-29T15:04:09","slug":"substituicao-de-arvores","status":"publish","type":"page","link":"https:\/\/jundiai.sp.gov.br\/infraestrutura-e-servicos-publicos\/arborizacao-urbana\/substituicao-de-arvores\/","title":{"rendered":"Substitui\u00e7\u00e3o de \u00c1rvores"},"content":{"rendered":"<p>Na verdade n\u00e3o \u00e9 poss\u00edvel uma substitui\u00e7\u00e3o sem a respectiva &#8220;remo\u00e7\u00e3o&#8221;. Portanto, o pedido de substitui\u00e7\u00e3o de \u00e1rvores segue o mesmo procedimento do pedido de remo\u00e7\u00e3o de \u00e1rvores.<\/p>\n","protected":false},"excerpt":{"rendered":"<p>Na verdade n\u00e3o \u00e9 poss\u00edvel uma substitui\u00e7\u00e3o sem a respectiva &#8220;remo\u00e7\u00e3o&#8221;. Portanto, o pedido de substitui\u00e7\u00e3o de \u00e1rvores segue o mesmo procedimento do pedido de remo\u00e7\u00e3o de \u00e1rvores.<\/p>\n","protected":false},"author":11,"featured_media":0,"parent":18,"menu_order":0,"comment_status":"closed","ping_status":"closed","template":"","meta":{"footnotes":""},"class_list":["post-24","page","type-page","status-publish","hentry"],"_links":{"self":[{"href":"https:\/\/jundiai.sp.gov.br\/infraestrutura-e-servicos-publicos\/wp-json\/wp\/v2\/pages\/24","targetHints":{"allow":["GET"]}}],"collection":[{"href":"https:\/\/jundiai.sp.gov.br\/infraestrutura-e-servicos-publicos\/wp-json\/wp\/v2\/pages"}],"about":[{"href":"https:\/\/jundiai.sp.gov.br\/infraestrutura-e-servicos-publicos\/wp-json\/wp\/v2\/types\/page"}],"author":[{"embeddable":true,"href":"https:\/\/jundiai.sp.gov.br\/infraestrutura-e-servicos-publicos\/wp-json\/wp\/v2\/users\/11"}],"replies":[{"embeddable":true,"href":"https:\/\/jundiai.sp.gov.br\/infraestrutura-e-servicos-publicos\/wp-json\/wp\/v2\/comments?post=24"}],"version-history":[{"count":2,"href":"https:\/\/jundiai.sp.gov.br\/infraestrutura-e-servicos-publicos\/wp-json\/wp\/v2\/pages\/24\/revisions"}],"predecessor-version":[{"id":249,"href":"https:\/\/jundiai.sp.gov.br\/infraestrutura-e-servicos-publicos\/wp-json\/wp\/v2\/pages\/24\/revisions\/249"}],"up":[{"embeddable":true,"href":"https:\/\/jundiai.sp.gov.br\/infraestrutura-e-servicos-publicos\/wp-json\/wp\/v2\/pages\/18"}],"wp:attachment":[{"href":"https:\/\/jundiai.sp.gov.br\/infraestrutura-e-servicos-publicos\/wp-json\/wp\/v2\/media?parent=24"}],"curies":[{"name":"wp","href":"https:\/\/api.w.org\/{rel}","templated":true}]}}