{"id":3065,"date":"2022-03-10T14:32:37","date_gmt":"2022-03-10T17:32:37","guid":{"rendered":"https:\/\/jundiai.sp.gov.br\/infraestrutura-e-servicos-publicos\/?page_id=3065"},"modified":"2025-10-14T16:31:38","modified_gmt":"2025-10-14T19:31:38","slug":"remocao-de-animais-mortos-de-pequeno-porte","status":"publish","type":"page","link":"https:\/\/jundiai.sp.gov.br\/infraestrutura-e-servicos-publicos\/limpeza-publica\/remocao-de-animais-mortos-de-pequeno-porte\/","title":{"rendered":"Remo\u00e7\u00e3o de animais mortos de pequeno porte"},"content":{"rendered":"\n<p>A remo\u00e7\u00e3o de animais mortos de pequeno porte, cabe \u00e0 Prefeitura segundo a Lei n\u00ba 2.140\/1975, e \u00e9  realizada de forma gratuita atrav\u00e9s da solicita\u00e7\u00e3o do mun\u00edcipe. <\/p>\n\n\n\n<p>Posteriormente, os animais mortos s\u00e3o encaminhados para incinera\u00e7\u00e3o.<br><\/p>\n\n\n\n<p>Para solicitar a remo\u00e7\u00e3o de animal morto, de pequeno porte, o contato deve ser realizado atrav\u00e9s do canal de comunica\u00e7\u00e3o 156, de segunda a sexta das 8h \u00e0s 18h.<br><\/p>\n\n\n\n<p>Aos s\u00e1bados, as solicita\u00e7\u00f5es dever\u00e3o ser realizadas ao <strong>GERESOL das 8h \u00e0s 12h.<\/strong> A partir das 12h01 contatar a coleta de animais mortos de pequeno porte, atrav\u00e9s do celular para emerg\u00eancias <strong>(19) 99816-7918, dispon\u00edvel aos finais de semana a partir das 12h do s\u00e1bado.<\/strong><\/p>\n\n\n\n<figure class=\"wp-block-table\"><table class=\"has-fixed-layout\"><tbody><tr><td>Dia da Semana<\/td><td>Hor\u00e1rio<\/td><td>In<strong>forma\u00e7\u00e3o\/Solicita\u00e7\u00f5es<\/strong><\/td><\/tr><tr><td>Segunda-feira<\/td><td>8h \u00e0s 18h<\/td><td>Solicita\u00e7\u00f5es registradas atrav\u00e9s do CANAL 156<\/td><\/tr><tr><td>Ter\u00e7a-feira<\/td><td>8h \u00e0s 18h<\/td><td>Solicita\u00e7\u00f5es registradas atrav\u00e9s do CANAL 156<\/td><\/tr><tr><td>Quarta-feira<\/td><td>8h \u00e0s 18h<\/td><td>Solicita\u00e7\u00f5es registradas atrav\u00e9s do CANAL 156<\/td><\/tr><tr><td>Quinta-feira<\/td><td>8h \u00e0s 18h<\/td><td>Solicita\u00e7\u00f5es registradas atrav\u00e9s do CANAL 156<\/td><\/tr><tr><td>Sexta-feira<\/td><td>8h \u00e0s 18h<\/td><td>Solicita\u00e7\u00f5es registradas atrav\u00e9s do CANAL 156<\/td><\/tr><tr><td>S\u00e1bado<\/td><td>8h00 \u00e0s 12h00<\/td><td>Solicita\u00e7\u00f5es: GERESOL (11) 4589-9532<\/td><\/tr><tr><td>S\u00e1bado<\/td><td>A partir das 12h<\/td><td>(19) 99816-7918 **emerg\u00eancias<\/td><\/tr><\/tbody><\/table><\/figure>\n\n\n\n<p>A coleta emergencial <strong>TEM A FINALIDADE<\/strong> de coletar e destinar, em car\u00e1ter <strong>EMERGENCIAL<\/strong>, animais de pequeno porte que tenham se acidentado em vias p\u00fablicas municipais e que para esse caso, seja<br>necess\u00e1ria a coleta <strong>URGENTE.<\/strong><\/p>\n","protected":false},"excerpt":{"rendered":"<p>A remo\u00e7\u00e3o de animais mortos de pequeno porte, cabe \u00e0 Prefeitura segundo a Lei n\u00ba 2.140\/1975, e \u00e9 realizada de forma gratuita atrav\u00e9s da solicita\u00e7\u00e3o do mun\u00edcipe. Posteriormente, os animais mortos s\u00e3o encaminhados para incinera\u00e7\u00e3o. Para solicitar a remo\u00e7\u00e3o de animal morto, de pequeno porte, o contato deve ser realizado atrav\u00e9s do canal de comunica\u00e7\u00e3o [&hellip;]<\/p>\n","protected":false},"author":69,"featured_media":0,"parent":45,"menu_order":8,"comment_status":"closed","ping_status":"closed","template":"","meta":{"footnotes":""},"class_list":["post-3065","page","type-page","status-publish","hentry"],"_links":{"self":[{"href":"https:\/\/jundiai.sp.gov.br\/infraestrutura-e-servicos-publicos\/wp-json\/wp\/v2\/pages\/3065","targetHints":{"allow":["GET"]}}],"collection":[{"href":"https:\/\/jundiai.sp.gov.br\/infraestrutura-e-servicos-publicos\/wp-json\/wp\/v2\/pages"}],"about":[{"href":"https:\/\/jundiai.sp.gov.br\/infraestrutura-e-servicos-publicos\/wp-json\/wp\/v2\/types\/page"}],"author":[{"embeddable":true,"href":"https:\/\/jundiai.sp.gov.br\/infraestrutura-e-servicos-publicos\/wp-json\/wp\/v2\/users\/69"}],"replies":[{"embeddable":true,"href":"https:\/\/jundiai.sp.gov.br\/infraestrutura-e-servicos-publicos\/wp-json\/wp\/v2\/comments?post=3065"}],"version-history":[{"count":11,"href":"https:\/\/jundiai.sp.gov.br\/infraestrutura-e-servicos-publicos\/wp-json\/wp\/v2\/pages\/3065\/revisions"}],"predecessor-version":[{"id":4847,"href":"https:\/\/jundiai.sp.gov.br\/infraestrutura-e-servicos-publicos\/wp-json\/wp\/v2\/pages\/3065\/revisions\/4847"}],"up":[{"embeddable":true,"href":"https:\/\/jundiai.sp.gov.br\/infraestrutura-e-servicos-publicos\/wp-json\/wp\/v2\/pages\/45"}],"wp:attachment":[{"href":"https:\/\/jundiai.sp.gov.br\/infraestrutura-e-servicos-publicos\/wp-json\/wp\/v2\/media?parent=3065"}],"curies":[{"name":"wp","href":"https:\/\/api.w.org\/{rel}","templated":true}]}}