{"id":35,"date":"2014-08-21T19:19:41","date_gmt":"2014-08-21T22:19:41","guid":{"rendered":"https:\/\/jundiai.sp.gov.br\/servicos-publicos\/?page_id=35"},"modified":"2021-05-14T14:13:28","modified_gmt":"2021-05-14T17:13:28","slug":"iluminacao-publica","status":"publish","type":"page","link":"https:\/\/jundiai.sp.gov.br\/infraestrutura-e-servicos-publicos\/iluminacao-publica\/","title":{"rendered":"Ilumina\u00e7\u00e3o P\u00fablica"},"content":{"rendered":"\n<p>A ilumina\u00e7\u00e3o p\u00fablica \u00e9 de responsabilidade da Unidade de Gest\u00e3o de Infraestrutura e Servi\u00e7os P\u00fablicos, realizando a implanta\u00e7\u00e3o e manuten\u00e7\u00e3o de lumin\u00e1rias nos logradouros do munic\u00edpio, eventos p\u00fablicos e demais instala\u00e7\u00f5es de uso p\u00fablico.<\/p>\n\n\n\n<p><strong>Solicita\u00e7\u00f5es \u00e0 Diretoria de Ilumina\u00e7\u00e3o P\u00fablica<\/strong><\/p>\n\n\n\n<p>Registre sua solicita\u00e7\u00e3o pelo telefone 156 &#8211; os pedidos s\u00e3o analisados e, em caso de aprova\u00e7\u00e3o, executados dentro de um cronograma de trabalhos.<\/p>\n\n\n\n<p>A atua\u00e7\u00e3o da Diretoria de Ilumina\u00e7\u00e3o P\u00fablica ocorre somente em \u00e1reas legalizadas e p\u00fablicas, atendendo as Diretrizes de Ilumina\u00e7\u00e3o P\u00fablica.<\/p>\n\n\n\n<p>A manuten\u00e7\u00e3o de redes de distribui\u00e7\u00e3o de energia, incluindo postes e cabos, \u00e9 de compet\u00eancia da Companhia Piratininga de For\u00e7a e Luz \u2013 CPFL, e pode ser acionada diretamente pelo telefone 0800 055 7878 ou pelo s\u00edtio&nbsp;<a href=\"http:\/\/servicosonline.cpfl.com.br\/\" target=\"_blank\" rel=\"noreferrer noopener\">servicosonline.cpfl.com.br<\/a>.<\/p>\n\n\n\n<p><strong>Loteamentos<\/strong><\/p>\n\n\n\n<p>A implanta\u00e7\u00e3o de ilumina\u00e7\u00e3o em loteamentos \u00e9 de responsabilidade do empreendedor.<\/p>\n\n\n\n<p>Para os logradouros p\u00fablicos internos ao loteamento, a Prefeitura do Munic\u00edpio de Jundia\u00ed realizar\u00e1 a manuten\u00e7\u00e3o das lumin\u00e1rias e pagamento dos custos de energia.<\/p>\n\n\n\n<p>A emiss\u00e3o do&nbsp;Of\u00edcio de responsabiliza\u00e7\u00e3o dos futuros custos de energia el\u00e9trica do sistema de ilumina\u00e7\u00e3o&nbsp;pode ser solicitada \u00e0 Diretoria de Ilumina\u00e7\u00e3o P\u00fablica \u2013 UGISP, mediante a apresenta\u00e7\u00e3o da documenta\u00e7\u00e3o abaixo relacionada:<\/p>\n\n\n\n<ul class=\"wp-block-list\"><li>Certid\u00e3o de Aprova\u00e7\u00e3o do loteamento (emitida pela Diretoria de Aprova\u00e7\u00e3o de Projetos \u2013 UGPUMA);<\/li><li>Projeto de implanta\u00e7\u00e3o de ilumina\u00e7\u00e3o p\u00fablica;<\/li><li>Memorial descritivo de ilumina\u00e7\u00e3o p\u00fablica;<\/li><li>Requerimento e Termo de Compromisso;<\/li><\/ul>\n\n\n\n<p>A documenta\u00e7\u00e3o deve apresentar, de forma expl\u00edcita, a quantidade, pot\u00eancia e tecnologia das lumin\u00e1rias utilizadas. O empreendedor deve se comprometer a manter as especifica\u00e7\u00f5es do projeto do sistema de ilumina\u00e7\u00e3o.<\/p>\n\n\n\n<p>O respons\u00e1vel pelo empreendimento dever\u00e1 solicitar \u00e0 distribuidora CPFL a transfer\u00eancia de titularidade das unidades consumidoras para a Prefeitura do Munic\u00edpio de Jundia\u00ed. O procedimento deve ser realizado durante a aprova\u00e7\u00e3o do projeto junto \u00e0 distribuidora, atrav\u00e9s da se\u00e7\u00e3o \u201cProjetos Particulares\u201d, anexando o Of\u00edcio de responsabiliza\u00e7\u00e3o dos futuros custos de energia el\u00e9trica do sistema de ilumina\u00e7\u00e3o. Informamos que a Prefeitura do Munic\u00edpio de Jundia\u00ed n\u00e3o ser\u00e1 respons\u00e1vel pela restitui\u00e7\u00e3o de valores pagos \u00e0 distribuidora at\u00e9 a transfer\u00eancia de titularidade.<\/p>\n\n\n\n<p>Deve-se atentar \u00e0s disposi\u00e7\u00f5es das seguintes normas da CPFL:<\/p>\n\n\n\n<ul class=\"wp-block-list\"><li>GED-15785 &#8211; Fornecimento de Energia El\u00e9trica para Ilumina\u00e7\u00e3o Interna de Condom\u00ednio ou Loteamento Fechado<\/li><li>GED-3735 &#8211; Projeto &#8211; Loteamentos e N\u00facleos Habitacionais<\/li><\/ul>\n\n\n\n<p><strong>Condom\u00ednios particulares<\/strong><\/p>\n\n\n\n<p>Em condom\u00ednios particulares, a manuten\u00e7\u00e3o das lumin\u00e1rias das vias internas e os custos de energia \u00e9 de responsabilidade dos cond\u00f4minos.<\/p>\n\n\n\n<div class=\"wp-block-file\"><a href=\"https:\/\/jundiai.sp.gov.br\/infraestrutura-e-servicos-publicos\/wp-content\/uploads\/sites\/18\/2021\/05\/modelo_-requerimento-e-termo-de-compromisso-_-ip.pdf\" target=\"_blank\" rel=\"noreferrer noopener\">Modelo Requerimento e Termo de Compromisso<\/a><\/div>\n","protected":false},"excerpt":{"rendered":"<p>A ilumina\u00e7\u00e3o p\u00fablica \u00e9 de responsabilidade da Unidade de Gest\u00e3o de Infraestrutura e Servi\u00e7os P\u00fablicos, realizando a implanta\u00e7\u00e3o e manuten\u00e7\u00e3o de lumin\u00e1rias nos logradouros do munic\u00edpio, eventos p\u00fablicos e demais instala\u00e7\u00f5es de uso p\u00fablico. Solicita\u00e7\u00f5es \u00e0 Diretoria de Ilumina\u00e7\u00e3o P\u00fablica Registre sua solicita\u00e7\u00e3o pelo telefone 156 &#8211; os pedidos s\u00e3o analisados e, em caso de [&hellip;]<\/p>\n","protected":false},"author":5,"featured_media":0,"parent":0,"menu_order":0,"comment_status":"closed","ping_status":"closed","template":"","meta":{"footnotes":""},"class_list":["post-35","page","type-page","status-publish","hentry"],"_links":{"self":[{"href":"https:\/\/jundiai.sp.gov.br\/infraestrutura-e-servicos-publicos\/wp-json\/wp\/v2\/pages\/35","targetHints":{"allow":["GET"]}}],"collection":[{"href":"https:\/\/jundiai.sp.gov.br\/infraestrutura-e-servicos-publicos\/wp-json\/wp\/v2\/pages"}],"about":[{"href":"https:\/\/jundiai.sp.gov.br\/infraestrutura-e-servicos-publicos\/wp-json\/wp\/v2\/types\/page"}],"author":[{"embeddable":true,"href":"https:\/\/jundiai.sp.gov.br\/infraestrutura-e-servicos-publicos\/wp-json\/wp\/v2\/users\/5"}],"replies":[{"embeddable":true,"href":"https:\/\/jundiai.sp.gov.br\/infraestrutura-e-servicos-publicos\/wp-json\/wp\/v2\/comments?post=35"}],"version-history":[{"count":5,"href":"https:\/\/jundiai.sp.gov.br\/infraestrutura-e-servicos-publicos\/wp-json\/wp\/v2\/pages\/35\/revisions"}],"predecessor-version":[{"id":2491,"href":"https:\/\/jundiai.sp.gov.br\/infraestrutura-e-servicos-publicos\/wp-json\/wp\/v2\/pages\/35\/revisions\/2491"}],"wp:attachment":[{"href":"https:\/\/jundiai.sp.gov.br\/infraestrutura-e-servicos-publicos\/wp-json\/wp\/v2\/media?parent=35"}],"curies":[{"name":"wp","href":"https:\/\/api.w.org\/{rel}","templated":true}]}}