{"id":3555,"date":"2023-01-23T17:02:18","date_gmt":"2023-01-23T20:02:18","guid":{"rendered":"https:\/\/jundiai.sp.gov.br\/infraestrutura-e-servicos-publicos\/?page_id=3555"},"modified":"2023-01-23T17:02:18","modified_gmt":"2023-01-23T20:02:18","slug":"remocao-de-animais-de-grande-porte-soltos-em-vias-publicas","status":"publish","type":"page","link":"https:\/\/jundiai.sp.gov.br\/infraestrutura-e-servicos-publicos\/remocao-de-animais-de-grande-porte-soltos-em-vias-publicas\/","title":{"rendered":"Remo\u00e7\u00e3o de animais de grande porte soltos em vias p\u00fablicas"},"content":{"rendered":"\n<p>A den\u00fancia de animais soltos em vias p\u00fablicas pode ser realizada apenas para animais de grande porte (bovinos, equinos, muares), e, de forma gratuita, estes ser\u00e3o retirados do local e encaminhados para local seguro.<br><br>Para denunciar e solicitar a remo\u00e7\u00e3o de animal de grande porte solto em vias p\u00fablicas o contato deve ser realizado atrav\u00e9s do canal de comunica\u00e7\u00e3o 156, de segunda a sexta das 8h \u00e0s 18h. Em demais dias e hor\u00e1rios, ligue (11) 99795-9973.<\/p>\n","protected":false},"excerpt":{"rendered":"<p>A den\u00fancia de animais soltos em vias p\u00fablicas pode ser realizada apenas para animais de grande porte (bovinos, equinos, muares), e, de forma gratuita, estes ser\u00e3o retirados do local e encaminhados para local seguro. Para denunciar e solicitar a remo\u00e7\u00e3o de animal de grande porte solto em vias p\u00fablicas o contato deve ser realizado atrav\u00e9s [&hellip;]<\/p>\n","protected":false},"author":69,"featured_media":0,"parent":0,"menu_order":0,"comment_status":"closed","ping_status":"closed","template":"","meta":{"footnotes":""},"class_list":["post-3555","page","type-page","status-publish","hentry"],"_links":{"self":[{"href":"https:\/\/jundiai.sp.gov.br\/infraestrutura-e-servicos-publicos\/wp-json\/wp\/v2\/pages\/3555","targetHints":{"allow":["GET"]}}],"collection":[{"href":"https:\/\/jundiai.sp.gov.br\/infraestrutura-e-servicos-publicos\/wp-json\/wp\/v2\/pages"}],"about":[{"href":"https:\/\/jundiai.sp.gov.br\/infraestrutura-e-servicos-publicos\/wp-json\/wp\/v2\/types\/page"}],"author":[{"embeddable":true,"href":"https:\/\/jundiai.sp.gov.br\/infraestrutura-e-servicos-publicos\/wp-json\/wp\/v2\/users\/69"}],"replies":[{"embeddable":true,"href":"https:\/\/jundiai.sp.gov.br\/infraestrutura-e-servicos-publicos\/wp-json\/wp\/v2\/comments?post=3555"}],"version-history":[{"count":1,"href":"https:\/\/jundiai.sp.gov.br\/infraestrutura-e-servicos-publicos\/wp-json\/wp\/v2\/pages\/3555\/revisions"}],"predecessor-version":[{"id":3556,"href":"https:\/\/jundiai.sp.gov.br\/infraestrutura-e-servicos-publicos\/wp-json\/wp\/v2\/pages\/3555\/revisions\/3556"}],"wp:attachment":[{"href":"https:\/\/jundiai.sp.gov.br\/infraestrutura-e-servicos-publicos\/wp-json\/wp\/v2\/media?parent=3555"}],"curies":[{"name":"wp","href":"https:\/\/api.w.org\/{rel}","templated":true}]}}