{"id":388,"date":"2015-08-21T10:52:39","date_gmt":"2015-08-21T13:52:39","guid":{"rendered":"https:\/\/jundiai.sp.gov.br\/servicos-publicos\/?page_id=388"},"modified":"2020-03-05T14:42:56","modified_gmt":"2020-03-05T17:42:56","slug":"supressao-de-arvore-em-area-publica","status":"publish","type":"page","link":"https:\/\/jundiai.sp.gov.br\/infraestrutura-e-servicos-publicos\/arborizacao-urbana\/supressao-de-arvore-em-area-publica\/","title":{"rendered":"Supress\u00e3o de \u00c1rvore em \u00e1rea p\u00fablica"},"content":{"rendered":"<p>As supress\u00f5es de \u00e1rvores seguem a Lei 8.392, de 27 de mar\u00e7o de 2015. Lembrando que \u201cplantio, corte ou elimina\u00e7\u00e3o, por qualquer meio ou forma, de \u00e1rvore ou qualquer vegeta\u00e7\u00e3o p\u00fablica por particulares constitui infra\u00e7\u00e3o \u00e0 lei 3.233\/88 e \u00e9 pass\u00edvel de multa\u201d. Mais esclarecimentos podem ser feitos pelo e-mail: dpaj@jundiai.sp.gov.br<\/p>\n","protected":false},"excerpt":{"rendered":"<p>As supress\u00f5es de \u00e1rvores seguem a Lei 8.392, de 27 de mar\u00e7o de 2015. Lembrando que \u201cplantio, corte ou elimina\u00e7\u00e3o, por qualquer meio ou forma, de \u00e1rvore ou qualquer vegeta\u00e7\u00e3o p\u00fablica por particulares constitui infra\u00e7\u00e3o \u00e0 lei 3.233\/88 e \u00e9 pass\u00edvel de multa\u201d. Mais esclarecimentos podem ser feitos pelo e-mail: dpaj@jundiai.sp.gov.br<\/p>\n","protected":false},"author":14,"featured_media":0,"parent":18,"menu_order":4,"comment_status":"closed","ping_status":"closed","template":"page-subpaginas.php","meta":{"footnotes":""},"class_list":["post-388","page","type-page","status-publish","hentry"],"_links":{"self":[{"href":"https:\/\/jundiai.sp.gov.br\/infraestrutura-e-servicos-publicos\/wp-json\/wp\/v2\/pages\/388","targetHints":{"allow":["GET"]}}],"collection":[{"href":"https:\/\/jundiai.sp.gov.br\/infraestrutura-e-servicos-publicos\/wp-json\/wp\/v2\/pages"}],"about":[{"href":"https:\/\/jundiai.sp.gov.br\/infraestrutura-e-servicos-publicos\/wp-json\/wp\/v2\/types\/page"}],"author":[{"embeddable":true,"href":"https:\/\/jundiai.sp.gov.br\/infraestrutura-e-servicos-publicos\/wp-json\/wp\/v2\/users\/14"}],"replies":[{"embeddable":true,"href":"https:\/\/jundiai.sp.gov.br\/infraestrutura-e-servicos-publicos\/wp-json\/wp\/v2\/comments?post=388"}],"version-history":[{"count":261,"href":"https:\/\/jundiai.sp.gov.br\/infraestrutura-e-servicos-publicos\/wp-json\/wp\/v2\/pages\/388\/revisions"}],"predecessor-version":[{"id":2068,"href":"https:\/\/jundiai.sp.gov.br\/infraestrutura-e-servicos-publicos\/wp-json\/wp\/v2\/pages\/388\/revisions\/2068"}],"up":[{"embeddable":true,"href":"https:\/\/jundiai.sp.gov.br\/infraestrutura-e-servicos-publicos\/wp-json\/wp\/v2\/pages\/18"}],"wp:attachment":[{"href":"https:\/\/jundiai.sp.gov.br\/infraestrutura-e-servicos-publicos\/wp-json\/wp\/v2\/media?parent=388"}],"curies":[{"name":"wp","href":"https:\/\/api.w.org\/{rel}","templated":true}]}}