{"id":404,"date":"2015-09-15T12:24:08","date_gmt":"2015-09-15T15:24:08","guid":{"rendered":"https:\/\/jundiai.sp.gov.br\/servicos-publicos\/?page_id=404"},"modified":"2021-10-08T14:40:07","modified_gmt":"2021-10-08T17:40:07","slug":"parque-botanico-eloy-chaves","status":"publish","type":"page","link":"https:\/\/jundiai.sp.gov.br\/infraestrutura-e-servicos-publicos\/parques-municipais\/parque-botanico-eloy-chaves\/","title":{"rendered":"Parque Bot\u00e2nico Eloy Chaves"},"content":{"rendered":"<div id=\"attachment_405\" style=\"width: 410px\" class=\"wp-caption alignleft\"><a href=\"https:\/\/jundiai.sp.gov.br\/infraestrutura-e-servicos-publicos\/wp-content\/uploads\/sites\/18\/2015\/09\/pq_eloy_chaves_d1-15.jpg\"><img loading=\"lazy\" decoding=\"async\" aria-describedby=\"caption-attachment-405\" class=\"size-large wp-image-405\" src=\"https:\/\/jundiai.sp.gov.br\/infraestrutura-e-servicos-publicos\/wp-content\/uploads\/sites\/18\/2015\/09\/pq_eloy_chaves_d1-15-720x481.jpg\" alt=\"Parque Bot\u00e2nico Eloy Chaves\" width=\"400\" height=\"350\" \/><\/a><p id=\"caption-attachment-405\" class=\"wp-caption-text\">Parque Bot\u00e2nico Eloy Chaves<\/p><\/div>\n<p>O <strong>Parque Bot\u00e2nico Eloy Chaves<\/strong>, no bairro Eloy Chaves, tem <strong>41 mil m\u00b2<\/strong> de \u00e1rea verde preservada e abriga a <strong>primeira academia ao ar livre da cidade<\/strong>.<\/p>\n<p>Al\u00e9m de totalmente <strong>gratuito<\/strong>, o local re\u00fane <strong>21 equipamentos de gin\u00e1stica, sendo dois destinados aos portadores de mobilidade reduzida, com mais de 40 possibilidades de exerc\u00edcios<\/strong>.<\/p>\n<p>Constru\u00eddo no entorno de um <strong>grande lago<\/strong>, est\u00e1 entre as principais atra\u00e7\u00f5es de lazer da cidade.<\/p>\n<p>Os visitantes ainda t\u00eam \u00e0 disposi\u00e7\u00e3o <strong>dois mil m\u00b2 de pista de caminhada, quadra de areia para v\u00f4lei, playground e quatro pontes feitas em madeira que, al\u00e9m de facilitar a circula\u00e7\u00e3o dos usu\u00e1rios, integra os v\u00e1rios ambientes do espa\u00e7o<\/strong>.<\/p>\n<div id=\"attachment_407\" style=\"width: 730px\" class=\"wp-caption aligncenter\"><a href=\"https:\/\/jundiai.sp.gov.br\/infraestrutura-e-servicos-publicos\/wp-content\/uploads\/sites\/18\/2015\/09\/pq_eloychaves-67.jpg\"><img loading=\"lazy\" decoding=\"async\" aria-describedby=\"caption-attachment-407\" class=\"size-large wp-image-407\" src=\"https:\/\/jundiai.sp.gov.br\/infraestrutura-e-servicos-publicos\/wp-content\/uploads\/sites\/18\/2015\/09\/pq_eloychaves-67-720x481.jpg\" alt=\"Parque Bot\u00e2nico Eloy Chaves\" width=\"720\" height=\"481\" srcset=\"https:\/\/jundiai.sp.gov.br\/infraestrutura-e-servicos-publicos\/wp-content\/uploads\/sites\/18\/2015\/09\/pq_eloychaves-67-720x481.jpg 720w, https:\/\/jundiai.sp.gov.br\/infraestrutura-e-servicos-publicos\/wp-content\/uploads\/sites\/18\/2015\/09\/pq_eloychaves-67-300x200.jpg 300w, https:\/\/jundiai.sp.gov.br\/infraestrutura-e-servicos-publicos\/wp-content\/uploads\/sites\/18\/2015\/09\/pq_eloychaves-67.jpg 1280w\" sizes=\"auto, (max-width: 720px) 100vw, 720px\" \/><\/a><p id=\"caption-attachment-407\" class=\"wp-caption-text\">Parque Bot\u00e2nico Eloy Chaves<\/p><\/div>\n<p><strong>Endere\u00e7o:<\/strong> Avenida Benedito Castilho de Andrade, 1000, Eloy Chaves<br \/>\n<strong>Telefone:<\/strong> (11) 4582-6194<\/p>\n<p><strong>Aberto diariamente das 6h \u00e0s 17h.\u00a0<\/strong><\/p>\n","protected":false},"excerpt":{"rendered":"<p>O Parque Bot\u00e2nico Eloy Chaves, no bairro Eloy Chaves, tem 41 mil m\u00b2 de \u00e1rea verde preservada e abriga a primeira academia ao ar livre da cidade. Al\u00e9m de totalmente gratuito, o local re\u00fane 21 equipamentos de gin\u00e1stica, sendo dois destinados aos portadores de mobilidade reduzida, com mais de 40 possibilidades de exerc\u00edcios. Constru\u00eddo no [&hellip;]<\/p>\n","protected":false},"author":14,"featured_media":0,"parent":399,"menu_order":2,"comment_status":"closed","ping_status":"closed","template":"","meta":{"footnotes":""},"class_list":["post-404","page","type-page","status-publish","hentry"],"_links":{"self":[{"href":"https:\/\/jundiai.sp.gov.br\/infraestrutura-e-servicos-publicos\/wp-json\/wp\/v2\/pages\/404","targetHints":{"allow":["GET"]}}],"collection":[{"href":"https:\/\/jundiai.sp.gov.br\/infraestrutura-e-servicos-publicos\/wp-json\/wp\/v2\/pages"}],"about":[{"href":"https:\/\/jundiai.sp.gov.br\/infraestrutura-e-servicos-publicos\/wp-json\/wp\/v2\/types\/page"}],"author":[{"embeddable":true,"href":"https:\/\/jundiai.sp.gov.br\/infraestrutura-e-servicos-publicos\/wp-json\/wp\/v2\/users\/14"}],"replies":[{"embeddable":true,"href":"https:\/\/jundiai.sp.gov.br\/infraestrutura-e-servicos-publicos\/wp-json\/wp\/v2\/comments?post=404"}],"version-history":[{"count":15,"href":"https:\/\/jundiai.sp.gov.br\/infraestrutura-e-servicos-publicos\/wp-json\/wp\/v2\/pages\/404\/revisions"}],"predecessor-version":[{"id":2772,"href":"https:\/\/jundiai.sp.gov.br\/infraestrutura-e-servicos-publicos\/wp-json\/wp\/v2\/pages\/404\/revisions\/2772"}],"up":[{"embeddable":true,"href":"https:\/\/jundiai.sp.gov.br\/infraestrutura-e-servicos-publicos\/wp-json\/wp\/v2\/pages\/399"}],"wp:attachment":[{"href":"https:\/\/jundiai.sp.gov.br\/infraestrutura-e-servicos-publicos\/wp-json\/wp\/v2\/media?parent=404"}],"curies":[{"name":"wp","href":"https:\/\/api.w.org\/{rel}","templated":true}]}}