{"id":413,"date":"2015-09-15T14:00:41","date_gmt":"2015-09-15T17:00:41","guid":{"rendered":"https:\/\/jundiai.sp.gov.br\/servicos-publicos\/?page_id=413"},"modified":"2021-10-08T14:40:35","modified_gmt":"2021-10-08T17:40:35","slug":"parque-botanico-tulipas-professor-aziz-absaber","status":"publish","type":"page","link":"https:\/\/jundiai.sp.gov.br\/infraestrutura-e-servicos-publicos\/parques-municipais\/parque-botanico-tulipas-professor-aziz-absaber\/","title":{"rendered":"Parque Bot\u00e2nico Tulipas Professor Aziz Ab&#8217;Saber"},"content":{"rendered":"<div id=\"attachment_417\" style=\"width: 730px\" class=\"wp-caption aligncenter\"><a href=\"https:\/\/jundiai.sp.gov.br\/infraestrutura-e-servicos-publicos\/wp-content\/uploads\/sites\/18\/2015\/09\/botonico_tulipas2.jpg\"><img loading=\"lazy\" decoding=\"async\" aria-describedby=\"caption-attachment-417\" class=\"size-large wp-image-417\" src=\"https:\/\/jundiai.sp.gov.br\/infraestrutura-e-servicos-publicos\/wp-content\/uploads\/sites\/18\/2015\/09\/botonico_tulipas2-720x478.jpg\" alt=\"\" width=\"720\" height=\"478\" srcset=\"https:\/\/jundiai.sp.gov.br\/infraestrutura-e-servicos-publicos\/wp-content\/uploads\/sites\/18\/2015\/09\/botonico_tulipas2-720x478.jpg 720w, https:\/\/jundiai.sp.gov.br\/infraestrutura-e-servicos-publicos\/wp-content\/uploads\/sites\/18\/2015\/09\/botonico_tulipas2-300x199.jpg 300w, https:\/\/jundiai.sp.gov.br\/infraestrutura-e-servicos-publicos\/wp-content\/uploads\/sites\/18\/2015\/09\/botonico_tulipas2.jpg 1280w\" sizes=\"auto, (max-width: 720px) 100vw, 720px\" \/><\/a><p id=\"caption-attachment-417\" class=\"wp-caption-text\">Parque Bot\u00e2nico Tulipas<\/p><\/div>\n<p>Com \u00e1rea de <strong>125 mil m\u00b2<\/strong>, o <strong>Parque Bot\u00e2nico Tulipas<\/strong> tem <strong>academia, quadra poliesportiva, quadras de areia, playground, 2 km de ciclovias, 3 km para caminhadas, cinco cachoeiras, cinco lagoas, dez pontes de madeira, 15 quiosques, biblioteca<\/strong> (para os usu\u00e1rios poderem fazer suas leituras junto \u00e0 natureza),<strong> rede wi-fi gratuita, duas portarias e t\u00fanel de liga\u00e7\u00e3o entre duas \u00e1reas. O espa\u00e7o \u00e9 todo cercado.<\/strong><\/p>\n<p>N\u00e3o \u00e9 permitida a entrada de animais dom\u00e9sticos.<\/p>\n<p><strong>Endere\u00e7o:<\/strong> Rua Congani Bocal\u00e3o, 34, Jardim das Tulipas<br \/>\n<strong>Telefone:<\/strong> (11) 4581-6000<\/p>\n<p><strong>Aberto diariamente das 6h \u00e0s 17h.\u00a0<\/strong><\/p>\n","protected":false},"excerpt":{"rendered":"<p>Com \u00e1rea de 125 mil m\u00b2, o Parque Bot\u00e2nico Tulipas tem academia, quadra poliesportiva, quadras de areia, playground, 2 km de ciclovias, 3 km para caminhadas, cinco cachoeiras, cinco lagoas, dez pontes de madeira, 15 quiosques, biblioteca (para os usu\u00e1rios poderem fazer suas leituras junto \u00e0 natureza), rede wi-fi gratuita, duas portarias e t\u00fanel de [&hellip;]<\/p>\n","protected":false},"author":14,"featured_media":0,"parent":399,"menu_order":3,"comment_status":"closed","ping_status":"closed","template":"","meta":{"footnotes":""},"class_list":["post-413","page","type-page","status-publish","hentry"],"_links":{"self":[{"href":"https:\/\/jundiai.sp.gov.br\/infraestrutura-e-servicos-publicos\/wp-json\/wp\/v2\/pages\/413","targetHints":{"allow":["GET"]}}],"collection":[{"href":"https:\/\/jundiai.sp.gov.br\/infraestrutura-e-servicos-publicos\/wp-json\/wp\/v2\/pages"}],"about":[{"href":"https:\/\/jundiai.sp.gov.br\/infraestrutura-e-servicos-publicos\/wp-json\/wp\/v2\/types\/page"}],"author":[{"embeddable":true,"href":"https:\/\/jundiai.sp.gov.br\/infraestrutura-e-servicos-publicos\/wp-json\/wp\/v2\/users\/14"}],"replies":[{"embeddable":true,"href":"https:\/\/jundiai.sp.gov.br\/infraestrutura-e-servicos-publicos\/wp-json\/wp\/v2\/comments?post=413"}],"version-history":[{"count":11,"href":"https:\/\/jundiai.sp.gov.br\/infraestrutura-e-servicos-publicos\/wp-json\/wp\/v2\/pages\/413\/revisions"}],"predecessor-version":[{"id":2773,"href":"https:\/\/jundiai.sp.gov.br\/infraestrutura-e-servicos-publicos\/wp-json\/wp\/v2\/pages\/413\/revisions\/2773"}],"up":[{"embeddable":true,"href":"https:\/\/jundiai.sp.gov.br\/infraestrutura-e-servicos-publicos\/wp-json\/wp\/v2\/pages\/399"}],"wp:attachment":[{"href":"https:\/\/jundiai.sp.gov.br\/infraestrutura-e-servicos-publicos\/wp-json\/wp\/v2\/media?parent=413"}],"curies":[{"name":"wp","href":"https:\/\/api.w.org\/{rel}","templated":true}]}}