{"id":4270,"date":"2024-04-16T16:34:17","date_gmt":"2024-04-16T19:34:17","guid":{"rendered":"https:\/\/jundiai.sp.gov.br\/infraestrutura-e-servicos-publicos\/?page_id=4270"},"modified":"2025-09-25T15:54:35","modified_gmt":"2025-09-25T18:54:35","slug":"projeto-de-drenagem-de-aguas-pluviais","status":"publish","type":"page","link":"https:\/\/jundiai.sp.gov.br\/infraestrutura-e-servicos-publicos\/obras-de-infraestrutura\/projeto-de-drenagem-de-aguas-pluviais\/","title":{"rendered":"Projeto de Drenagem de \u00c1guas Pluviais"},"content":{"rendered":"\n<p><a href=\"http:\/\/saepro.jundiai.sp.gov.br\/\" target=\"_blank\" rel=\"noreferrer noopener\">LINK PARA PROTOCOLO VIA SAEPRO<\/a><\/p>\n\n\n\n<div style=\"height:50px\" aria-hidden=\"true\" class=\"wp-block-spacer\"><\/div>\n\n\n\n<p><strong>INFORMA\u00c7\u00d5ES DE CONTATO<\/strong>:<\/p>\n\n\n\n<p>Setor de Drenagem \u2013 Hor\u00e1rio de atendimento t\u00e9cnico 8h00 \u2013 11h00<br>Presencial com agendamento ou via e-mail (<a href=\"mailto:aarauz@jundiai.sp.gov.br\">aarauz@jundiai.sp.gov.br<\/a> ou <a href=\"mailto:mzavatta@jundiai.sp.gov.br\">mzavatta@jundiai.sp.gov.br<\/a>)<\/p>\n\n\n\n<div style=\"height:50px\" aria-hidden=\"true\" class=\"wp-block-spacer\"><\/div>\n\n\n\n<p><strong>DOCUMENTOS OBRIGAT\u00d3RIOS<\/strong>:<\/p>\n\n\n\n<ul class=\"wp-block-list\">\n<li>Requerimento padr\u00e3o;<\/li>\n\n\n\n<li>Memorial Descritivo e de C\u00e1lculo;<\/li>\n\n\n\n<li>Planilha de c\u00e1lculo e dimensionamento;<\/li>\n\n\n\n<li>Detalhes dos elementos padr\u00e3o (BL, PV, etc.);<\/li>\n\n\n\n<li>Planta baixa com a distribui\u00e7\u00e3o de \u00e1reas de contribui\u00e7\u00e3o (bacias e sub-bacias);<\/li>\n\n\n\n<li>Planta baixa de toda rede de galerias (escala m\u00ednima 1:1000);<\/li>\n\n\n\n<li>Perfis longitudinais das ruas com as galerias;<\/li>\n\n\n\n<li>Resumo com lista de materiais;<\/li>\n\n\n\n<li>Arquivo digital do projeto gravado em m\u00eddia port\u00e1til.<\/li>\n\n\n\n<li>ART de projeto;<\/li>\n\n\n\n<li>Procura\u00e7\u00e3o para representa\u00e7\u00e3o legal;<\/li>\n<\/ul>\n\n\n\n<div class=\"wp-block-file\"><a id=\"wp-block-file--media-80b19596-7f80-43ab-95de-963e7792571f\" href=\"https:\/\/jundiai.sp.gov.br\/infraestrutura-e-servicos-publicos\/wp-content\/uploads\/sites\/18\/2025\/09\/anexo-1.pdf\" target=\"_blank\" rel=\"noreferrer noopener\">Anexo 01 &#8211; Diretriz de Drenagem Municipal<\/a><a href=\"https:\/\/jundiai.sp.gov.br\/infraestrutura-e-servicos-publicos\/wp-content\/uploads\/sites\/18\/2025\/09\/anexo-1.pdf\" class=\"wp-block-file__button wp-element-button\" download aria-describedby=\"wp-block-file--media-80b19596-7f80-43ab-95de-963e7792571f\">Baixar<\/a><\/div>\n\n\n\n<div class=\"wp-block-file\"><a id=\"wp-block-file--media-7f1ede0f-3675-41ff-b0ac-83280b699eec\" href=\"https:\/\/jundiai.sp.gov.br\/infraestrutura-e-servicos-publicos\/wp-content\/uploads\/sites\/18\/2024\/04\/anexo-03-_-planilha_escoamento_superficial.pdf\" target=\"_blank\" rel=\"noreferrer noopener\">Anexo 02 &#8211; Modelo de Planilha_Escoamento Superficial<\/a><a href=\"https:\/\/jundiai.sp.gov.br\/infraestrutura-e-servicos-publicos\/wp-content\/uploads\/sites\/18\/2024\/04\/anexo-03-_-planilha_escoamento_superficial.pdf\" class=\"wp-block-file__button wp-element-button\" download aria-describedby=\"wp-block-file--media-7f1ede0f-3675-41ff-b0ac-83280b699eec\">Baixar<\/a><\/div>\n\n\n\n<div class=\"wp-block-file\"><a id=\"wp-block-file--media-5d866577-8de4-43c1-ad8a-1154039daf8c\" href=\"https:\/\/jundiai.sp.gov.br\/infraestrutura-e-servicos-publicos\/wp-content\/uploads\/sites\/18\/2024\/04\/anexo-04-_-planilha_galeria.pdf\" target=\"_blank\" rel=\"noreferrer noopener\">Anexo 03 &#8211; Modelo de Planilha Galeria<\/a><a href=\"https:\/\/jundiai.sp.gov.br\/infraestrutura-e-servicos-publicos\/wp-content\/uploads\/sites\/18\/2024\/04\/anexo-04-_-planilha_galeria.pdf\" class=\"wp-block-file__button wp-element-button\" download aria-describedby=\"wp-block-file--media-5d866577-8de4-43c1-ad8a-1154039daf8c\">Baixar<\/a><\/div>\n\n\n\n<div class=\"wp-block-file\"><a id=\"wp-block-file--media-f7e19064-3888-4f5f-9dc0-9021326aac40\" href=\"https:\/\/jundiai.sp.gov.br\/infraestrutura-e-servicos-publicos\/wp-content\/uploads\/sites\/18\/2024\/06\/anexo-04-_-declaracao.docx\" target=\"_blank\" rel=\"noreferrer noopener\">Anexo 04 &#8211; Declara\u00e7\u00e3o<\/a><a href=\"https:\/\/jundiai.sp.gov.br\/infraestrutura-e-servicos-publicos\/wp-content\/uploads\/sites\/18\/2024\/06\/anexo-04-_-declaracao.docx\" class=\"wp-block-file__button wp-element-button\" download aria-describedby=\"wp-block-file--media-f7e19064-3888-4f5f-9dc0-9021326aac40\">Baixar<\/a><\/div>\n\n\n\n<div style=\"height:50px\" aria-hidden=\"true\" class=\"wp-block-spacer\"><\/div>\n\n\n\n<p><strong>OBSERVA\u00c7\u00d5ES ADICIONAIS:<\/strong><\/p>\n\n\n\n<ul class=\"wp-block-list\">\n<li>Durante a analise poder\u00e1 ser solicitado documenta\u00e7\u00e3o complementar;<\/li>\n\n\n\n<li>Antes de iniciar a execu\u00e7\u00e3o da Drenagem aprovada, e necess\u00e1rio a solicita\u00e7\u00e3o de processo de implanta\u00e7\u00e3o de interfer\u00eancia em \u00e1reas p\u00fablicas.<\/li>\n<\/ul>\n","protected":false},"excerpt":{"rendered":"<p>LINK PARA PROTOCOLO VIA SAEPRO INFORMA\u00c7\u00d5ES DE CONTATO: Setor de Drenagem \u2013 Hor\u00e1rio de atendimento t\u00e9cnico 8h00 \u2013 11h00Presencial com agendamento ou via e-mail (aarauz@jundiai.sp.gov.br ou mzavatta@jundiai.sp.gov.br) DOCUMENTOS OBRIGAT\u00d3RIOS: OBSERVA\u00c7\u00d5ES ADICIONAIS:<\/p>\n","protected":false},"author":8,"featured_media":0,"parent":4032,"menu_order":0,"comment_status":"closed","ping_status":"closed","template":"","meta":{"footnotes":""},"class_list":["post-4270","page","type-page","status-publish","hentry"],"_links":{"self":[{"href":"https:\/\/jundiai.sp.gov.br\/infraestrutura-e-servicos-publicos\/wp-json\/wp\/v2\/pages\/4270","targetHints":{"allow":["GET"]}}],"collection":[{"href":"https:\/\/jundiai.sp.gov.br\/infraestrutura-e-servicos-publicos\/wp-json\/wp\/v2\/pages"}],"about":[{"href":"https:\/\/jundiai.sp.gov.br\/infraestrutura-e-servicos-publicos\/wp-json\/wp\/v2\/types\/page"}],"author":[{"embeddable":true,"href":"https:\/\/jundiai.sp.gov.br\/infraestrutura-e-servicos-publicos\/wp-json\/wp\/v2\/users\/8"}],"replies":[{"embeddable":true,"href":"https:\/\/jundiai.sp.gov.br\/infraestrutura-e-servicos-publicos\/wp-json\/wp\/v2\/comments?post=4270"}],"version-history":[{"count":16,"href":"https:\/\/jundiai.sp.gov.br\/infraestrutura-e-servicos-publicos\/wp-json\/wp\/v2\/pages\/4270\/revisions"}],"predecessor-version":[{"id":4816,"href":"https:\/\/jundiai.sp.gov.br\/infraestrutura-e-servicos-publicos\/wp-json\/wp\/v2\/pages\/4270\/revisions\/4816"}],"up":[{"embeddable":true,"href":"https:\/\/jundiai.sp.gov.br\/infraestrutura-e-servicos-publicos\/wp-json\/wp\/v2\/pages\/4032"}],"wp:attachment":[{"href":"https:\/\/jundiai.sp.gov.br\/infraestrutura-e-servicos-publicos\/wp-json\/wp\/v2\/media?parent=4270"}],"curies":[{"name":"wp","href":"https:\/\/api.w.org\/{rel}","templated":true}]}}