{"id":43,"date":"2014-08-21T19:24:02","date_gmt":"2014-08-21T22:24:02","guid":{"rendered":"https:\/\/jundiai.sp.gov.br\/servicos-publicos\/?page_id=43"},"modified":"2022-08-23T16:31:42","modified_gmt":"2022-08-23T19:31:42","slug":"servicos-publicos","status":"publish","type":"page","link":"https:\/\/jundiai.sp.gov.br\/infraestrutura-e-servicos-publicos\/legislacao\/servicos-publicos\/","title":{"rendered":"Servi\u00e7os P\u00fablicos"},"content":{"rendered":"\n<p><a rel=\"noreferrer noopener\" href=\"https:\/\/jundiai.sp.gov.br\/infraestrutura-e-servicos-publicos\/wp-content\/uploads\/sites\/18\/2016\/08\/16292_texto_integral.pdf\" target=\"_blank\">Lei 8.634\/16<\/a> &#8211; Regula a constru\u00e7\u00e3o de muros e cal\u00e7ada e a limpeza de terreno<\/p>\n\n\n\n<p><a href=\"https:\/\/jundiai.sp.gov.br\/infraestrutura-e-servicos-publicos\/wp-content\/uploads\/sites\/18\/2014\/08\/Lei-7.506-10.pdf\">Lei 7.506\/10<\/a> &#8211; Exige recipiente para coleta de sobras de tintas, vernizes e solventes<\/p>\n\n\n\n<p><a href=\"https:\/\/jundiai.sp.gov.br\/infraestrutura-e-servicos-publicos\/wp-content\/uploads\/sites\/18\/2014\/08\/Lei-7.732-11.pdf\">Lei 7.732\/11<\/a> &#8211; Jogue limpo com sua cidade<\/p>\n\n\n\n<p><a href=\"https:\/\/jundiai.sp.gov.br\/infraestrutura-e-servicos-publicos\/wp-content\/uploads\/sites\/18\/2014\/08\/Decreto-22.622-10-e-Decreto.pdf\">Decreto 22.622\/10 e Decreto 22.635\/10<\/a> &#8211; Regulamenta o dep\u00f3sito de res\u00edduos da constru\u00e7\u00e3o civil<\/p>\n\n\n\n<p><a href=\"https:\/\/jundiai.sp.gov.br\/infraestrutura-e-servicos-publicos\/wp-content\/uploads\/sites\/18\/2014\/08\/Lei-7.474-10.pdf\">Lei 7.474\/10<\/a> &#8211; Veda queimadas nas \u00e1reas que especifica<\/p>\n\n\n\n<p><a href=\"https:\/\/jundiai.sp.gov.br\/infraestrutura-e-servicos-publicos\/wp-content\/uploads\/sites\/18\/2014\/08\/Lei-7.410-10.pdf\">Lei 7.410\/10<\/a> &#8211; Coleta Seletiva<\/p>\n\n\n\n<p><a href=\"https:\/\/jundiai.sp.gov.br\/infraestrutura-e-servicos-publicos\/wp-content\/uploads\/sites\/18\/2014\/08\/Lei-2.935-86.pdf\">Lei 2.935\/86 e Decreto 9.075\/86<\/a> &#8211; Adequa\u00e7\u00e3o do sistema de autoriza\u00e7\u00e3o para manejo da arboriza\u00e7\u00e3o e da providencia correlata.<\/p>\n\n\n\n<p><a href=\"https:\/\/jundiai.sp.gov.br\/infraestrutura-e-servicos-publicos\/wp-content\/uploads\/sites\/18\/2014\/08\/Lei-4.942-96.pdf\">Lei 4.942\/96, alterada pelas Leis 5.845\/02 e 6.156\/03<\/a> &#8211; Declara imune de corte as \u00e1rvores espec\u00edficas.<\/p>\n\n\n\n<p><a href=\"https:\/\/jundiai.sp.gov.br\/infraestrutura-e-servicos-publicos\/wp-content\/uploads\/sites\/18\/2014\/08\/Diretrizes-de-Iluminacao-publica.pdf\">Diretrizes de Ilumina\u00e7\u00e3o p\u00fablica<\/a> &#8211; <\/p>\n\n\n\n<p><a href=\"https:\/\/jundiai.sp.gov.br\/infraestrutura-e-infraestrutura-e-servicos-publicos\/wp-content\/uploads\/sites\/18\/2014\/08\/Lei-5.664-01.pdf\">Lei 5.664\/01, regulamentada pelos Decretos 18.650\/02 e 21.083\/08<\/a> &#8211; Disciplina a Coleta Seletiva de Lixo<\/p>\n\n\n\n<p><a rel=\"noopener\" href=\"http:\/\/www.cetesb.sp.gov.br\/Institucional\/documentos\/Dec8468.pdf\" target=\"_blank\">Decreto Estadual 8.468\/76<\/a> &#8211; Disposi\u00e7\u00e3o sobre a preven\u00e7\u00e3o e controle da polui\u00e7\u00e3o do meio ambiente.<\/p>\n\n\n\n<p><a href=\"https:\/\/jundiai.sp.gov.br\/infraestrutura-e-servicos-publicos\/wp-content\/uploads\/sites\/18\/2014\/08\/Lei-7.210-2008.pdf\">Lei 7.210\/2008<\/a> &#8211; Estabelece o uso de embalagens biodegrad\u00e1veis nos estabelecimentos comerciais.<\/p>\n\n\n\n<p><a href=\"https:\/\/jundiai.sp.gov.br\/infraestrutura-e-servicos-publicos\/wp-content\/uploads\/sites\/18\/2014\/08\/Lei-7.578-84.pdf\">Lei 7.578\/84, alterada pelo Decreto 16.126\/97<\/a> &#8211; Legisla\u00e7\u00e3o pertinente a Termos de Coopera\u00e7\u00e3o \/ Parcerias &#8211; Lei 7578\/84 e Decreto 16126\/97<\/p>\n\n\n\n<p><a href=\"https:\/\/jundiai.sp.gov.br\/infraestrutura-e-servicos-publicos\/wp-content\/uploads\/sites\/18\/2014\/08\/Lei-3.233-88.pdf\">Lei 3.233\/88, alterada pelas Leis 3.566\/90, 3.586\/90, 3.905\/92, 3.906\/92, 4.041\/92 e 4.127\/93<\/a> &#8211; Regula a arboriza\u00e7\u00e3o e ajardinamento de logradouros p\u00fablicos, veda fixa\u00e7\u00e3o de fios e an\u00fancios nas \u00e1rvores e atribui \u00e0 Coordenadoria Municipal de Abastecimento e Agricultura e \u00e0 Secretaria de Servi\u00e7os P\u00fablicos compet\u00eancias correlatas.<\/p>\n\n\n\n<p><a href=\"https:\/\/jundiai.sp.gov.br\/infraestrutura-e-servicos-publicos\/wp-content\/uploads\/sites\/18\/2014\/08\/Lei-3.705-91.pdf\">Lei 3.705\/91, regulamentada pelo Decreto 12.028\/91, alterada pelos Decretos 17.192\/99 e 17.579\/99 e pelas Leis 5.624\/01 e 6.399\/04 e pela Lei 6.984\/07, que foi alterada pela Lei 7.179\/08<\/a> &#8211; Regula a constru\u00e7\u00e3o de muros e cal\u00e7adas e limpeza de terrenos.<\/p>\n\n\n\n<p><a href=\"https:\/\/jundiai.sp.gov.br\/infraestrutura-e-servicos-publicos\/wp-content\/uploads\/sites\/18\/2014\/08\/Lei-7.714-2011.pdf\">Lei 7.714\/2011<\/a> &#8211; Pro\u00edbe Queimadas.<\/p>\n\n\n\n<p><a href=\"https:\/\/jundiai.sp.gov.br\/infraestrutura-e-servicos-publicos\/wp-content\/uploads\/sites\/18\/2014\/08\/Lei-2.140-75.pdf\">Lei 2.140\/75, alterada pelas Leis 3.062\/87, 3.246\/88, 3.620\/90 e 7.225\/08<\/a> &#8211; Servi\u00e7os de limpeza p\u00fablica.<\/p>\n\n\n\n<p><a href=\"https:\/\/jundiai.sp.gov.br\/infraestrutura-e-servicos-publicos\/wp-content\/uploads\/sites\/18\/2014\/08\/Decreto-21.112.pdf\">Decreto 21.112<\/a> &#8211; Supress\u00e3o de \u00e1rvores nativas isoladas, vivas ou mortas em lotes dentro da \u00c1rea Urbana e fora de \u00c1reas de Preserva\u00e7\u00e3o Permanente<\/p>\n\n\n\n<p><a href=\"https:\/\/jundiai.sp.gov.br\/infraestrutura-e-servicos-publicos\/wp-content\/uploads\/sites\/18\/2022\/03\/decreto-18535-2002.pdf\">Decreto 18.535 <\/a>&#8211; Decreto que regulamenta a utiliza\u00e7\u00e3o e padroniza\u00e7\u00e3o de ca\u00e7ambas met\u00e1licas destinadas ao recolhimento de entulho.<\/p>\n\n\n\n<p><a href=\"https:\/\/jundiai.sp.gov.br\/infraestrutura-e-servicos-publicos\/wp-content\/uploads\/sites\/18\/2022\/03\/lei-5592-padronizacao-das-cacambas.pdf\">Lei 5.592 &#8211; <\/a>Lei que prev\u00ea a regulamenta\u00e7\u00e3o de uso e padroniza\u00e7\u00e3o de ca\u00e7ambas met\u00e1licas destinadas a recolhimento de entulho.<\/p>\n\n\n\n<p><a href=\"https:\/\/jundiai.sp.gov.br\/infraestrutura-e-servicos-publicos\/wp-content\/uploads\/sites\/18\/2022\/08\/decreto-atual-30-319-de-27-agosto-2021-digitalizado.pdf\" target=\"_blank\" rel=\"noreferrer noopener\">Decreto 30.319, de 27 de agosto de 2.021<\/a> &#8211; Estipula crit\u00e9rios e valores para cobran\u00e7a de pre\u00e7o p\u00fablico decorrente do dep\u00f3sito de res\u00edduos da constru\u00e7\u00e3o civil.<\/p>\n","protected":false},"excerpt":{"rendered":"<p>Lei 8.634\/16 &#8211; Regula a constru\u00e7\u00e3o de muros e cal\u00e7ada e a limpeza de terreno Lei 7.506\/10 &#8211; Exige recipiente para coleta de sobras de tintas, vernizes e solventes Lei 7.732\/11 &#8211; Jogue limpo com sua cidade Decreto 22.622\/10 e Decreto 22.635\/10 &#8211; Regulamenta o dep\u00f3sito de res\u00edduos da constru\u00e7\u00e3o civil Lei 7.474\/10 &#8211; Veda [&hellip;]<\/p>\n","protected":false},"author":5,"featured_media":0,"parent":780,"menu_order":0,"comment_status":"closed","ping_status":"closed","template":"","meta":{"footnotes":""},"class_list":["post-43","page","type-page","status-publish","hentry"],"_links":{"self":[{"href":"https:\/\/jundiai.sp.gov.br\/infraestrutura-e-servicos-publicos\/wp-json\/wp\/v2\/pages\/43","targetHints":{"allow":["GET"]}}],"collection":[{"href":"https:\/\/jundiai.sp.gov.br\/infraestrutura-e-servicos-publicos\/wp-json\/wp\/v2\/pages"}],"about":[{"href":"https:\/\/jundiai.sp.gov.br\/infraestrutura-e-servicos-publicos\/wp-json\/wp\/v2\/types\/page"}],"author":[{"embeddable":true,"href":"https:\/\/jundiai.sp.gov.br\/infraestrutura-e-servicos-publicos\/wp-json\/wp\/v2\/users\/5"}],"replies":[{"embeddable":true,"href":"https:\/\/jundiai.sp.gov.br\/infraestrutura-e-servicos-publicos\/wp-json\/wp\/v2\/comments?post=43"}],"version-history":[{"count":29,"href":"https:\/\/jundiai.sp.gov.br\/infraestrutura-e-servicos-publicos\/wp-json\/wp\/v2\/pages\/43\/revisions"}],"predecessor-version":[{"id":3338,"href":"https:\/\/jundiai.sp.gov.br\/infraestrutura-e-servicos-publicos\/wp-json\/wp\/v2\/pages\/43\/revisions\/3338"}],"up":[{"embeddable":true,"href":"https:\/\/jundiai.sp.gov.br\/infraestrutura-e-servicos-publicos\/wp-json\/wp\/v2\/pages\/780"}],"wp:attachment":[{"href":"https:\/\/jundiai.sp.gov.br\/infraestrutura-e-servicos-publicos\/wp-json\/wp\/v2\/media?parent=43"}],"curies":[{"name":"wp","href":"https:\/\/api.w.org\/{rel}","templated":true}]}}