{"id":462,"date":"2015-12-01T14:54:26","date_gmt":"2015-12-01T16:54:26","guid":{"rendered":"https:\/\/jundiai.sp.gov.br\/servicos-publicos\/?page_id=462"},"modified":"2021-10-08T14:44:36","modified_gmt":"2021-10-08T17:44:36","slug":"parque-do-engordadouro-angelo-costa","status":"publish","type":"page","link":"https:\/\/jundiai.sp.gov.br\/infraestrutura-e-servicos-publicos\/parques-municipais\/parque-do-engordadouro-angelo-costa\/","title":{"rendered":"Parque do Engordadouro \u00c2ngelo Costa"},"content":{"rendered":"<div id=\"attachment_466\" style=\"width: 669px\" class=\"wp-caption aligncenter\"><a href=\"https:\/\/jundiai.sp.gov.br\/infraestrutura-e-servicos-publicos\/wp-content\/uploads\/sites\/18\/2015\/12\/engordadouro1.png\"><img loading=\"lazy\" decoding=\"async\" aria-describedby=\"caption-attachment-466\" class=\"size-full wp-image-466\" src=\"https:\/\/jundiai.sp.gov.br\/infraestrutura-e-servicos-publicos\/wp-content\/uploads\/sites\/18\/2015\/12\/engordadouro1.png\" alt=\"\" width=\"659\" height=\"435\" srcset=\"https:\/\/jundiai.sp.gov.br\/infraestrutura-e-servicos-publicos\/wp-content\/uploads\/sites\/18\/2015\/12\/engordadouro1.png 659w, https:\/\/jundiai.sp.gov.br\/infraestrutura-e-servicos-publicos\/wp-content\/uploads\/sites\/18\/2015\/12\/engordadouro1-300x198.png 300w\" sizes=\"auto, (max-width: 659px) 100vw, 659px\" \/><\/a><p id=\"caption-attachment-466\" class=\"wp-caption-text\">O Parque do Engordadouro fica na avenida Andr\u00e9 Costa, 1595<\/p><\/div>\n<p>Com uma <strong>\u00e1rea de lazer de quase 173.000 m\u00b2<\/strong>, o <strong>Parque do Engordadouro &#8220;\u00c2ngelo Costa&#8221;<\/strong> foi constru\u00eddo como <strong>contrapartida de empreendimentos imobili\u00e1rios privados<\/strong>, por meio do <strong>Estudo de Impacto de Vizinhan\u00e7a (EIV)<\/strong>.<\/p>\n<p>A \u00e1rea do lazer do Engordadouro est\u00e1 <strong>adaptada, inclusive, com bebedouros \u201cpets\u201d, para receber os bichinhos de estima\u00e7\u00e3o com coleira por meio do projeto-piloto \u201cVamos Juntos ao Parque\u201d. Lagos, praias, mirantes, quiosques de sap\u00ea, academia ao ar livre, parque infantil, paraciclos, quadras poliesportiva e de areia, al\u00e9m de piso t\u00e1til para a acessibilidade de deficientes visuais<\/strong> formam o complexo \u201c\u00c2ngelo Costa\u201d.<\/p>\n<p>O parque ainda \u00e9 muito <strong>bem sinalizado<\/strong>. Foram instalados <strong>placas e totens, com setas, tipografias e cores diferenciadas<\/strong>, que permitem ao usu\u00e1rio saber a dist\u00e2ncia e a dire\u00e7\u00e3o de um ponto ao outro.<\/p>\n<div id=\"attachment_468\" style=\"width: 668px\" class=\"wp-caption aligncenter\"><a href=\"https:\/\/jundiai.sp.gov.br\/infraestrutura-e-servicos-publicos\/wp-content\/uploads\/sites\/18\/2015\/12\/engordadouro2.png\"><img loading=\"lazy\" decoding=\"async\" aria-describedby=\"caption-attachment-468\" class=\"size-full wp-image-468\" src=\"https:\/\/jundiai.sp.gov.br\/infraestrutura-e-servicos-publicos\/wp-content\/uploads\/sites\/18\/2015\/12\/engordadouro2.png\" alt=\"\" width=\"658\" height=\"439\" srcset=\"https:\/\/jundiai.sp.gov.br\/infraestrutura-e-servicos-publicos\/wp-content\/uploads\/sites\/18\/2015\/12\/engordadouro2.png 658w, https:\/\/jundiai.sp.gov.br\/infraestrutura-e-servicos-publicos\/wp-content\/uploads\/sites\/18\/2015\/12\/engordadouro2-300x200.png 300w\" sizes=\"auto, (max-width: 658px) 100vw, 658px\" \/><\/a><p id=\"caption-attachment-468\" class=\"wp-caption-text\">Parque vai funcionar de segunda a segunda, das 6h \u00e0s 18h<\/p><\/div>\n<p>S\u00e3o <strong>ao menos 3,8 mil metros de trilhas em concreto<\/strong>, que inclui <strong>pistas de caminhada e ciclovias<\/strong>, al\u00e9m de outros <strong>2 mil metros de trilhas em pedrisco<\/strong>.<\/p>\n<p>O Parque do Engordadouro fica na avenida Andr\u00e9 Costa, 1595, com acesso pelo bairro Morada das Vinhas ou tamb\u00e9m pela avenida Pedro Clarismundo Fornari.<\/p>\n<p><strong>Hor\u00e1rio de Funcionamento:<\/strong><br \/>\n<strong>Aberto diariamente das 6h \u00e0s 17h.\u00a0<\/strong><\/p>\n","protected":false},"excerpt":{"rendered":"<p>Com uma \u00e1rea de lazer de quase 173.000 m\u00b2, o Parque do Engordadouro &#8220;\u00c2ngelo Costa&#8221; foi constru\u00eddo como contrapartida de empreendimentos imobili\u00e1rios privados, por meio do Estudo de Impacto de Vizinhan\u00e7a (EIV). A \u00e1rea do lazer do Engordadouro est\u00e1 adaptada, inclusive, com bebedouros \u201cpets\u201d, para receber os bichinhos de estima\u00e7\u00e3o com coleira por meio do [&hellip;]<\/p>\n","protected":false},"author":14,"featured_media":0,"parent":399,"menu_order":7,"comment_status":"closed","ping_status":"closed","template":"","meta":{"footnotes":""},"class_list":["post-462","page","type-page","status-publish","hentry"],"_links":{"self":[{"href":"https:\/\/jundiai.sp.gov.br\/infraestrutura-e-servicos-publicos\/wp-json\/wp\/v2\/pages\/462","targetHints":{"allow":["GET"]}}],"collection":[{"href":"https:\/\/jundiai.sp.gov.br\/infraestrutura-e-servicos-publicos\/wp-json\/wp\/v2\/pages"}],"about":[{"href":"https:\/\/jundiai.sp.gov.br\/infraestrutura-e-servicos-publicos\/wp-json\/wp\/v2\/types\/page"}],"author":[{"embeddable":true,"href":"https:\/\/jundiai.sp.gov.br\/infraestrutura-e-servicos-publicos\/wp-json\/wp\/v2\/users\/14"}],"replies":[{"embeddable":true,"href":"https:\/\/jundiai.sp.gov.br\/infraestrutura-e-servicos-publicos\/wp-json\/wp\/v2\/comments?post=462"}],"version-history":[{"count":14,"href":"https:\/\/jundiai.sp.gov.br\/infraestrutura-e-servicos-publicos\/wp-json\/wp\/v2\/pages\/462\/revisions"}],"predecessor-version":[{"id":2779,"href":"https:\/\/jundiai.sp.gov.br\/infraestrutura-e-servicos-publicos\/wp-json\/wp\/v2\/pages\/462\/revisions\/2779"}],"up":[{"embeddable":true,"href":"https:\/\/jundiai.sp.gov.br\/infraestrutura-e-servicos-publicos\/wp-json\/wp\/v2\/pages\/399"}],"wp:attachment":[{"href":"https:\/\/jundiai.sp.gov.br\/infraestrutura-e-servicos-publicos\/wp-json\/wp\/v2\/media?parent=462"}],"curies":[{"name":"wp","href":"https:\/\/api.w.org\/{rel}","templated":true}]}}