{"id":4751,"date":"2025-08-29T12:10:44","date_gmt":"2025-08-29T15:10:44","guid":{"rendered":"https:\/\/jundiai.sp.gov.br\/infraestrutura-e-servicos-publicos\/?page_id=4751"},"modified":"2025-08-29T13:19:11","modified_gmt":"2025-08-29T16:19:11","slug":"anuencia-esg-dre-areas-publicas","status":"publish","type":"page","link":"https:\/\/jundiai.sp.gov.br\/infraestrutura-e-servicos-publicos\/obras-de-infraestrutura\/anuencia-esg-dre-areas-publicas\/","title":{"rendered":"Anu\u00eancia para interven\u00e7\u00f5es de esgoto\/drenagem em \u00e1reas p\u00fablicas"},"content":{"rendered":"\n<p><a href=\"https:\/\/sei.jundiai.sp.gov.br\/sei\/controlador_externo.php?acao=usuario_externo_logar&amp;id_orgao_acesso_externo=0\">LINK PARA PETICIONAMENTO DE PROCESSO<\/a><\/p>\n\n\n\n<p>Clique no link acima para iniciar a tramita\u00e7\u00e3o do processo. Ao fazer login no sistema, deve ser selecionado o tipo de Peticionamento (Processo Novo) com o nome referente ao tipo de anu\u00eancia pretendido.<\/p>\n\n\n\n<p>\u00c9 poss\u00edvel que haja solicita\u00e7\u00e3o adicional de informa\u00e7\u00f5es ou documentos, a depender do caso concreto. Dependendo da complexidade, podem ser necess\u00e1rios outros tipos de tramita\u00e7\u00f5es. O requerente ser\u00e1 avisado oportunamente sobre essas circunst\u00e2ncias espec\u00edficas.<\/p>\n","protected":false},"excerpt":{"rendered":"<p>LINK PARA PETICIONAMENTO DE PROCESSO Clique no link acima para iniciar a tramita\u00e7\u00e3o do processo. Ao fazer login no sistema, deve ser selecionado o tipo de Peticionamento (Processo Novo) com o nome referente ao tipo de anu\u00eancia pretendido. \u00c9 poss\u00edvel que haja solicita\u00e7\u00e3o adicional de informa\u00e7\u00f5es ou documentos, a depender do caso concreto. Dependendo da [&hellip;]<\/p>\n","protected":false},"author":117,"featured_media":0,"parent":4032,"menu_order":0,"comment_status":"closed","ping_status":"closed","template":"","meta":{"footnotes":""},"class_list":["post-4751","page","type-page","status-publish","hentry"],"_links":{"self":[{"href":"https:\/\/jundiai.sp.gov.br\/infraestrutura-e-servicos-publicos\/wp-json\/wp\/v2\/pages\/4751","targetHints":{"allow":["GET"]}}],"collection":[{"href":"https:\/\/jundiai.sp.gov.br\/infraestrutura-e-servicos-publicos\/wp-json\/wp\/v2\/pages"}],"about":[{"href":"https:\/\/jundiai.sp.gov.br\/infraestrutura-e-servicos-publicos\/wp-json\/wp\/v2\/types\/page"}],"author":[{"embeddable":true,"href":"https:\/\/jundiai.sp.gov.br\/infraestrutura-e-servicos-publicos\/wp-json\/wp\/v2\/users\/117"}],"replies":[{"embeddable":true,"href":"https:\/\/jundiai.sp.gov.br\/infraestrutura-e-servicos-publicos\/wp-json\/wp\/v2\/comments?post=4751"}],"version-history":[{"count":1,"href":"https:\/\/jundiai.sp.gov.br\/infraestrutura-e-servicos-publicos\/wp-json\/wp\/v2\/pages\/4751\/revisions"}],"predecessor-version":[{"id":4753,"href":"https:\/\/jundiai.sp.gov.br\/infraestrutura-e-servicos-publicos\/wp-json\/wp\/v2\/pages\/4751\/revisions\/4753"}],"up":[{"embeddable":true,"href":"https:\/\/jundiai.sp.gov.br\/infraestrutura-e-servicos-publicos\/wp-json\/wp\/v2\/pages\/4032"}],"wp:attachment":[{"href":"https:\/\/jundiai.sp.gov.br\/infraestrutura-e-servicos-publicos\/wp-json\/wp\/v2\/media?parent=4751"}],"curies":[{"name":"wp","href":"https:\/\/api.w.org\/{rel}","templated":true}]}}